{"id":85382,"date":"2022-05-20T08:50:45","date_gmt":"2022-05-20T06:50:45","guid":{"rendered":"https:\/\/www.seaflowerstore.com\/nl\/kamoer-x2sr-water-change-pump\/"},"modified":"2022-05-20T08:50:45","modified_gmt":"2022-05-20T07:36:49","slug":"kamoer-x2sr-water-change-pump","status":"publish","type":"product","link":"https:\/\/www.seaflowerstore.com\/de\/kamoer-x2sr-water-change-pump\/","title":{"rendered":"Kamoer X2SR Water Change Pump"},"content":{"rendered":"<h2>Kamoer X2SR Water Change Pump to automate regular water changes on your aquarium<\/h2>\n<p>Diese appgesteuerte Wi-Fi-Wasserwechselpumpe ist daf\u00fcr konzipiert, den regelm\u00e4\u00dfigen Wasserwechsel f\u00fcr Ihr Aquarium zu automatisieren und dank der integrierten ATO-Funktion durch Verdunstung verlorenes Wasser wieder aufzuf\u00fcllen. Die Pumpe verwendet zwei hochwertige Schrittmotoren mit Pr\u00e4zisionspumpenk\u00f6pfen f\u00fcr eine genaue Wasserentnahme und -auff\u00fcllung w\u00e4hrend eines Wasserwechsels. Jeder Pumpenkopf ist mit Pharmed BPT-Schl\u00e4uchen ausgestattet, was eine lange Lebensdauer gew\u00e4hrleistet.<\/p>\n<div class=\"background-default\">\n<div class=\"entity entity-paragraphs-item paragraphs-item-three-columns text-with-image three-columns container\">\n<div class=\"content row\">\n<div class=\"col-sm-4\">\n<h3>Kamoer Remote App<\/h3>\n<p>Der X2SR verwendet die Kamoer Remote App f\u00fcr eine einfache und flexible Steuerung. In der App k\u00f6nnen Sie die Pumpe vollst\u00e4ndig an Ihren gew\u00fcnschten Wasserwechselplan, Ihre gew\u00fcnschte Wasserwechselrate und Ihr gew\u00fcnschtes Wasserwechselvolumen anpassen. Sie k\u00f6nnen die Schnell-Hinzuf\u00fcgefunktion verwenden oder individuell Programme hinzuf\u00fcgen, die den Anforderungen Ihres Aquariums entsprechen. Die App erm\u00f6glicht Ihnen au\u00dferdem, die Pumpenk\u00f6pfe zu kalibrieren, den Status der Wasserwechselbeh\u00e4lter zu \u00fcberwachen und benachrichtigt Sie, wenn Probleme auftreten. Wenn Sie \u00fcber einen Router mit dem Internet verbunden sind, k\u00f6nnen Sie alle Firmware-Updates f\u00fcr das Ger\u00e4t herunterladen und auf die Einstellungen von \u00fcberall aus zugreifen, wo Sie \u00fcber eine Internetverbindung auf Ihrem Smartger\u00e4t verf\u00fcgen.<\/p>\n<\/div>\n<div class=\"col-sm-4\">\n<div class=\"image-wrapper\">\n<img loading=\"lazy\" decoding=\"async\" alt=\"\" height=\"320\" src=\"https:\/\/www.theaquariumsolution.com\/sites\/default\/files\/styles\/text-with-image\/public\/image-groups\/images\/X2SR-%E5%A4%96%E8%B4%B8%E8%AF%A6%E6%83%85%E6%A8%A1%E5%9D%975.jpg?itok=fzrS9zHp\" width=\"600\"\/>\n<\/div>\n<h3>Wasserwechseloptionen<\/h3>\n<p>W\u00e4hlen Sie aus zwei Wasserwechseloptionen Modi:<\/p>\n<ul>\n<li><strong>Synchronisiert:<\/strong> Beide Pumpenk\u00f6pfe arbeiten zusammen und stellen sicher, dass die gleiche Menge an sauberem Wasser hinzugef\u00fcgt wird, wie Aquarienwasser entfernt wird, wodurch der Wasserstand stabil bleibt. Dieser Modus ist ideal f\u00fcr langwierige Wasserwechsel oder Situationen, in denen ein Abfall des Wasserstands Probleme verursachen k\u00f6nnte.<\/li>\n<li><strong>Ein und Aus:<\/strong> Dieser Modus funktioniert wie ein Standard-Wasserwechsel, bei dem zuerst eine festgelegte Menge Wasser aus dem Aquarium entfernt wird, gefolgt von der Zugabe von sauberem Wasser, um den urspr\u00fcnglichen Stand wiederherzustellen.<\/li>\n<\/ul>\n<\/div>\n<div class=\"col-sm-4\">\n<h3>Zeitplanoptionen<\/h3>\n<p>In der App k\u00f6nnen Sie Wasserwechsel so programmieren, dass sie an bestimmten Wochentagen oder an jeder festgelegten Anzahl von Tagen erfolgen. Sie k\u00f6nnen beispielsweise Wasserwechsel jeden Montag und Donnerstag oder alle vierzehn Tage planen. F\u00fcr jeden 24-Stunden-Zeitraum, in dem ein Wasserwechsel geplant ist, k\u00f6nnen Sie bis zu 24 individuelle Programme einrichten und so bei Bedarf auch kleinere Wasserwechsel \u00fcber den Tag verteilen. Manuelle Wasserwechsel k\u00f6nnen auch in der App oder durch Dr\u00fccken der Tasten oben auf dem Ger\u00e4t eingeleitet werden, um die einzelnen K\u00f6pfe zu bedienen.<\/p>\n<\/div>\n<\/div>\n<\/div>\n<\/div>\n<div class=\"background-default\">\n<h2 class=\"sub-title\">Funktionen<\/h2>\n<ul>\n<li>Hochwertige Schrittmotoren.<\/li>\n<li>Langlebige Pharmed BPT-Schl\u00e4uche.<\/li>\n<li>Sichere Kompressionsschlauchverbindungen.<\/li>\n<li>Integrierte automatische Frischwassernachf\u00fcllung.<\/li>\n<li>Zwei automatische Wasserwechselmodi.<\/li>\n<li>Programmierbare Wasserwechselfrequenz.<\/li>\n<li>Manuelle Wasserwechselfunktion.<\/li>\n<li>Einstellbare Durchflussrate f\u00fcr beide Pumpenk\u00f6pfe.<\/li>\n<li>Kalibrierungsfunktion f\u00fcr beide Pumpenk\u00f6pfe.<\/li>\n<li>Echtzeituhr mit Batterie-Backup.<\/li>\n<li>Unterst\u00fctzt iOS und Android.<\/li>\n<li>WLAN-Steuerung mit der Kamoer Remote-App.<\/li>\n<li>Firmware-Updates \u00fcber die App.<\/li>\n<li>LEDs f\u00fcr Strom und Pumpenstatus.<\/li>\n<li>Notfall-\u00dcberlaufsensor.<\/li>\n<li>Sensor f\u00fcr automatischen Nachf\u00fcllstand.<\/li>\n<li>Warnsensoren f\u00fcr Wasserwechselbeh\u00e4lter.<\/li>\n<li>Magnetische Sensorhalterungen.<\/li>\n<li>Alarmfunktion.<\/li>\n<\/ul>\n<p><img loading=\"lazy\" decoding=\"async\" alt=\"\" height=\"600\" src=\"https:\/\/www.theaquariumsolution.com\/sites\/default\/files\/styles\/text-with-image\/public\/text-with-images\/x2sr2.PNG?itok=UjCwga8J\" width=\"438\"\/>\n<\/div>\n<div class=\"background-default\">\n<h2 class=\"sub-title\">Spezifikationen<\/h2>\n<ul>\n<li>KHL-B24-Pumpenk\u00f6pfe.<\/li>\n<li>Durchflussrate des Pumpenkopfs zum Wasserwechsel bis zu 900 ml\/min.<\/li>\n<li>Abmessungen: 168 mm (L) x 177 mm (B) x 223 mm (H)<\/li>\n<li>Bis zu 24 Wasserwechselpl\u00e4ne pro Tag.<\/li>\n<li>Stromversorgungseingang: 100\u2013240 VAC<\/li>\n<li>Stromversorgungsausgang: 24 VDC.<\/li>\n<li>9,5 mm x 12,5 mm PVC-Schlauch f\u00fcr Wasserwechselk\u00f6pfe.<\/li>\n<li>24-V-Nachf\u00fcllpumpe.<\/li>\n<li>Maximale Durchflussrate der Nachf\u00fcllpumpe: 600 l\/h.<\/li>\n<li>Maximale F\u00f6rderh\u00f6he der Nachf\u00fcllpumpe: 3,5 m.<\/li>\n<li>8 mm x 11 mm PVC-Schlauch f\u00fcr ATO.<\/li>\n<li>Unterst\u00fctzt 2,4G-WLAN-Netzwerk.<\/li>\n<li>App kompatibel mit iOS 9.1 und Android 4.4 oder h\u00f6her.<\/li>\n<li>Maximale Glasdicke f\u00fcr magnetische Sensorhalterungen: 10 mm.<\/li>\n<li><strong>Dieses Produkt unterst\u00fctzt nur 2,4G-WLAN, nicht 5G-WLAN.<\/strong><\/li>\n<\/ul>\n<\/div>\n<div class=\"background-default\">\n<h2 class=\"sub-title\">Im Lieferumfang enthalten<\/h2>\n<ul>\n<li>X2SR-Einheit mit 2 x KHL-B24-Pumpenk\u00f6pfen.<\/li>\n<li>Messzylinder zur Pumpenkopfkalibrierung.<\/li>\n<li>Stromversorgung.<\/li>\n<li>4 x magnetische Sensorhalterungen.<\/li>\n<li>4 x Schwimmer Sensoren.<\/li>\n<li>3 x Schlauchhalter zum Anklemmen.<\/li>\n<li>Automatische Nachf\u00fcllpumpe.<\/li>\n<li>Anschlusskabel f\u00fcr Nachf\u00fcllpumpe.<\/li>\n<li>Silikonfett f\u00fcr KHL-Pumpenk\u00f6pfe.<\/li>\n<li>6 m PVC-Schlauch 9,5 mm x 12,5 mm.<\/li>\n<li>1,5 m PVC-Schlauch 8 mm x 11 mm.<\/li>\n<li>Kurzanleitung.<\/li>\n<\/ul>\n<p><img loading=\"lazy\" decoding=\"async\" alt=\"\" height=\"487\" src=\"https:\/\/www.theaquariumsolution.com\/sites\/default\/files\/styles\/text-with-image\/public\/text-with-images\/packing%20list.jpg?itok=3xNSNKOs\" width=\"600\"\/>\n<\/div>\n","protected":false},"excerpt":{"rendered":"<p>Kamoer X2SR Water Change Pump to automate regular water changes on your aquarium as well as replenish water lost through evaporation<\/p>\n","protected":false},"featured_media":84209,"template":"","meta":[],"pwb-brand":[2275],"product_cat":[1406],"product_tag":[],"class_list":{"0":"post-85382","1":"product","2":"type-product","3":"status-publish","4":"has-post-thumbnail","6":"pwb-brand-kamoer","7":"product_cat-dosierpumpen","9":"first","10":"instock","11":"taxable","12":"shipping-taxable","13":"purchasable","14":"product-type-simple"},"acf":[],"brands":[{"id":2275,"name":"Kamoer","slug":"kamoer"}],"_links":{"self":[{"href":"https:\/\/www.seaflowerstore.com\/de\/wp-json\/wp\/v2\/product\/85382","targetHints":{"allow":["GET"]}}],"collection":[{"href":"https:\/\/www.seaflowerstore.com\/de\/wp-json\/wp\/v2\/product"}],"about":[{"href":"https:\/\/www.seaflowerstore.com\/de\/wp-json\/wp\/v2\/types\/product"}],"wp:featuredmedia":[{"embeddable":true,"href":"https:\/\/www.seaflowerstore.com\/de\/wp-json\/wp\/v2\/media\/84209"}],"wp:attachment":[{"href":"https:\/\/www.seaflowerstore.com\/de\/wp-json\/wp\/v2\/media?parent=85382"}],"wp:term":[{"taxonomy":"pwb-brand","embeddable":true,"href":"https:\/\/www.seaflowerstore.com\/de\/wp-json\/wp\/v2\/pwb-brand?post=85382"},{"taxonomy":"product_cat","embeddable":true,"href":"https:\/\/www.seaflowerstore.com\/de\/wp-json\/wp\/v2\/product_cat?post=85382"},{"taxonomy":"product_tag","embeddable":true,"href":"https:\/\/www.seaflowerstore.com\/de\/wp-json\/wp\/v2\/product_tag?post=85382"}],"curies":[{"name":"wp","href":"https:\/\/api.w.org\/{rel}","templated":true}]}}