{"id":85383,"date":"2022-05-19T23:38:05","date_gmt":"2022-05-19T21:40:00","guid":{"rendered":"https:\/\/www.seaflowerstore.com\/nl\/neptune-systems-dc24-power-supply\/"},"modified":"2023-10-09T13:17:48","modified_gmt":"2023-10-09T11:17:48","slug":"neptune-systems-dc24-power-supply","status":"publish","type":"product","link":"https:\/\/www.seaflowerstore.com\/de\/neptune-systems-dc24-power-supply\/","title":{"rendered":"Neptune Systems DC24 Power Supply"},"content":{"rendered":"<h2>Neptune Systems DC24 Power Supply<\/h2>\n<p>Der <strong>Neptune Systems Power Adapter Solenoid und PMUP \u2013 24 V \u2013 EU\/UK-Stecker<\/strong> ist ein vielseitiger Power Adapter, der f\u00fcr die PMUP-Pumpe, das SV-1-Magnetventil und die GRO-Beleuchtung entwickelt wurde. Hier sind einige wichtige Funktionen:<\/p>\n<ul>\n<li>Kompatibel mit PMUP-Pumpe, SV-1-Magnetventil und GRO-Beleuchtung.<\/li>\n<li>Erm\u00f6glicht den Betrieb des Magnetventils als eigenst\u00e4ndiges Produkt.<\/li>\n<li>Erfordert Anschluss an EB6 oder EB632.<\/li>\n<li>Ausgestattet mit 220-V-Schuko-Steckdosen im europ\u00e4ischen Stil; ein UK-Steckerkonverter ist im Lieferumfang enthalten.<\/li>\n<\/ul>\n<p>Dieser 24-VDC-Adapter ist perfekt, wenn Sie Ihr Magnetventil unabh\u00e4ngig verwenden m\u00f6chten. Er l\u00e4sst sich einfach an EB6 oder EB632 anschlie\u00dfen, sodass das FMM nicht mehr erforderlich ist. Wenn der Strom eingeschaltet ist, \u00f6ffnet sich das Magnetventil, und wenn der Strom ausgeschaltet ist, schlie\u00dft es sich. Ohne FMM wird das Magnetventil mit Strom aktiviert und ohne deaktiviert.<\/p>\n<p><em>*Bitte beachten Sie, dass dieses Netzteil f\u00fcr 220-V-Schuko-Steckdosen im europ\u00e4ischen Stil ausgelegt ist. F\u00fcr Ihre Bequemlichkeit wird ein UK-Steckerkonverter mitgeliefert.<\/em><\/p>\n","protected":false},"excerpt":{"rendered":"<p>Neptune Systems DC24 Power Supply Suitable for PMUP pump, SV-1 Solenoid Valve and GRO lights<\/p>\n","protected":false},"featured_media":84207,"template":"","meta":[],"pwb-brand":[2179],"product_cat":[1408,1423],"product_tag":[],"class_list":{"0":"post-85383","1":"product","2":"type-product","3":"status-publish","4":"has-post-thumbnail","6":"pwb-brand-neptune-systems","7":"product_cat-computer-de","8":"product_cat-neptune-systems-de","10":"first","11":"outofstock","12":"taxable","13":"shipping-taxable","14":"purchasable","15":"product-type-simple"},"acf":[],"brands":[{"id":2179,"name":"Neptune Systems","slug":"neptune-systems"}],"_links":{"self":[{"href":"https:\/\/www.seaflowerstore.com\/de\/wp-json\/wp\/v2\/product\/85383","targetHints":{"allow":["GET"]}}],"collection":[{"href":"https:\/\/www.seaflowerstore.com\/de\/wp-json\/wp\/v2\/product"}],"about":[{"href":"https:\/\/www.seaflowerstore.com\/de\/wp-json\/wp\/v2\/types\/product"}],"wp:featuredmedia":[{"embeddable":true,"href":"https:\/\/www.seaflowerstore.com\/de\/wp-json\/wp\/v2\/media\/84207"}],"wp:attachment":[{"href":"https:\/\/www.seaflowerstore.com\/de\/wp-json\/wp\/v2\/media?parent=85383"}],"wp:term":[{"taxonomy":"pwb-brand","embeddable":true,"href":"https:\/\/www.seaflowerstore.com\/de\/wp-json\/wp\/v2\/pwb-brand?post=85383"},{"taxonomy":"product_cat","embeddable":true,"href":"https:\/\/www.seaflowerstore.com\/de\/wp-json\/wp\/v2\/product_cat?post=85383"},{"taxonomy":"product_tag","embeddable":true,"href":"https:\/\/www.seaflowerstore.com\/de\/wp-json\/wp\/v2\/product_tag?post=85383"}],"curies":[{"name":"wp","href":"https:\/\/api.w.org\/{rel}","templated":true}]}}