{"id":85385,"date":"2022-05-12T20:51:26","date_gmt":"2022-05-12T18:51:26","guid":{"rendered":"https:\/\/www.seaflowerstore.com\/nl\/hanna-hi783-25-magnesium-reagent\/"},"modified":"2025-08-11T18:33:59","modified_gmt":"2025-08-11T16:33:59","slug":"hanna-hi783-25-magnesium-reagent","status":"publish","type":"product","link":"https:\/\/www.seaflowerstore.com\/de\/hanna-hi783-25-magnesium-reagent\/","title":{"rendered":"Hanna HI783-25 Magnesium reagent"},"content":{"rendered":"<h2>Hanna HI783-25 Magnesium reagent (seawater) for usage with the Hanna HI783 magnesium checker<\/h2>\n<p>Magnesium ist das dritth\u00e4ufigste Ion im Meerwasser, direkt nach Natrium und Chlorid. Seine Anwesenheit ist wichtig f\u00fcr die Bildung schwacher Ionenpaare mit Carbonationen, wodurch Kalzium- und Carbonationen f\u00fcr Korallen und Wirbellose zur Aufnahme verf\u00fcgbar werden.<\/p>\n<p>Wenn der Magnesiumspiegel niedrig ist, kann dies zu instabilen Kalzium- und Alkalinit\u00e4tswerten f\u00fchren. Einige Anzeichen f\u00fcr einen Magnesiummangel sind die Ausf\u00e4llung von Kalzium als unl\u00f6sliches Kalziumkarbonat sowie das beeintr\u00e4chtigte Wachstum und die Gesundheit der Meeresbewohner.<\/p>\n","protected":false},"excerpt":{"rendered":"<p>Hanna HI783-25 Magnesium reagent (seawater) for usage with the Hanna HI783 magnesium checker<\/p>\n","protected":false},"featured_media":84449,"template":"","meta":[],"pwb-brand":[2229],"product_cat":[1400],"product_tag":[],"class_list":{"0":"post-85385","1":"product","2":"type-product","3":"status-publish","4":"has-post-thumbnail","6":"pwb-brand-hanna-instruments","7":"product_cat-tester","9":"first","10":"outofstock","11":"taxable","12":"shipping-taxable","13":"purchasable","14":"product-type-simple"},"acf":[],"brands":[{"id":2229,"name":"Hanna Instruments","slug":"hanna-instruments"}],"_links":{"self":[{"href":"https:\/\/www.seaflowerstore.com\/de\/wp-json\/wp\/v2\/product\/85385","targetHints":{"allow":["GET"]}}],"collection":[{"href":"https:\/\/www.seaflowerstore.com\/de\/wp-json\/wp\/v2\/product"}],"about":[{"href":"https:\/\/www.seaflowerstore.com\/de\/wp-json\/wp\/v2\/types\/product"}],"wp:featuredmedia":[{"embeddable":true,"href":"https:\/\/www.seaflowerstore.com\/de\/wp-json\/wp\/v2\/media\/84449"}],"wp:attachment":[{"href":"https:\/\/www.seaflowerstore.com\/de\/wp-json\/wp\/v2\/media?parent=85385"}],"wp:term":[{"taxonomy":"pwb-brand","embeddable":true,"href":"https:\/\/www.seaflowerstore.com\/de\/wp-json\/wp\/v2\/pwb-brand?post=85385"},{"taxonomy":"product_cat","embeddable":true,"href":"https:\/\/www.seaflowerstore.com\/de\/wp-json\/wp\/v2\/product_cat?post=85385"},{"taxonomy":"product_tag","embeddable":true,"href":"https:\/\/www.seaflowerstore.com\/de\/wp-json\/wp\/v2\/product_tag?post=85385"}],"curies":[{"name":"wp","href":"https:\/\/api.w.org\/{rel}","templated":true}]}}