{"id":85386,"date":"2022-05-12T20:17:25","date_gmt":"2022-05-12T18:26:05","guid":{"rendered":"https:\/\/www.seaflowerstore.com\/nl\/hanna-hi783-magnesium-pocket-checker-saltwater\/"},"modified":"2022-05-12T20:17:25","modified_gmt":"2022-05-12T18:26:05","slug":"hanna-hi783-magnesium-pocket-checker-saltwater","status":"publish","type":"product","link":"https:\/\/www.seaflowerstore.com\/de\/hanna-hi783-magnesium-pocket-checker-saltwater\/","title":{"rendered":"Hanna HI783 Magnesium pocket checker (saltwater)"},"content":{"rendered":"<h2>Hanna HI783 Magnesium pocket checker is suitable for reef aquariums<\/h2>\n<p>Der Magnesium Checker\u00ae HC f\u00fcr Meerwasser ist ein handliches Kolorimeter, das die Magnesiumkonzentration durch kolorimetrische Analyse misst. Dieses Ger\u00e4t wurde speziell f\u00fcr den Einsatz in Meerwasseraquarien entwickelt und verwendet das Lambert-Beer-Prinzip, um den Magnesiumspiegel genau zu bestimmen. Der Messbereich von 1000 bis 1800 ppm ist perfekt f\u00fcr Riffaquarien, in denen Fische oder sowohl Fische als auch Korallen leben.<\/p>\n<p>Magnesium ist nach Natrium und Chlorid das dritth\u00e4ufigste Ion im Meerwasser. Seine Bedeutung liegt in der Bildung schwacher Ionenpaare mit Carbonationen, wodurch Kalzium- und Carbonationen von Korallen und Wirbellosen absorbiert werden k\u00f6nnen. Ein niedriger Magnesiumspiegel kann zu instabilen Kalzium- und Alkalinit\u00e4tswerten f\u00fchren. Symptome eines niedrigen Magnesiumspiegels sind Kalziumausf\u00e4llungen als unl\u00f6sliches Kalziumkarbonat sowie beeintr\u00e4chtigtes Wachstum und allgemeine Gesundheit Ihrer Wasserbewohner.<\/p>\n<p>Die CHECKER\u00ae HC Mini-Photometer stellen eine gro\u00dfartige Alternative zwischen einfachen chemischen Testkits und kompakten Messger\u00e4ten dar. Diese benutzerfreundlichen Photometer vereinen Genauigkeit mit Erschwinglichkeit und verf\u00fcgen \u00fcber ein gro\u00dfes LCD und eine Ein-Knopf-Bedienung. Dar\u00fcber hinaus tr\u00e4gt die automatische Abschaltfunktion dazu bei, die Batterielebensdauer zu verl\u00e4ngern.<\/p>\n<p><img decoding=\"async\" src=\"https:\/\/www.whitecorals.com\/media\/images\/category\/HannaMarineCheckerMagnesium.jpg\" alt=\"\" \/><br \/>\n<img decoding=\"async\" class=\"alignright\" src=\"https:\/\/www.whitecorals.com\/media\/images\/category\/HannaCheckerMagnesiumpictogrammes.jpg\" alt=\"\" \/><\/p>\n<p><strong>Empfehlungen f\u00fcr Benutzer<\/strong><\/p>\n<p>Bevor Sie dieses Produkt verwenden, stellen Sie bitte sicher, dass es f\u00fcr Ihre spezifische Anwendung und die Umgebung, in der Sie es verwenden m\u00f6chten, vollst\u00e4ndig geeignet ist. Jegliche vom Benutzer an der mitgelieferten Ausr\u00fcstung vorgenommenen \u00c4nderungen k\u00f6nnen die Leistung des Pr\u00fcfers beeintr\u00e4chtigen. Vermeiden Sie zu Ihrer eigenen Sicherheit und der des Pr\u00fcfers die Verwendung oder Lagerung in gef\u00e4hrlichen Umgebungen.<\/p>\n<p><strong>Tipps f\u00fcr eine genaue Messung<\/strong><\/p>\n<ul>\n<li>Messen Sie Fl\u00fcssigkeiten genau mit einer Spritze, indem Sie den Kolben nach oben ziehen, bis die untere Dichtung die gew\u00fcnschte Volumenmarkierung erreicht. Vermeiden Sie es, die Fl\u00fcssigkeit bis zur Markierung anzuheben, da dies zu einem falsch hohen Volumen f\u00fchren kann. Es ist normal, dass zwischen Kolben und Fl\u00fcssigkeit ein Luftspalt vorhanden ist. Zur Orientierung siehe das Bild rechts.<\/li>\n<li>Verwenden Sie immer saubere, trockene K\u00fcvetten und Spritzen\/Spitzen. Sp\u00fclen Sie sie nur mit deionisiertem (RODI) Wasser; verwenden Sie niemals Tankwasser. Stellen Sie sicher, dass die K\u00fcvetten vor der Verwendung trocken sind, um eine Verd\u00fcnnung zu vermeiden.<\/li>\n<li>Stellen Sie sicher, dass die Probe frei von R\u00fcckst\u00e4nden ist.<\/li>\n<li>Wenn Sie die K\u00fcvette in den Pr\u00fcfer einsetzen, stellen Sie sicher, dass sie au\u00dfen trocken und frei von Fingerabdr\u00fccken, \u00d6l und Schmutz ist.<\/li>\n<li>Wischen Sie die K\u00fcvette vor dem Einsetzen gr\u00fcndlich mit dem Mikrofaser-Reinigungstuch HI731318 oder einem fusselfreien Tuch ab.<\/li>\n<li>Vermeiden Sie das Sch\u00fctteln der K\u00fcvette, da dadurch Blasen entstehen k\u00f6nnen, die zu h\u00f6heren Messwerten f\u00fchren. Um genaue Messungen zu erzielen, schwenken oder klopfen Sie die K\u00fcvette vorsichtig, um Blasen zu entfernen.<\/li>\n<li>Lassen Sie die reagierte Probe nach Zugabe des Reagenzes nicht zu lange stehen, da dies die Genauigkeit beeintr\u00e4chtigt.<\/li>\n<li>Entsorgen Sie die Probe sofort nach der Messung, um eine dauerhafte Verf\u00e4rbung des Glases zu vermeiden.<\/li>\n<li>Bewahren Sie die Spitzen w\u00e4hrend der Messung bei den entsprechenden Spritzen auf und reinigen Sie die Spritzen und Spitzen, bevor Sie sie aufbewahren.<\/li>\n<\/ul>\n<p><strong>Lieferumfang:<\/strong><\/p>\n<p>Jedes HI783 ist in einem Etui mit einem benutzerdefinierten Einsatz verpackt und enth\u00e4lt:<\/p>\n<ul>\n<li>Probenk\u00fcvette und Kappe (2 St\u00fcck)<\/li>\n<li>Starterkit f\u00fcr Marine-Magnesium-Reagenzien (Reagenzien f\u00fcr 25 Tests)<\/li>\n<li>1-ml-Spritze und Spitze mit Graduierung (1 St\u00fcck)<\/li>\n<li>5-ml-Spritze und Spitze mit schwarzem Aufdruck (1 St\u00fcck)<\/li>\n<li>5-ml-Spritze und Spitze mit blauem Aufdruck (1 St\u00fcck)<\/li>\n<li>1,5-V-AAA-Alkalibatterie (1 St\u00fcck)<\/li>\n<li>Bedienungsanleitung<\/li>\n<li>Kurzanleitung<\/li>\n<\/ul>\n","protected":false},"excerpt":{"rendered":"<p>Hanna HI783 Magnesium pocket checker is suitable for reef aquariums<\/p>\n","protected":false},"featured_media":84203,"template":"","meta":[],"pwb-brand":[2229],"product_cat":[1400],"product_tag":[],"class_list":{"0":"post-85386","1":"product","2":"type-product","3":"status-publish","4":"has-post-thumbnail","6":"pwb-brand-hanna-instruments","7":"product_cat-tester","9":"first","10":"instock","11":"taxable","12":"shipping-taxable","13":"purchasable","14":"product-type-simple"},"acf":[],"brands":[{"id":2229,"name":"Hanna Instruments","slug":"hanna-instruments"}],"_links":{"self":[{"href":"https:\/\/www.seaflowerstore.com\/de\/wp-json\/wp\/v2\/product\/85386","targetHints":{"allow":["GET"]}}],"collection":[{"href":"https:\/\/www.seaflowerstore.com\/de\/wp-json\/wp\/v2\/product"}],"about":[{"href":"https:\/\/www.seaflowerstore.com\/de\/wp-json\/wp\/v2\/types\/product"}],"wp:featuredmedia":[{"embeddable":true,"href":"https:\/\/www.seaflowerstore.com\/de\/wp-json\/wp\/v2\/media\/84203"}],"wp:attachment":[{"href":"https:\/\/www.seaflowerstore.com\/de\/wp-json\/wp\/v2\/media?parent=85386"}],"wp:term":[{"taxonomy":"pwb-brand","embeddable":true,"href":"https:\/\/www.seaflowerstore.com\/de\/wp-json\/wp\/v2\/pwb-brand?post=85386"},{"taxonomy":"product_cat","embeddable":true,"href":"https:\/\/www.seaflowerstore.com\/de\/wp-json\/wp\/v2\/product_cat?post=85386"},{"taxonomy":"product_tag","embeddable":true,"href":"https:\/\/www.seaflowerstore.com\/de\/wp-json\/wp\/v2\/product_tag?post=85386"}],"curies":[{"name":"wp","href":"https:\/\/api.w.org\/{rel}","templated":true}]}}