{"id":85389,"date":"2022-04-27T17:26:32","date_gmt":"2022-04-27T15:29:55","guid":{"rendered":"https:\/\/www.seaflowerstore.com\/nl\/microbelift-artemia\/"},"modified":"2022-04-27T17:26:32","modified_gmt":"2022-04-27T15:29:55","slug":"microbelift-artemia","status":"publish","type":"product","link":"https:\/\/www.seaflowerstore.com\/de\/microbelift-artemia\/","title":{"rendered":"Microbelift Artemia"},"content":{"rendered":"<h2 class=\"page-title\"><span class=\"base\" data-ui-id=\"page-title-wrapper\">Microbelift Artemia Ready-Mix brine shrimp eggs &amp; salt 195gr For easy culturing of Artemia brine shrimps<\/span><\/h2>\n<p><strong>Artemia<\/strong> ist eine fantastische Mischung aus Salz- und Artemia-Eiern, die die Zucht von Artemia-Artemia vereinfacht. Diese kleinen Kerlchen sind eine gro\u00dfartige Quelle f\u00fcr Lebendfutter, das sowohl in Salz- als auch in S\u00fc\u00dfwasseraquarien f\u00fcr leuchtende Farben, Vitalit\u00e4t und gesundes Wachstum sorgt. Dar\u00fcber hinaus sind Artemia-Nauplien das perfekte Futter f\u00fcr die Aufzucht von Jungfischen und eignen sich hervorragend zur F\u00fctterung von Korallen und Wirbellosen.<\/p>\n<div class=\"col-md-5 col-md-offset-1\">\n<h3><strong>Dosierung:<\/strong> Verwenden Sie einen geeigneten Artemia-Zuchtbeh\u00e4lter!<\/h3>\n<ul>\n<li>F\u00fcgen Sie 3 L\u00f6ffel (~16 g) der Artemia-Fertigmischung zu 500 ml Leitungswasser hinzu.<\/li>\n<li>Warten Sie 24\u201348 Stunden und f\u00fcttern Sie die Artemia\/Nauplien als Lebendfutter an Ihre Fische, Korallen und Wirbellosen.<\/li>\n<\/ul>\n<\/div>\n","protected":false},"excerpt":{"rendered":"<p class=\"page-title\"><span class=\"base\" data-ui-id=\"page-title-wrapper\">Microbelift Artemia Ready-Mix brine shrimp eggs &amp; salt For easy culturing of Artemia brine shrimps<\/span><\/p>\n","protected":false},"featured_media":84199,"template":"","meta":[],"pwb-brand":[2253],"product_cat":[1497],"product_tag":[],"class_list":{"0":"post-85389","1":"product","2":"type-product","3":"status-publish","4":"has-post-thumbnail","6":"pwb-brand-arka","7":"product_cat-artemia-zucht","9":"first","10":"instock","11":"taxable","12":"shipping-taxable","13":"purchasable","14":"product-type-simple"},"acf":[],"brands":[{"id":2253,"name":"Arka","slug":"arka"}],"_links":{"self":[{"href":"https:\/\/www.seaflowerstore.com\/de\/wp-json\/wp\/v2\/product\/85389","targetHints":{"allow":["GET"]}}],"collection":[{"href":"https:\/\/www.seaflowerstore.com\/de\/wp-json\/wp\/v2\/product"}],"about":[{"href":"https:\/\/www.seaflowerstore.com\/de\/wp-json\/wp\/v2\/types\/product"}],"wp:featuredmedia":[{"embeddable":true,"href":"https:\/\/www.seaflowerstore.com\/de\/wp-json\/wp\/v2\/media\/84199"}],"wp:attachment":[{"href":"https:\/\/www.seaflowerstore.com\/de\/wp-json\/wp\/v2\/media?parent=85389"}],"wp:term":[{"taxonomy":"pwb-brand","embeddable":true,"href":"https:\/\/www.seaflowerstore.com\/de\/wp-json\/wp\/v2\/pwb-brand?post=85389"},{"taxonomy":"product_cat","embeddable":true,"href":"https:\/\/www.seaflowerstore.com\/de\/wp-json\/wp\/v2\/product_cat?post=85389"},{"taxonomy":"product_tag","embeddable":true,"href":"https:\/\/www.seaflowerstore.com\/de\/wp-json\/wp\/v2\/product_tag?post=85389"}],"curies":[{"name":"wp","href":"https:\/\/api.w.org\/{rel}","templated":true}]}}