{"id":85390,"date":"2022-04-13T11:43:21","date_gmt":"2022-04-13T09:43:21","guid":{"rendered":"https:\/\/www.seaflowerstore.com\/nl\/cade-flow-kit-with-3-4in-random-flow-generator-25mm-adapter\/"},"modified":"2022-04-13T11:43:21","modified_gmt":"2022-04-13T09:43:21","slug":"cade-flow-kit-with-3-4in-random-flow-generator-25mm-adapter","status":"publish","type":"product","link":"https:\/\/www.seaflowerstore.com\/de\/cade-flow-kit-with-3-4in-random-flow-generator-25mm-adapter\/","title":{"rendered":"CADE Flow Kit with 3\/4in Random Flow Generator &amp; 25mm adapter"},"content":{"rendered":"<h2>CADE Flow Kit with 3\/4inch Random Flow Generator &amp; 25mm adapter<\/h2>\n<p>Dieses innovative Kit erzeugt ein zuf\u00e4lliges Str\u00f6mungsmuster in Ihrem Riffaquarium oder Teich ohne bewegliche Teile!<\/p>\n<ul>\n<li>Verf\u00fcgt \u00fcber einen weiblichen Steckanschluss f\u00fcr ein Rohr mit 25 mm Au\u00dfendurchmesser.<\/li>\n<li>Die Installation ist ein Kinderspiel \u2013 es sind weder Klebeband noch Klebstoff erforderlich.<\/li>\n<li>Hergestellt aus riffsicherem PETG-Kunststoff.<\/li>\n<\/ul>\n<p><span id=\"tablepress-4-no-2-description\" class=\"tablepress-table-description tablepress-table-description-id-4\"><strong>Durchflussempfehlungen<\/strong> Die RFG-D\u00fcse kann deutlich mehr Durchfluss bew\u00e4ltigen als die \u201eoptimalen\u201c Gallonen pro Stunde (GPH)-Empfehlungen. Wir ermutigen Sie, zu experimentieren und die Grenzen der RFG-D\u00fcsen zu entdecken.<\/span><\/p>\n<div id=\"tablepress-4-no-2_wrapper\" class=\"dataTables_wrapper no-footer\">\n<table id=\"tablepress-4-no-2\" class=\"tablepress tablepress-id-4 flow_numbers dataTable no-footer\" role=\"grid\" aria-describedby=\"tablepress-4-no-2-description\">\n<thead>\n<tr class=\"row-1 odd\" role=\"row\">\n<th class=\"column-1 sorting_disabled\" colspan=\"1\" rowspan=\"1\">Modell<\/th>\n<th class=\"column-2 sorting_disabled\" colspan=\"1\" rowspan=\"1\">Minimale LPH<\/th>\n<th class=\"column-3 sorting_disabled\" colspan=\"1\" rowspan=\"1\">Optimale LPH<\/th>\n<\/tr>\n<\/thead>\n<tbody class=\"row-hover\">\n<tr class=\"row-2 even\">\n<td class=\"column-1\">3\/4 Zoll RFG<\/td>\n<td class=\"column-2\">680-757<\/td>\n<td class=\"column-3\">1590-1890<\/td>\n<\/tr>\n<\/tbody>\n<\/table>\n<\/div>\n","protected":false},"excerpt":{"rendered":"<p>VCA CADE Flow Kit Creates a random flow pattern in your Reef tank or Pond with no moving parts!<\/p>\n","protected":false},"featured_media":84193,"template":"","meta":[],"pwb-brand":[2269],"product_cat":[1429],"product_tag":[],"class_list":{"0":"post-85390","1":"product","2":"type-product","3":"status-publish","4":"has-post-thumbnail","6":"pwb-brand-vca","7":"product_cat-vivid-creative-aquatics-de","9":"first","10":"outofstock","11":"taxable","12":"shipping-taxable","13":"purchasable","14":"product-type-simple"},"acf":[],"brands":[{"id":2269,"name":"VCA","slug":"vca"}],"_links":{"self":[{"href":"https:\/\/www.seaflowerstore.com\/de\/wp-json\/wp\/v2\/product\/85390","targetHints":{"allow":["GET"]}}],"collection":[{"href":"https:\/\/www.seaflowerstore.com\/de\/wp-json\/wp\/v2\/product"}],"about":[{"href":"https:\/\/www.seaflowerstore.com\/de\/wp-json\/wp\/v2\/types\/product"}],"wp:featuredmedia":[{"embeddable":true,"href":"https:\/\/www.seaflowerstore.com\/de\/wp-json\/wp\/v2\/media\/84193"}],"wp:attachment":[{"href":"https:\/\/www.seaflowerstore.com\/de\/wp-json\/wp\/v2\/media?parent=85390"}],"wp:term":[{"taxonomy":"pwb-brand","embeddable":true,"href":"https:\/\/www.seaflowerstore.com\/de\/wp-json\/wp\/v2\/pwb-brand?post=85390"},{"taxonomy":"product_cat","embeddable":true,"href":"https:\/\/www.seaflowerstore.com\/de\/wp-json\/wp\/v2\/product_cat?post=85390"},{"taxonomy":"product_tag","embeddable":true,"href":"https:\/\/www.seaflowerstore.com\/de\/wp-json\/wp\/v2\/product_tag?post=85390"}],"curies":[{"name":"wp","href":"https:\/\/api.w.org\/{rel}","templated":true}]}}