{"id":85392,"date":"2022-04-09T16:23:19","date_gmt":"2022-04-09T14:26:08","guid":{"rendered":"https:\/\/www.seaflowerstore.com\/nl\/ghl-tube-holder-5\/"},"modified":"2025-12-13T15:35:14","modified_gmt":"2025-12-13T14:35:14","slug":"ghl-tube-holder-5","status":"publish","type":"product","link":"https:\/\/www.seaflowerstore.com\/de\/ghl-tube-holder-5\/","title":{"rendered":"GHL Tube holder 5"},"content":{"rendered":"<h2>GHL Tube holder 5<\/h2>\n<p>Der GHL-R\u00f6hrenhalter ist f\u00fcr die Aufnahme von bis zu 5 R\u00f6hren mit einem Au\u00dfendurchmesser von 5 bis 10 mm und einer maximalen Glasdicke von 12 mm ausgelegt. Dieser Halter wird mit einer praktischen Magnethalterung zur einfachen Befestigung geliefert.<\/p>\n","protected":false},"excerpt":{"rendered":"<p>GHL Tube holder 5 is a transparant Holder for 5 dosing tubes<\/p>\n","protected":false},"featured_media":84191,"template":"","meta":[],"pwb-brand":[2157],"product_cat":[1420],"product_tag":[],"class_list":{"0":"post-85392","1":"product","2":"type-product","3":"status-publish","4":"has-post-thumbnail","6":"pwb-brand-ghl","7":"product_cat-doseerpomp-accessoires-de","9":"first","10":"instock","11":"taxable","12":"shipping-taxable","13":"purchasable","14":"product-type-simple"},"acf":[],"brands":[{"id":2157,"name":"GHL","slug":"ghl"}],"_links":{"self":[{"href":"https:\/\/www.seaflowerstore.com\/de\/wp-json\/wp\/v2\/product\/85392","targetHints":{"allow":["GET"]}}],"collection":[{"href":"https:\/\/www.seaflowerstore.com\/de\/wp-json\/wp\/v2\/product"}],"about":[{"href":"https:\/\/www.seaflowerstore.com\/de\/wp-json\/wp\/v2\/types\/product"}],"wp:featuredmedia":[{"embeddable":true,"href":"https:\/\/www.seaflowerstore.com\/de\/wp-json\/wp\/v2\/media\/84191"}],"wp:attachment":[{"href":"https:\/\/www.seaflowerstore.com\/de\/wp-json\/wp\/v2\/media?parent=85392"}],"wp:term":[{"taxonomy":"pwb-brand","embeddable":true,"href":"https:\/\/www.seaflowerstore.com\/de\/wp-json\/wp\/v2\/pwb-brand?post=85392"},{"taxonomy":"product_cat","embeddable":true,"href":"https:\/\/www.seaflowerstore.com\/de\/wp-json\/wp\/v2\/product_cat?post=85392"},{"taxonomy":"product_tag","embeddable":true,"href":"https:\/\/www.seaflowerstore.com\/de\/wp-json\/wp\/v2\/product_tag?post=85392"}],"curies":[{"name":"wp","href":"https:\/\/api.w.org\/{rel}","templated":true}]}}