{"id":85393,"date":"2022-04-07T18:04:55","date_gmt":"2022-04-07T16:13:18","guid":{"rendered":"https:\/\/www.seaflowerstore.com\/nl\/grotech-basic-set-mineral\/"},"modified":"2022-04-07T18:04:55","modified_gmt":"2022-04-07T16:13:18","slug":"grotech-basic-set-mineral","status":"publish","type":"product","link":"https:\/\/www.seaflowerstore.com\/de\/grotech-basic-set-mineral\/","title":{"rendered":"Grotech Basic Set Mineral"},"content":{"rendered":"<h2>Grotech Basic Set Mineral<\/h2>\n<p><strong>Das Grotech Basic Set Mineral Set beinhaltet 1x Dosis Karbonat \u2013 1000g, Calcium 750g und Mineral Pro Instant 1000g.<\/strong><\/p>\n<p><u><strong>Anwendung des Balling-Systems mit Grotech Karbonat, Calcium, Mineral und Magnesium Pro Instant.<\/strong><\/u> Das Grotech Balling-System erf\u00fcllt bei richtiger Anwendung die Anforderungen Ihres Meerwasseraquariums, indem es wichtige Makroelemente wie Karbonat, Calcium und Magnesium liefert. Daher ist die Verwendung eines Calciumreaktors nicht erforderlich.<\/p>\n<p>Das Grotech Balling-System enth\u00e4lt Grotech Karbonat, Calcium, Mineral und Magnesium Pro Instant. Bei richtiger Anwendung erf\u00fcllt es die Anforderungen an Karbonath\u00e4rte, Calcium und Magnesium in Ihrem Meerwasseraquarium vollst\u00e4ndig. Diese Elemente werden durch gesundes Korallenwachstum verbraucht und m\u00fcssen st\u00e4ndig in den richtigen Mengen nachgeliefert werden.<\/p>\n<p><strong><u>Vorgehensweise:<\/u><\/strong><\/p>\n<ul>\n<li>\u00dcberwachen Sie Ihren kH-Wert \u00fcber mehrere Tage, um den t\u00e4glichen Verbrauch Ihres Aquariums abzusch\u00e4tzen.<\/li>\n<li>Berechnen Sie die zu dosierende Karbonatmenge pro Balling-L\u00f6sung.<\/li>\n<li>Hierf\u00fcr haben wir einen kostenlosen Rechner unter <a href=\"https:\/\/www.calculator.grotech.de\/\" rel=\"noopener nofollow\" target=\"_blank\">https:\/\/www.calculator.grotech.de<\/a> bereitgestellt.<\/li>\n<li>Verabreichen Sie diese Menge \u00fcber mehrere Tage und pr\u00fcfen Sie, ob die Zugabe ausreicht, um einen stabilen kH-Wert in Ihrem Riffaquarium aufrechtzuerhalten. Der Ziel-kH-Wert sollte zwischen \u00b0dkH 7 und \u00b0dkH 10 liegen.<\/li>\n<li>Gleichzeitig sollten die Calcium- und Mineral Pro Instant Balling-L\u00f6sungen in den gleichen Mengen wie die Carbonat-pro-Instant-Balling-L\u00f6sung dosiert werden.<\/li>\n<li>Passen Sie bei Bedarf die t\u00e4gliche Dosierung entsprechend an.<\/li>\n<\/ul>\n<p>Normalerweise sind die Verbrauchsraten f\u00fcr Carbonat-, Calcium- und Mineral Pro Instant Balling-L\u00f6sungen \u00e4hnlich. Dies bedeutet, dass die drei L\u00f6sungen in gleichen Teilen dosiert werden sollten, abgestimmt auf den berechneten Verbrauch der kH-L\u00f6sung. Idealerweise sollte die Dosierung in kleineren Portionen \u00fcber den Tag verteilt werden. GROTECH Dosierpumpen sind hierf\u00fcr perfekt geeignet. Es ist jedoch ratsam, die Mengen der einzelnen L\u00f6sungen regelm\u00e4\u00dfig zu \u00fcberpr\u00fcfen und gegebenenfalls anzupassen.<\/p>\n<p>Die Mineral Pro Instant Balling-L\u00f6sung hat einen hohen Magnesiumgehalt und deckt in der Regel den Magnesiumbedarf des Aquariums. Dar\u00fcber hinaus kann die Verwendung von Mineral Pro Instant die Intervalle zwischen den Wasserwechseln verl\u00e4ngern, da es etwaige Ionenverschiebungen ausgleicht. Sollte dennoch ein Magnesiummangel festgestellt werden, kann aus der vierten Komponente Magnesium Pro Instant eine separate L\u00f6sung hergestellt und nach Bedarf dosiert werden.<\/p>\n<h3><strong><u>Mineral Pro Instant 1000g<\/u><\/strong><\/h3>\n<p><strong><u>Natriumchloridfreies Meersalz \/ Mineralsalz f\u00fcr Umkehrosmosewasser<\/u><\/strong> Meersalz besteht haupts\u00e4chlich zu ca. 78% aus Kochsalz (NaCl2). Bei der Balling-Methode wird neben der Calciumzufuhr auch eine erhebliche Menge Kochsalz eingebracht, die sich im Meerwasseraquarium anreichert. Die Zugabe von Mineral Pro Instant gleicht dies aus und sorgt f\u00fcr einen ausgeglichenen Ionenhaushalt.<\/p>\n<p><strong><u>Anmischen einer Balling-Basisl\u00f6sung:<\/u><\/strong> 25g Mineral Pro Instant in eine Messkappe abmessen und mit Umkehrosmosewasser auf 1000ml auff\u00fcllen. Die Balling Stamml\u00f6sungen von Carbonat, Calcium, Magnesium und Mineral Pro Instant m\u00fcssen zu gleichen Teilen und getrennt voneinander dosiert werden!<\/p>\n<p>Aufgrund seines hohen Magnesium-, Mineral- und Spurenelementgehalts eignet sich Mineral Pro Instant auch zur Aufh\u00e4rtung und Mineralisierung von S\u00fc\u00dfwasser sowie zur Remineralisierung von Umkehrosmosewasser. Durch Zugabe von 1 Essl\u00f6ffel Mineral Pro Instant pro 10 Liter Umkehrosmosewasser wird dieses remineralisiert und demineralisiertes Wasser erh\u00e4lt lebenswichtige Mineralstoffe und Spurenelemente zur\u00fcck.<\/p>\n<h3 class=\"fn product-title\"><strong>Calcium Pro Instant 750g<\/strong><\/h3>\n<p>In einem Meerwasseraquarium werden erhebliche Mengen an Calcium und Magnesium ben\u00f6tigt. Calcium Pro Instant ist eine gebrauchsfertige Calciummischung, die entweder zum Herstellen einer Basisl\u00f6sung verwendet oder direkt ins Aquarium gegeben werden kann.<\/p>\n<p><strong><u>Anmischen einer Balling-Basisl\u00f6sung:<\/u><\/strong> 54g Calcium Pro Instant in eine Messkappe abmessen und mit Umkehrosmosewasser auf 1000ml auff\u00fcllen. Die Balling-Stamml\u00f6sungen Carbonate, Calcium, Magnesium und Mineral Pro Instant m\u00fcssen zu gleichen Teilen und getrennt voneinander dosiert werden!<\/p>\n<p><strong><u>Anmischen einer Basisl\u00f6sung:<\/u><\/strong> 750g Calcium Pro Instant in einen Messbecher geben und mit Umkehrosmosewasser auf 2000ml auff\u00fcllen. Diese L\u00f6sung enth\u00e4lt 135.000 mg\/L Calcium (Ca). Durch Zugabe von 7,4ml dieser Basisl\u00f6sung erh\u00f6ht sich der Ca-Gehalt um ca. 10mg pro 100 Liter Aquarienwasser. Genaueres siehe Dosierungstabelle! Bitte beachten Sie, dass die L\u00f6sung beim Aufl\u00f6sen sehr hei\u00df wird. Achten Sie auf die Verwendung eines geeigneten Kunststoffbeh\u00e4lters.<\/p>\n<p><img loading=\"lazy\" decoding=\"async\" align=\"left\" alt=\"\" height=\"161\" src=\"https:\/\/grotech-shop.de\/mediafiles\/Sonstiges\/Calcium_Tabelle.JPG\" width=\"700\"\/><\/p>\n<p><strong>Direktdosierung:<\/strong> Ein Messl\u00f6ffel (ca. 6,5g) bewirkt eine Erh\u00f6hung des Calciumgehalts um ca. 24mg\/L pro 100 Liter Aquarienwasser. Bei gr\u00f6\u00dferen Abweichungen sollte die Menge \u00fcber mehrere Tage langsam erh\u00f6ht werden. Bitte direkt in den Filterbereich an einer sauerstoffreichen Stelle dosieren.<\/p>\n<p><strong>Bei der Anwendung von Calcium Pro Instant im Aquarium bitte regelm\u00e4\u00dfig den Calciumgehalt des Aquarienwassers kontrollieren. Der optimale Wert liegt bei etwa 380-450mg\/L.<\/strong><\/p>\n<h3 class=\"fn product-title\">Carbonate Pro Instant 1000g<\/h3>\n<p><strong>Sofort verf\u00fcgbarer Karbonath\u00e4rte- + pH-Puffer<\/strong> Die Stabilit\u00e4t des pH-Werts in einem Meerwasseraquarium ist entscheidend. Carbonate Pro Instant ist ein spezieller Puffer und Karbonath\u00e4rte-(kH)-Bildner, der hilft, den pH-Wert zwischen 8,0 und 8,3 zu stabilisieren und die durch Ausf\u00e4llung und biologische Prozesse verbrauchte Karbonath\u00e4rte zu ersetzen. Carbonate Pro Instant sch\u00fctzt so vor sch\u00e4dlichen pH-Schwankungen. Im Riffaquarium liegt der ideale kH-Wert bei ca. 7 &#8211; 10\u00b0 kH.<\/p>\n<p>Carbonate Pro Instant kann zum Anmischen einer Basisl\u00f6sung verwendet oder direkt ins Aquarium gegeben werden.<\/p>\n<p><strong><u>Anmischen einer Balling-Basisl\u00f6sung:<\/u><\/strong> 84g Carbonate Pro Instant in einen Messbecher geben und mit Umkehrosmosewasser auf 1000ml auff\u00fcllen. Die Balling-Stamml\u00f6sungen Carbonate, Calcium, Magnesium und Mineral Pro Instant m\u00fcssen zu gleichen Teilen und getrennt voneinander dosiert werden!<\/p>\n<p><strong><u>Anmischen einer Basisl\u00f6sung:<\/u><\/strong> 168g Carbonate Pro Instant in einen Messbecher geben und mit Umkehrosmosewasser auf 2000ml auff\u00fcllen. Durch Zugabe von 36ml dieser Basisl\u00f6sung erh\u00f6ht sich der kH-Gehalt um ca. 1\u00b0dKH pro 100 Liter Aquarienwasser. Details entnehmen Sie bitte der Dosierungstabelle!<\/p>\n<p><img loading=\"lazy\" decoding=\"async\" alt=\"\" height=\"161\" src=\"https:\/\/grotech-shop.de\/mediafiles\/Sonstiges\/Carbonat_Tabelle.JPG\" width=\"700\"\/><\/p>\n<p><strong><u>Direktdosierung:<\/u><\/strong> Ein Messl\u00f6ffel (ca. 9g) bewirkt eine Erh\u00f6hung der Karbonath\u00e4rte um ca. 3\u00b0dKH pro Liter je 100 Liter Aquarienwasser. Bei gr\u00f6\u00dferen Abweichungen sollte die Menge \u00fcber mehrere Tage langsam gesteigert werden. Bitte direkt in den Filterbereich an einer gut sauerstoffhaltigen Stelle dosieren.<\/p>\n","protected":false},"excerpt":{"rendered":"<p>Grotech Basic Set Mineral Das Grotech Basic Set Mineral Set beinhaltet 1x Dosis Karbonat \u2013 1000g, Calcium 750g und Mineral Pro Instant 1000g. Anwendung des Balling-Systems mit Grotech Karbonat, Calcium, Mineral und Magnesium Pro Instant. Das Grotech Balling-System erf\u00fcllt bei richtiger Anwendung die Anforderungen Ihres Meerwasseraquariums, indem es wichtige Makroelemente wie Karbonat, Calcium und Magnesium [&#8230;]\n","protected":false},"featured_media":84190,"template":"","meta":[],"pwb-brand":[2135],"product_cat":[1391],"product_tag":[],"class_list":{"0":"post-85393","1":"product","2":"type-product","3":"status-publish","4":"has-post-thumbnail","6":"pwb-brand-grotech","7":"product_cat-ergaenzungen","9":"first","10":"instock","11":"taxable","12":"shipping-taxable","13":"purchasable","14":"product-type-simple"},"acf":[],"brands":[{"id":2135,"name":"Grotech","slug":"grotech"}],"_links":{"self":[{"href":"https:\/\/www.seaflowerstore.com\/de\/wp-json\/wp\/v2\/product\/85393","targetHints":{"allow":["GET"]}}],"collection":[{"href":"https:\/\/www.seaflowerstore.com\/de\/wp-json\/wp\/v2\/product"}],"about":[{"href":"https:\/\/www.seaflowerstore.com\/de\/wp-json\/wp\/v2\/types\/product"}],"wp:featuredmedia":[{"embeddable":true,"href":"https:\/\/www.seaflowerstore.com\/de\/wp-json\/wp\/v2\/media\/84190"}],"wp:attachment":[{"href":"https:\/\/www.seaflowerstore.com\/de\/wp-json\/wp\/v2\/media?parent=85393"}],"wp:term":[{"taxonomy":"pwb-brand","embeddable":true,"href":"https:\/\/www.seaflowerstore.com\/de\/wp-json\/wp\/v2\/pwb-brand?post=85393"},{"taxonomy":"product_cat","embeddable":true,"href":"https:\/\/www.seaflowerstore.com\/de\/wp-json\/wp\/v2\/product_cat?post=85393"},{"taxonomy":"product_tag","embeddable":true,"href":"https:\/\/www.seaflowerstore.com\/de\/wp-json\/wp\/v2\/product_tag?post=85393"}],"curies":[{"name":"wp","href":"https:\/\/api.w.org\/{rel}","templated":true}]}}