{"id":85394,"date":"2022-04-07T15:14:38","date_gmt":"2022-04-07T13:15:48","guid":{"rendered":"https:\/\/www.seaflowerstore.com\/nl\/grotech-basic-set-magnesium\/"},"modified":"2022-04-07T15:14:38","modified_gmt":"2022-04-07T13:15:48","slug":"grotech-basic-set-magnesium","status":"publish","type":"product","link":"https:\/\/www.seaflowerstore.com\/de\/grotech-basic-set-magnesium\/","title":{"rendered":"Grotech Basic Set Magnesium"},"content":{"rendered":"<h2>Grotech Basic Set Magnesium covers the needs of your marine water aquarium of the macro element carbonate, calcium, magnesium<\/h2>\n<p><strong>Grotech Basic Set Magnesium Set beinhaltet:<\/strong><\/p>\n<ul>\n<li>1x Dosis Carbonat \u2013 1000gr<\/li>\n<li>Calcium \u2013 750gr<\/li>\n<li>Magnesium Pro Instant \u2013 1000gr<\/li>\n<\/ul>\n<p><u>Die Anwendung des Balling-Systems mit Grotech Carbonat, Calcium, Mineral und Magnesium Pro Instant ist unkompliziert und effektiv.<\/u> Das Grotech Balling-System deckt bei richtiger Anwendung den Bedarf Ihres Meerwasseraquariums an Carbonat, Calcium und Magnesium. Die Verwendung eines Calciumreaktors ist nicht erforderlich. Dieses System deckt effektiv den Bedarf an Karbonath\u00e4rte sowie den Makroelementen Calcium und Magnesium, die f\u00fcr ein gesundes Korallenwachstum in Ihrem Aquarium verbraucht werden. Es ist wichtig, diese Elemente regelm\u00e4\u00dfig in den richtigen Mengen nachzuf\u00fcllen.<\/p>\n<p><strong><u>Vorgehensweise:<\/u><\/strong><\/p>\n<ul>\n<li>\u00dcberwachen Sie Ihren kH-Wert \u00fcber mehrere Tage, um den t\u00e4glichen Verbrauch Ihres Aquariums zu bestimmen.<\/li>\n<li>Berechnen Sie die zu dosierende Karbonatmenge pro Balling-L\u00f6sung.<\/li>\n<li>Sie k\u00f6nnen unseren kostenlosen Rechner unter <a href=\"https:\/\/www.calculator.grotech.de\/\" target=\"_blank\" rel=\"noopener nofollow\">https:\/\/www.calculator.grotech.de<\/a> verwenden.<\/li>\n<li>Verabreichen Sie diese Menge \u00fcber mehrere Tage und pr\u00fcfen Sie, ob dadurch ein stabiler kH-Wert in Ihrem Riffaquarium aufrechterhalten wird. Der angestrebte kH-Wert sollte zwischen \u00b0dkH 7 und \u00b0dkH 10 liegen.<\/li>\n<li>Dosieren Sie gleichzeitig die Calcium- und Mineral pro instant Balling-L\u00f6sungen in der gleichen Menge wie die Carbonat-L\u00f6sung.<\/li>\n<li>Passen Sie die t\u00e4gliche Dosiermenge bei Bedarf an.<\/li>\n<\/ul>\n<p>In der Regel gleicht sich der Verbrauch von Carbonat-, Calcium- und Mineral pro instant Balling-L\u00f6sungen an. Das hei\u00dft, Sie dosieren die drei L\u00f6sungen zu gleichen Teilen, entsprechend dem errechneten kH-L\u00f6sungsverbrauch. Idealerweise verteilen Sie die Dosiermenge in kleineren Portionen \u00fcber den Tag. GROTECH Dosierpumpen eignen sich hierf\u00fcr hervorragend. Es empfiehlt sich jedoch, die Dosiermengen in regelm\u00e4\u00dfigen Abst\u00e4nden zu kontrollieren und bei Bedarf Anpassungen der einzelnen L\u00f6sungen vorzunehmen.<\/p>\n<p>Die Mineral pro instant Balling-L\u00f6sung enth\u00e4lt einen hohen Magnesiumanteil, der den Magnesiumbedarf in Ihrem Aquarium in der Regel deckt. Zudem kann bei der Verwendung von Mineral pro instant das Wasserwechselintervall verl\u00e4ngert werden, da es eventuelle Ionenverschiebungen ausgleicht. Stellen Sie einen Magnesiummangel fest, k\u00f6nnen Sie die vierte Komponente, Magnesium pro instant, in einer separaten L\u00f6sung nach Bedarf zubereiten und dosieren.<\/p>\n","protected":false},"excerpt":{"rendered":"<p>Grotech Basic Set Magnesium covers the needs of your marine water aquarium of the macro element carbonate, calcium, magnesium<\/p>\n","protected":false},"featured_media":84189,"template":"","meta":[],"pwb-brand":[2135],"product_cat":[1391],"product_tag":[],"class_list":{"0":"post-85394","1":"product","2":"type-product","3":"status-publish","4":"has-post-thumbnail","6":"pwb-brand-grotech","7":"product_cat-ergaenzungen","9":"first","10":"instock","11":"taxable","12":"shipping-taxable","13":"purchasable","14":"product-type-simple"},"acf":[],"brands":[{"id":2135,"name":"Grotech","slug":"grotech"}],"_links":{"self":[{"href":"https:\/\/www.seaflowerstore.com\/de\/wp-json\/wp\/v2\/product\/85394","targetHints":{"allow":["GET"]}}],"collection":[{"href":"https:\/\/www.seaflowerstore.com\/de\/wp-json\/wp\/v2\/product"}],"about":[{"href":"https:\/\/www.seaflowerstore.com\/de\/wp-json\/wp\/v2\/types\/product"}],"wp:featuredmedia":[{"embeddable":true,"href":"https:\/\/www.seaflowerstore.com\/de\/wp-json\/wp\/v2\/media\/84189"}],"wp:attachment":[{"href":"https:\/\/www.seaflowerstore.com\/de\/wp-json\/wp\/v2\/media?parent=85394"}],"wp:term":[{"taxonomy":"pwb-brand","embeddable":true,"href":"https:\/\/www.seaflowerstore.com\/de\/wp-json\/wp\/v2\/pwb-brand?post=85394"},{"taxonomy":"product_cat","embeddable":true,"href":"https:\/\/www.seaflowerstore.com\/de\/wp-json\/wp\/v2\/product_cat?post=85394"},{"taxonomy":"product_tag","embeddable":true,"href":"https:\/\/www.seaflowerstore.com\/de\/wp-json\/wp\/v2\/product_tag?post=85394"}],"curies":[{"name":"wp","href":"https:\/\/api.w.org\/{rel}","templated":true}]}}