{"id":85398,"date":"2022-04-01T20:47:55","date_gmt":"2022-04-01T18:49:07","guid":{"rendered":"https:\/\/www.seaflowerstore.com\/nl\/api-stress-coat-30-ml\/"},"modified":"2022-04-01T20:47:55","modified_gmt":"2022-04-01T18:49:07","slug":"api-stress-coat-30-ml","status":"publish","type":"product","link":"https:\/\/www.seaflowerstore.com\/de\/api-stress-coat-30-ml\/","title":{"rendered":"API Stress Coat &#8211; 30 ml"},"content":{"rendered":"<h2>API Stress Coat &#8211; 30 ml contains the healing power of Aloe Vera to reduce fish stress<\/h2>\n<p>Der API STRESS COAT Wasseraufbereiter verwandelt Leitungswasser in einen sicheren Hafen f\u00fcr Ihre Fische, indem er Chlor, Chloramine und Schwermetalle effektiv entfernt. Er nutzt die heilenden Eigenschaften von Aloe Vera, reduziert den Stress der Fische um bis zu 40 % und unterst\u00fctzt die Genesung von besch\u00e4digtem Gewebe und Wunden. Dieser Aufbereiter minimiert auch den Elektrolytverlust Ihrer Fische und ist in verschiedenen Situationen unverzichtbar:<\/p>\n<ul>\n<li>Beim Umgang mit, Einfangen oder Transportieren von Fischen aus dem Gesch\u00e4ft<\/li>\n<li>Beim Einrichten eines neuen Aquariums<\/li>\n<li>Beim monatlichen Wasserwechsel<\/li>\n<li>Beim Einsetzen neuer Fische in Ihr Aquarium<\/li>\n<\/ul>\n<p>Es ist wissenschaftlich erwiesen, dass unsere einzigartige Formel den Stress der Fische lindert und besch\u00e4digtes Gewebe heilt, indem sie eine synthetische Schleimschicht auf Ihren Fischen bildet. Dar\u00fcber hinaus tr\u00e4gt der Wasseraufbereiter STRESS COAT dazu bei, das Risiko von Krankheiten und Infektionen bei Ihren Wasserfreunden zu senken.<\/p>\n<p><strong>Anleitung:<\/strong><\/p>\n<p>F\u00fcgen Sie 5 ml pro 40 Liter Aquarienwasser hinzu. Sie k\u00f6nnen die Dosis verdoppeln, um die Schleimschicht zu ersetzen und besch\u00e4digte Haut und Flossen zu reparieren.<\/p>\n<p><em><strong>FAQS<\/strong><\/em><\/p>\n<p><strong>Was ist API STRESS COAT\u2122 Wasseraufbereiter?<\/strong><\/p>\n<p>API STRESS COAT Wasseraufbereiter wurde entwickelt, um Leitungswasser durch die Beseitigung sch\u00e4dlicher Chemikalien f\u00fcr Ihre Fische sicher zu machen und gleichzeitig die beruhigenden Vorteile von Aloe Vera zu nutzen, um Stress zu reduzieren und die Heilung von Wunden und besch\u00e4digtem Gewebe zu f\u00f6rdern.<\/p>\n<p><strong>Ist API STRESS COAT\u2122 Wasseraufbereiter ein Entchlorungsmittel?<\/strong><\/p>\n<p>Ja, er entfernt effektiv Chlor und neutralisiert Chloramine und Schwermetalle im Leitungswasser.<\/p>\n<p><strong>Ist API STRESS COAT\u2122 Wasseraufbereiter sowohl f\u00fcr S\u00fc\u00dfwasser- als auch f\u00fcr Meerwasseraquarien (Salzwasser) geeignet?<\/strong><\/p>\n<p>Absolut! API STRESS COAT Wasseraufbereiter ist sicher f\u00fcr S\u00fc\u00dfwasser- und Salzwasseraquarien, wird jedoch nicht f\u00fcr die Verwendung empfohlen, wenn Sie einen Eiwei\u00dfabsch\u00e4umer haben.<\/p>\n<p><strong>Ist API STRESS COAT\u2122 Wasseraufbereiter sicher f\u00fcr alle Fische, Wirbellosen und Aquarienpflanzen?<\/strong><\/p>\n<p>Ja, er ist sicher f\u00fcr alle Fische, Wirbellosen und Aquarienpflanzen.<\/p>\n<p><strong>Beeinflusst API STRESS COAT\u2122 Wasseraufbereiter den biologischen Filter oder den pH-Wert des Aquarienwassers?<\/strong><\/p>\n<p>Nein, er beeinflusst nicht den biologischen Filter (nat\u00fcrlichen Aquarienzyklus) oder den pH-Wert Ihres Wassers.<\/p>\n<p><strong>Kann ich API STRESS COAT\u2122 Wasseraufbereiter mit anderen API-Produkten verwenden?<\/strong><\/p>\n<p>Ja, Sie k\u00f6nnen API STRESS COAT Wasseraufbereiter sicher zusammen mit allen anderen API-Produkten verwenden.<\/p>\n<p><strong>Ich habe meinen Fischen versehentlich eine \u00dcberdosis API STRESS COAT\u2122 Wasseraufbereiter gegeben. Muss ich mir Sorgen machen?<\/strong><\/p>\n<p>Nein, es besteht kein Grund zur Sorge. API STRESS COAT Wasseraufbereiter schadet weder Ihren Fischen noch Ihren Pflanzen.<\/p>\n<p><strong>Wie viel API STRESS COAT\u2122 Wasseraufbereiter sollte ich verwenden?<\/strong><\/p>\n<p>Wenn Sie API STRESS COAT Wasseraufbereiter als Entchlorungsmittel zur Aufbereitung von Leitungswasser verwenden, dosieren Sie einfach entsprechend der Menge des dem Aquarium hinzugef\u00fcgten neuen Wassers. Wenn Sie es verwenden, um Ihren Fischen bei der Genesung nach Verletzungen oder Krankheiten zu helfen, dosieren Sie entsprechend dem gesamten Wasservolumen im Aquarium.<\/p>\n","protected":false},"excerpt":{"rendered":"<p>API Stress Coat &#8211; 30 ml contains the healing power of Aloe Vera to reduce fish stress<\/p>\n","protected":false},"featured_media":84170,"template":"","meta":[],"pwb-brand":[2283],"product_cat":[1486],"product_tag":[],"class_list":{"0":"post-85398","1":"product","2":"type-product","3":"status-publish","4":"has-post-thumbnail","6":"pwb-brand-api","7":"product_cat-zusatzstoffe","9":"first","10":"outofstock","11":"taxable","12":"shipping-taxable","13":"purchasable","14":"product-type-simple"},"acf":[],"brands":[{"id":2283,"name":"API","slug":"api"}],"_links":{"self":[{"href":"https:\/\/www.seaflowerstore.com\/de\/wp-json\/wp\/v2\/product\/85398","targetHints":{"allow":["GET"]}}],"collection":[{"href":"https:\/\/www.seaflowerstore.com\/de\/wp-json\/wp\/v2\/product"}],"about":[{"href":"https:\/\/www.seaflowerstore.com\/de\/wp-json\/wp\/v2\/types\/product"}],"wp:featuredmedia":[{"embeddable":true,"href":"https:\/\/www.seaflowerstore.com\/de\/wp-json\/wp\/v2\/media\/84170"}],"wp:attachment":[{"href":"https:\/\/www.seaflowerstore.com\/de\/wp-json\/wp\/v2\/media?parent=85398"}],"wp:term":[{"taxonomy":"pwb-brand","embeddable":true,"href":"https:\/\/www.seaflowerstore.com\/de\/wp-json\/wp\/v2\/pwb-brand?post=85398"},{"taxonomy":"product_cat","embeddable":true,"href":"https:\/\/www.seaflowerstore.com\/de\/wp-json\/wp\/v2\/product_cat?post=85398"},{"taxonomy":"product_tag","embeddable":true,"href":"https:\/\/www.seaflowerstore.com\/de\/wp-json\/wp\/v2\/product_tag?post=85398"}],"curies":[{"name":"wp","href":"https:\/\/api.w.org\/{rel}","templated":true}]}}