{"id":85399,"date":"2022-04-01T20:33:45","date_gmt":"2022-04-01T18:38:52","guid":{"rendered":"https:\/\/www.seaflowerstore.com\/nl\/api-aqua-essential-118-ml\/"},"modified":"2022-04-01T20:33:45","modified_gmt":"2022-04-01T18:38:52","slug":"api-aqua-essential-118-ml","status":"publish","type":"product","link":"https:\/\/www.seaflowerstore.com\/de\/api-aqua-essential-118-ml\/","title":{"rendered":"API Aqua Essential &#8211; 118 ml"},"content":{"rendered":"<h2>API Aqua Essential &#8211; 118 ml is a highly concentrated all-in-one water conditioner<\/h2>\n<p>Der Wasseraufbereiter AQUA ESSENTIAL ist eine hochkonzentrierte Komplettl\u00f6sung, die Leitungswasser schnell f\u00fcr Ihre Fische sicher macht. Er entfernt Chlor und Chloramin und entgiftet Schwermetalle, die normalerweise im Leitungswasser vorkommen. Dar\u00fcber hinaus beseitigt AQUA ESSENTIAL wirksam giftige Ammoniak-, Nitrat- und Nitritwerte in S\u00fc\u00dfwasser-, Salzwasser- und bepflanzten Aquarien.<\/p>\n<p>Giftiges Ammoniak wird von Fischen st\u00e4ndig \u00fcber ihre Kiemen, ihren Urin und ihren festen Abfall abgegeben. Nicht gefressenes Futter und verrottende organische Stoffe tragen ebenfalls zum Ammoniakspiegel bei. Schon kleine Mengen Ammoniak k\u00f6nnen Fische stressen, w\u00e4hrend gr\u00f6\u00dfere Mengen t\u00f6dlich sein k\u00f6nnen. Diese einzigartige Formel bindet Ammoniak, Nitrit und Nitrat, macht sie ungiftig und erm\u00f6glicht Ihrem Biofilter, effizienter zu arbeiten.<\/p>\n<p>Zur Verwendung einfach beim Start anwenden, wenn Sie Wasser hinzuf\u00fcgen oder wechseln oder wenn Sie hohe Ammoniak-, Nitrat- oder Nitritwerte feststellen. Beim Hinzuf\u00fcgen, Transportieren oder Quarant\u00e4nehalten von Fischen empfehlen wir die Verwendung des Wasseraufbereiters <strong>API STRESS COAT\u2122<\/strong>, der perfekt mit AQUA ESSENTIAL zusammenarbeitet.<\/p>\n<p><strong>Anleitung:<\/strong><\/p>\n<ul>\n<li>F\u00fcgen Sie mithilfe der Dosierkappe auf der Flasche 5 ml pro 190 Liter Aquarienwasser hinzu, um Leitungswasser aufzubereiten.<\/li>\n<li>F\u00fcgen Sie 5 ml pro 40 Liter Aquarienwasser hinzu, um Ammoniak, Nitrit und Nitrat zu entfernen.<\/li>\n<\/ul>\n<p>Wir empfehlen, nach der Dosierung 24 Stunden zu warten, bevor Sie einen Wasserwechsel durchf\u00fchren. Wenn Sie innerhalb dieses 24-Stunden-Zeitraums erneut dosieren, besteht keine Gefahr f\u00fcr die Tiere oder Pflanzen in Ihrem Aquarium. Ein nachfolgender Wasserwechsel ist f\u00fcr Ihr Wassersystem immer von Vorteil.<\/p>\n<p><em><strong>FAQS<\/strong><\/em><\/p>\n<div class=\"grid-item col-8\">\n<div class=\"Accordion\" data-allow-multiple=\"\">\n<div id=\"sect8\" class=\"Accordion-panel\" role=\"region\" aria-labelledby=\"accordion6id\">\n<div>\n<strong>Wirkt sich API\u00ae AQUA ESSENTIAL\u2122 auf die Eiwei\u00dfabsch\u00e4umer meines Aquariums aus?<\/strong><\/p>\n<p>AQUA ESSENTIAL beeintr\u00e4chtigt keine Eiwei\u00dfabsch\u00e4umer.<\/p>\n<p><strong>Besteht die M\u00f6glichkeit einer \u00dcberdosierung von AQUA ESSENTIAL in meinem Aquarium?<\/strong><\/p>\n<p>Bei der Dosierung von AQUA ESSENTIAL empfehlen wir, die Anweisungen zu befolgen, die Produktformulierung l\u00e4sst jedoch einen Sicherheitsspielraum f\u00fcr den Fall zu, dass einem Becken versehentlich eine etwas h\u00f6here Menge als angegeben zugef\u00fchrt wird.<\/p>\n<p><strong>Ist es sicher? AQUA ESSENTIAL in meinem Aquarium mit anderen Wassertieren wie Schnecken oder Garnelen verwenden?<\/strong><\/p>\n<p>Ja, es ist sicher, AQUA ESSENTIAL mit anderen Wassertieren zu verwenden.<\/p>\n<p><strong>Kann ich AQUA ESSENTIAL mit anderen API\u00ae-Produkten verwenden?<\/strong><\/p>\n<p>AQUA ESSENTIAL kann sicher zusammen mit jedem anderen API-Wasseraufbereiter oder -Medikament verwendet werden.<\/p>\n<p><strong>Beeinflusst AQUA ESSENTIAL den pH-Wert in meinem Aquarium?<\/strong><\/p>\n<p>Wenn AQUA ESSENTIAL gem\u00e4\u00df dem Etikett dosiert wird, wird der pH-Wert nicht beeinflusst.<\/p>\n<p><strong>Kann ich die Dosis von AQUA ESSENTIAL verdoppeln, wenn ich einen hohen Chloraminspiegel habe?<\/strong><\/p>\n<p>AQUA ESSENTIAL wurde entwickelt, um Chloramine zu behandeln, ohne dass eine doppelte Dosis erforderlich ist. F\u00fcr diejenigen, die lieber die doppelte Dosis verabreichen, ist das kein Problem, aber nicht notwendig.<\/p>\n<p><strong>Wie oft sollte ich zwischen den Dosen von AQUA ESSENTIAL warten?<\/strong><\/p>\n<p>Nach der Verabreichung einer Dosis wird empfohlen, 24 bis 48 Stunden zu warten, bevor eine weitere Dosis verabreicht wird.<\/p>\n<p><strong>Wie lange bindet AQUA ESSENTIAL Ammoniak, Nitrit und Nitrat?<\/strong><\/p>\n<p>Nach der Verabreichung bindet AQUA ESSENTIAL Ammoniak, Nitrit und Nitrat bis zu 48 Stunden oder l\u00e4nger. Durch Tests l\u00e4sst sich am besten feststellen, ob eine zus\u00e4tzliche Dosis erforderlich ist. Unter Bedingungen mit hohen Konzentrationen dieser Toxine oder wenn das Aquarium \u00fcberf\u00fcllt oder \u00fcberf\u00fcttert ist, empfehlen wir immer einen teilweisen Wasserwechsel nach 24 Stunden, um die Wasserqualit\u00e4t f\u00fcr Ihre Fische zu verbessern. Dar\u00fcber hinaus bleibt von AQUA ESSENTIAL gebundenes Ammoniak oder Nitrit metabolisch verf\u00fcgbar, damit n\u00fctzliche Bakterien es verarbeiten k\u00f6nnen. Dies stellt sicher, dass Ihre biologischen Filter effektiv funktionieren.<\/p>\n<p><strong>Wie viel Ammoniak wird pro Dosis AQUA ESSENTIAL entfernt?<\/strong><\/p>\n<p>Bei der Behandlung von Ammoniak mit einer Dosis von 5 ml\/40 l AQUA ESSENTIAL k\u00f6nnen Sie mit einer Ammoniakreduzierung von 20-40 ppm rechnen.<\/p>\n<p><strong>Wie viel Nitrit wird pro Dosis AQUA ESSENTIAL entfernt?<\/strong><\/p>\n<p>Bei der Behandlung von Nitrit sollte eine Dosis von 5 ml\/40 l AQUA ESSENTIAL zu einer Nitritreduzierung von 15-30 ppm f\u00fchren.<\/p>\n<p><strong>Wie viel Nitrat wird pro Dosis AQUA ESSENTIAL entfernt?<\/strong><\/p>\n<p>Bei der Behandlung von Nitrat sollte eine Dosis von 5 ml\/40 l AQUA ESSENTIAL zu einer signifikanten Nitratreduzierung von ungef\u00e4hr f\u00fchren. 40-60 ppm.<\/p>\n<\/p><\/div>\n<\/p><\/div>\n<\/p><\/div>\n<\/p><\/div>\n","protected":false},"excerpt":{"rendered":"<p>API Aqua Essential &#8211; 118 ml is a highly concentrated all-in-one water conditioner<\/p>\n","protected":false},"featured_media":84169,"template":"","meta":[],"pwb-brand":[2283],"product_cat":[1486],"product_tag":[],"class_list":{"0":"post-85399","1":"product","2":"type-product","3":"status-publish","4":"has-post-thumbnail","6":"pwb-brand-api","7":"product_cat-zusatzstoffe","9":"first","10":"instock","11":"taxable","12":"shipping-taxable","13":"purchasable","14":"product-type-simple"},"acf":[],"brands":[{"id":2283,"name":"API","slug":"api"}],"_links":{"self":[{"href":"https:\/\/www.seaflowerstore.com\/de\/wp-json\/wp\/v2\/product\/85399","targetHints":{"allow":["GET"]}}],"collection":[{"href":"https:\/\/www.seaflowerstore.com\/de\/wp-json\/wp\/v2\/product"}],"about":[{"href":"https:\/\/www.seaflowerstore.com\/de\/wp-json\/wp\/v2\/types\/product"}],"wp:featuredmedia":[{"embeddable":true,"href":"https:\/\/www.seaflowerstore.com\/de\/wp-json\/wp\/v2\/media\/84169"}],"wp:attachment":[{"href":"https:\/\/www.seaflowerstore.com\/de\/wp-json\/wp\/v2\/media?parent=85399"}],"wp:term":[{"taxonomy":"pwb-brand","embeddable":true,"href":"https:\/\/www.seaflowerstore.com\/de\/wp-json\/wp\/v2\/pwb-brand?post=85399"},{"taxonomy":"product_cat","embeddable":true,"href":"https:\/\/www.seaflowerstore.com\/de\/wp-json\/wp\/v2\/product_cat?post=85399"},{"taxonomy":"product_tag","embeddable":true,"href":"https:\/\/www.seaflowerstore.com\/de\/wp-json\/wp\/v2\/product_tag?post=85399"}],"curies":[{"name":"wp","href":"https:\/\/api.w.org\/{rel}","templated":true}]}}