{"id":85405,"date":"2022-03-30T12:12:05","date_gmt":"2022-03-30T10:12:05","guid":{"rendered":"https:\/\/www.seaflowerstore.com\/nl\/tropic-marin-reef-actif-60gr\/"},"modified":"2023-06-24T11:28:25","modified_gmt":"2023-06-24T09:28:25","slug":"tropic-marin-reef-actif-60gr","status":"publish","type":"product","link":"https:\/\/www.seaflowerstore.com\/de\/tropic-marin-reef-actif-60gr\/","title":{"rendered":"Tropic Marin Reef Actif 60gr"},"content":{"rendered":"<h2>Tropic Marin Reef Actif 60gr &#8211; 100ml bind excess nutrients and other pollutants<\/h2>\n<p>REEF ACTIF enth\u00e4lt marine Biopolymere, die \u00fcbersch\u00fcssige N\u00e4hrstoffe und andere Schadstoffe effektiv binden und durch spezielle Mikroorganismen zersetzen. Dieser Prozess f\u00f6rdert eine nat\u00fcrliche marine Mikrobiologie in Ihrem Aquarium und sorgt daf\u00fcr, dass das Wasser kristallklar bleibt. Durch die Aktivierung der Mikroflora wird das Wasser auf v\u00f6llig nat\u00fcrliche Weise mit verschiedenen Vitaminen und anderen lebenswichtigen Substanzen angereichert. Dadurch \u00f6ffnen sich Korallen und Muscheln besser und zeigen ihre leuchtenden Farben. Dar\u00fcber hinaus gedeihen Fische dank der stabilen Bakterienflora und der probiotischen Wirkung und zeigen eine robuste Gesundheit und eine atemberaubende Farbgebung.<\/p>\n<h3>Vorteile:<\/h3>\n<ul>\n<li>Sorgt f\u00fcr gleichbleibende Wasserbedingungen zwischen Wasserwechseln.<\/li>\n<li>Fungiert sowohl als Adsorber als auch als wertvolle Bakteriennahrungsquelle im Aquarium.<\/li>\n<li>Bindet N\u00e4hrstoffe und f\u00f6rdert gleichzeitig deren Nutzung durch Bakterien und andere Organismen.<\/li>\n<li>Erleichtert die Entfernung von Wasserverunreinigungen durch Bindung sch\u00e4dlicher Substanzen.<\/li>\n<li>Erm\u00f6glicht den langsamen Abbau \u00fcbersch\u00fcssiger N\u00e4hrstoffe ohne Sauerstoffverbrauch im Aquarium.<\/li>\n<li>Verbessert die Konsistenz und Wirksamkeit des Absch\u00e4umens.<\/li>\n<li>Verbessert die Vitalit\u00e4t und Farbgebung von Korallen und Riffmuscheln.<\/li>\n<\/ul>\n<h3>Anwendung:<\/h3>\n<p>Verwenden Sie einmal w\u00f6chentlich einen Messl\u00f6ffel REEF ACTIF f\u00fcr jeden 500 Liter Aquarienwasservolumen. REEF ACTIF einfach vor der Zugabe ins Becken in etwas Aquarienwasser einr\u00fchren und dabei eine m\u00f6glichst gleichm\u00e4\u00dfige Mischung sicherstellen. Die maximale Dosierung betr\u00e4gt einen Messl\u00f6ffel f\u00fcr ein 500 Liter Aquarium, dreimal w\u00f6chentlich. Bei Aquariensystemen ohne Absch\u00e4umer verwenden Sie einen Messl\u00f6ffel f\u00fcr ein 1000 Liter Aquarium. REEF ACTIF ist mit allen anderen Produkten aus dem BIO-ACTIF-SYSTEM kombinierbar, ohne dass die Gefahr einer \u00dcberdosierung organischer Substanzen besteht.<\/p>\n","protected":false},"excerpt":{"rendered":"<p>Tropic Marin Reef Actif bind excess nutrients and other pollutants<\/p>\n","protected":false},"featured_media":84164,"template":"","meta":[],"pwb-brand":[2151],"product_cat":[1391],"product_tag":[],"class_list":{"0":"post-85405","1":"product","2":"type-product","3":"status-publish","4":"has-post-thumbnail","6":"pwb-brand-tropic-marin","7":"product_cat-ergaenzungen","9":"first","10":"outofstock","11":"taxable","12":"shipping-taxable","13":"purchasable","14":"product-type-simple"},"acf":[],"brands":[{"id":2151,"name":"Tropic Marin","slug":"tropic-marin"}],"_links":{"self":[{"href":"https:\/\/www.seaflowerstore.com\/de\/wp-json\/wp\/v2\/product\/85405","targetHints":{"allow":["GET"]}}],"collection":[{"href":"https:\/\/www.seaflowerstore.com\/de\/wp-json\/wp\/v2\/product"}],"about":[{"href":"https:\/\/www.seaflowerstore.com\/de\/wp-json\/wp\/v2\/types\/product"}],"wp:featuredmedia":[{"embeddable":true,"href":"https:\/\/www.seaflowerstore.com\/de\/wp-json\/wp\/v2\/media\/84164"}],"wp:attachment":[{"href":"https:\/\/www.seaflowerstore.com\/de\/wp-json\/wp\/v2\/media?parent=85405"}],"wp:term":[{"taxonomy":"pwb-brand","embeddable":true,"href":"https:\/\/www.seaflowerstore.com\/de\/wp-json\/wp\/v2\/pwb-brand?post=85405"},{"taxonomy":"product_cat","embeddable":true,"href":"https:\/\/www.seaflowerstore.com\/de\/wp-json\/wp\/v2\/product_cat?post=85405"},{"taxonomy":"product_tag","embeddable":true,"href":"https:\/\/www.seaflowerstore.com\/de\/wp-json\/wp\/v2\/product_tag?post=85405"}],"curies":[{"name":"wp","href":"https:\/\/api.w.org\/{rel}","templated":true}]}}