{"id":85406,"date":"2022-03-18T20:50:55","date_gmt":"2022-03-18T19:50:55","guid":{"rendered":"https:\/\/www.seaflowerstore.com\/nl\/vca-deluxe-defroster-cup\/"},"modified":"2022-03-18T20:50:55","modified_gmt":"2022-03-18T19:58:38","slug":"vca-deluxe-defroster-cup","status":"publish","type":"product","link":"https:\/\/www.seaflowerstore.com\/de\/vca-deluxe-defroster-cup\/","title":{"rendered":"VCA Deluxe Defroster Cup"},"content":{"rendered":"<h2>VCA Deluxe Defroster Cup pack of 2<\/h2>\n<h3><strong><em>Auftauen \u2013 Sp\u00fclen \u2013 F\u00fcttern \u2013 Wiederholen!<\/em><\/strong><\/h3>\n<ul>\n<li>Klein und kompakt f\u00fcr einfache Lagerung<\/li>\n<li>Taut Lebensmittel leicht auf<\/li>\n<li>Deckel schlie\u00dft dicht, um Versch\u00fctten zu verhindern<\/li>\n<li>Praktisches 2er-Pack<\/li>\n<li>Perfekt f\u00fcr die Zubereitung von Mahlzeiten im Urlaub<\/li>\n<li>Sp\u00fclmaschinenfest im oberen Fach<\/li>\n<li>Au\u00dfenbecher aus klarem Polypropylen<\/li>\n<li>Innenbecher und Sieb aus riffsicherem PETG im 3D-Druckverfahren hergestellt<\/li>\n<\/ul>\n<h3><strong>Einfache Zubereitung von Mahlzeiten im Urlaub<\/strong><\/h3>\n<p>Bereiten Sie einfach f\u00fcr jeden Tag, an dem Sie weg sind, einen Becher vor, beschriften Sie den Deckel und legen Sie ihn wieder in den Gefrierschrank. Auf diese Weise muss Ihr Aquariumsbesitzer nicht raten, wie viel er f\u00fcttern soll, und au\u00dferdem ist das Auftauen und Sp\u00fclen unglaublich einfach.<\/p>\n","protected":false},"excerpt":{"rendered":"<p>VCA Deluxe Defroster Cup pack of 2 Easily defrost the food<\/p>\n","protected":false},"featured_media":84159,"template":"","meta":[],"pwb-brand":[2269],"product_cat":[1429,1424],"product_tag":[],"class_list":{"0":"post-85406","1":"product","2":"type-product","3":"status-publish","4":"has-post-thumbnail","6":"pwb-brand-vca","7":"product_cat-vivid-creative-aquatics-de","8":"product_cat-futter","10":"first","11":"instock","12":"taxable","13":"shipping-taxable","14":"purchasable","15":"product-type-simple"},"acf":[],"brands":[{"id":2269,"name":"VCA","slug":"vca"}],"_links":{"self":[{"href":"https:\/\/www.seaflowerstore.com\/de\/wp-json\/wp\/v2\/product\/85406","targetHints":{"allow":["GET"]}}],"collection":[{"href":"https:\/\/www.seaflowerstore.com\/de\/wp-json\/wp\/v2\/product"}],"about":[{"href":"https:\/\/www.seaflowerstore.com\/de\/wp-json\/wp\/v2\/types\/product"}],"wp:featuredmedia":[{"embeddable":true,"href":"https:\/\/www.seaflowerstore.com\/de\/wp-json\/wp\/v2\/media\/84159"}],"wp:attachment":[{"href":"https:\/\/www.seaflowerstore.com\/de\/wp-json\/wp\/v2\/media?parent=85406"}],"wp:term":[{"taxonomy":"pwb-brand","embeddable":true,"href":"https:\/\/www.seaflowerstore.com\/de\/wp-json\/wp\/v2\/pwb-brand?post=85406"},{"taxonomy":"product_cat","embeddable":true,"href":"https:\/\/www.seaflowerstore.com\/de\/wp-json\/wp\/v2\/product_cat?post=85406"},{"taxonomy":"product_tag","embeddable":true,"href":"https:\/\/www.seaflowerstore.com\/de\/wp-json\/wp\/v2\/product_tag?post=85406"}],"curies":[{"name":"wp","href":"https:\/\/api.w.org\/{rel}","templated":true}]}}