{"id":85409,"date":"2022-03-18T09:21:33","date_gmt":"2022-03-20T09:24:50","guid":{"rendered":"https:\/\/www.seaflowerstore.com\/nl\/ghl-plm-adin\/"},"modified":"2022-03-18T09:21:33","modified_gmt":"2022-03-20T09:24:50","slug":"ghl-plm-adin","status":"publish","type":"product","link":"https:\/\/www.seaflowerstore.com\/de\/ghl-plm-adin\/","title":{"rendered":"GHL PLM-ADIN"},"content":{"rendered":"<h2>GHL PLM-ADIN Expansion card for ProfiLux<\/h2>\n<p>Die GHL PLM-ADIN ist eine Erweiterungskarte f\u00fcr den ProfiLux und die Expansionbox. Sie verf\u00fcgt \u00fcber zwei analoge Eing\u00e4nge im Bereich von 0 V bis 10 V und vier digitale Eing\u00e4nge, die alle galvanisch getrennt sind.<\/p>\n","protected":false},"excerpt":{"rendered":"<p>GHL PLM-ADIN Expansion card for the ProfiLux with 2 analog inputs 0 V-10 V, 4 digital inputs<\/p>\n","protected":false},"featured_media":84149,"template":"","meta":[],"pwb-brand":[2157],"product_cat":[1408],"product_tag":[],"class_list":{"0":"post-85409","1":"product","2":"type-product","3":"status-publish","4":"has-post-thumbnail","6":"pwb-brand-ghl","7":"product_cat-computer-de","9":"first","10":"outofstock","11":"taxable","12":"shipping-taxable","13":"purchasable","14":"product-type-simple"},"acf":[],"brands":[{"id":2157,"name":"GHL","slug":"ghl"}],"_links":{"self":[{"href":"https:\/\/www.seaflowerstore.com\/de\/wp-json\/wp\/v2\/product\/85409","targetHints":{"allow":["GET"]}}],"collection":[{"href":"https:\/\/www.seaflowerstore.com\/de\/wp-json\/wp\/v2\/product"}],"about":[{"href":"https:\/\/www.seaflowerstore.com\/de\/wp-json\/wp\/v2\/types\/product"}],"wp:featuredmedia":[{"embeddable":true,"href":"https:\/\/www.seaflowerstore.com\/de\/wp-json\/wp\/v2\/media\/84149"}],"wp:attachment":[{"href":"https:\/\/www.seaflowerstore.com\/de\/wp-json\/wp\/v2\/media?parent=85409"}],"wp:term":[{"taxonomy":"pwb-brand","embeddable":true,"href":"https:\/\/www.seaflowerstore.com\/de\/wp-json\/wp\/v2\/pwb-brand?post=85409"},{"taxonomy":"product_cat","embeddable":true,"href":"https:\/\/www.seaflowerstore.com\/de\/wp-json\/wp\/v2\/product_cat?post=85409"},{"taxonomy":"product_tag","embeddable":true,"href":"https:\/\/www.seaflowerstore.com\/de\/wp-json\/wp\/v2\/product_tag?post=85409"}],"curies":[{"name":"wp","href":"https:\/\/api.w.org\/{rel}","templated":true}]}}