{"id":85410,"date":"2022-03-15T16:32:46","date_gmt":"2022-03-15T15:44:03","guid":{"rendered":"https:\/\/www.seaflowerstore.com\/nl\/coral-essentials-chroma-vibrance-energy-3x15-ml\/"},"modified":"2022-03-15T16:32:46","modified_gmt":"2022-03-15T15:44:03","slug":"coral-essentials-chroma-vibrance-energy-3x15-ml","status":"publish","type":"product","link":"https:\/\/www.seaflowerstore.com\/de\/coral-essentials-chroma-vibrance-energy-3x15-ml\/","title":{"rendered":"Coral Essentials Chroma, Vibrance, Energy &#8211; 3&#215;15 ml"},"content":{"rendered":"<h2>Coral Essentials Chroma, Vibrance, Energy &#8211; 3&#215;15 ml<\/h2>\n<p>Wenn Sie Chroma+, Vibrance+ und Energy+, auch bekannt als \u201eThe Juice\u201c, von Coral Essentials ohne den hohen Preis erleben m\u00f6chten oder wenn Sie ein kleineres Aquarium haben, ist dieses Nano-Set mit 3 x 15 ml genau das Richtige f\u00fcr Sie. Jede Flasche enth\u00e4lt etwa 300 Tropfen, die je nach Verwendung f\u00fcr ein durchschnittliches 100-Liter-Aquarium zwischen 6 Monaten und einem Jahr reichen.<\/p>\n<p><strong>Was ist enthalten:<\/strong><\/p>\n<ul>\n<li>15 ml Chroma+<\/li>\n<li>15 ml Vibrance+<\/li>\n<li>15 ml Energy+<\/li>\n<\/ul>\n<p><strong>Dosierung:<\/strong><\/p>\n<p>Verabreichen Sie t\u00e4glich 1 Tropfen pro 100 ml morgens und einen weiteren Tropfen abends f\u00fcr jedes Produkt.<\/p>\n<h3>Coral Essentials Chroma+ 15 ml<\/h3>\n<p>Chroma+ ist eine einzigartige Mischung aus wasserl\u00f6slichen, komplexen organischen Coenzymen. Es unterst\u00fctzt den Abbau von Zucker und Aminos\u00e4uren und unterst\u00fctzt verschiedene Stoffwechselprozesse. Die zahlreichen Coenzyme in unserer Formel sind f\u00fcr viele enzymatische Reaktionen unerl\u00e4sslich, die alle Formen des Meereslebens unterst\u00fctzen. Chroma+ erweckt Ihre Korallen zum Leben und verbessert ihre Farben und ihre allgemeine Ausstrahlung. Nichts verbessert die Farbe Ihres Aquariums so sehr wie Chroma+. Da es sich um ein organisches, wasserl\u00f6sliches Produkt handelt, l\u00e4sst sich \u00fcbersch\u00fcssiges Chroma+, das nicht im Aquarium verwendet wird, problemlos durch Standardprozesse f\u00fcr organische Abf\u00e4lle und Absch\u00e4umen entfernen.<\/p>\n<p><strong>Bitte denken Sie daran, dass Chroma+ nach dem \u00d6ffnen im K\u00fchlschrank aufbewahrt werden muss.<\/strong><\/p>\n<h3>Coral Essentials Energy+ 15 ml<\/h3>\n<p>Energy+ ist eine Mischung aus fettl\u00f6slichen Verbindungen, sowohl organischen als auch synthetischen. Es verbessert die Ern\u00e4hrung und unterst\u00fctzt aktiv die Aufnahme von Kalzium, wodurch das Wachstum des Korallenskeletts gef\u00f6rdert wird. Energy+ unterst\u00fctzt Korallen auch bei der Aufnahme von Aminos\u00e4uren und anderen Vitaminen im Wasser. Dieses Produkt belebt Ihre Korallen und verbessert das Polypenwachstum und die Fressaktivit\u00e4t erheblich. Nichts verbessert die F\u00fctterungsroutine Ihres Aquariums so sehr wie Energy+. \u00dcbersch\u00fcssiges Energy+, das nicht im Aquarium verwendet wird, wird durch Standardprozesse f\u00fcr organische Abf\u00e4lle und Absch\u00e4umen entfernt. Bitte beachten Sie, dass Energy+ aufgrund seiner fettl\u00f6slichen Natur die Leistung des Absch\u00e4umers beeintr\u00e4chtigen kann.<\/p>\n<p><strong>Bitte denken Sie daran, dass Energy+ nach dem \u00d6ffnen im K\u00fchlschrank aufbewahrt werden muss.<\/strong><\/p>\n<h3>Coral Essentials Vibrance+ 15 ml<\/h3>\n<p>Vibrance+ besteht aus wasserl\u00f6slichen, organisch vorkommenden und synthetischen Verbindungen. Es spielt eine entscheidende Rolle bei der F\u00f6rderung schneller Zellteilung und des Zellwachstums und ist f\u00fcr den Stoffwechsel lebender Zellen, insbesondere bei der Proteinsynthese und dem Stoffwechsel von Fetts\u00e4uren und Aminos\u00e4uren, von entscheidender Bedeutung. Vibrance+ steigert die Vitalit\u00e4t und Gesundheit Ihrer Korallen und verbessert das Wachstum und die Aktivit\u00e4t der Polypen. Nichts verleiht Ihrem Aquarium einen so aktiven Schub wie Vibrance+. \u00dcbersch\u00fcssiges Vibrance+, das nicht im Aquarium verwendet wird, l\u00e4sst sich leicht durch Standardprozesse f\u00fcr organische Abf\u00e4lle und Absch\u00e4umen entfernen.<\/p>\n<p><strong>Bitte denken Sie daran, dass Vibrance+ nach dem \u00d6ffnen im K\u00fchlschrank aufbewahrt werden muss.<\/strong><\/p>\n","protected":false},"excerpt":{"rendered":"<p>Coral Essentials Chroma, Vibrance, Energy set will give you an unfair advantage in the home aquarium colour, vibrancy and polyp extension<\/p>\n","protected":false},"featured_media":84148,"template":"","meta":[],"pwb-brand":[2279],"product_cat":[1391],"product_tag":[],"class_list":{"0":"post-85410","1":"product","2":"type-product","3":"status-publish","4":"has-post-thumbnail","6":"pwb-brand-coral-essentials","7":"product_cat-ergaenzungen","9":"first","10":"outofstock","11":"taxable","12":"shipping-taxable","13":"purchasable","14":"product-type-simple"},"acf":[],"brands":[{"id":2279,"name":"Coral Essentials","slug":"coral-essentials"}],"_links":{"self":[{"href":"https:\/\/www.seaflowerstore.com\/de\/wp-json\/wp\/v2\/product\/85410","targetHints":{"allow":["GET"]}}],"collection":[{"href":"https:\/\/www.seaflowerstore.com\/de\/wp-json\/wp\/v2\/product"}],"about":[{"href":"https:\/\/www.seaflowerstore.com\/de\/wp-json\/wp\/v2\/types\/product"}],"wp:featuredmedia":[{"embeddable":true,"href":"https:\/\/www.seaflowerstore.com\/de\/wp-json\/wp\/v2\/media\/84148"}],"wp:attachment":[{"href":"https:\/\/www.seaflowerstore.com\/de\/wp-json\/wp\/v2\/media?parent=85410"}],"wp:term":[{"taxonomy":"pwb-brand","embeddable":true,"href":"https:\/\/www.seaflowerstore.com\/de\/wp-json\/wp\/v2\/pwb-brand?post=85410"},{"taxonomy":"product_cat","embeddable":true,"href":"https:\/\/www.seaflowerstore.com\/de\/wp-json\/wp\/v2\/product_cat?post=85410"},{"taxonomy":"product_tag","embeddable":true,"href":"https:\/\/www.seaflowerstore.com\/de\/wp-json\/wp\/v2\/product_tag?post=85410"}],"curies":[{"name":"wp","href":"https:\/\/api.w.org\/{rel}","templated":true}]}}