{"id":85411,"date":"2022-03-12T16:09:23","date_gmt":"2022-03-12T15:12:30","guid":{"rendered":"https:\/\/www.seaflowerstore.com\/nl\/maxspect-denitrification-catalyst-5st\/"},"modified":"2022-03-12T16:09:23","modified_gmt":"2022-03-12T15:12:30","slug":"maxspect-denitrification-catalyst-5st","status":"publish","type":"product","link":"https:\/\/www.seaflowerstore.com\/de\/maxspect-denitrification-catalyst-5st\/","title":{"rendered":"Maxspect Denitrification Catalyst (5st.)"},"content":{"rendered":"<h2>Maxspect Denitrification Catalyst (5pcs) for Nano Tech Anaerobic Block<\/h2>\n<p>Der Denitrifikationskatalysator f\u00fcr die Maxspect Anaerobic-Bl\u00f6cke wird in einem 5er-Set geliefert. Jeder Katalysator ist f\u00fcr zwei Monate Bakterienproduktion wirksam, sodass Sie dieses Paket insgesamt zehn Monate lang verwenden k\u00f6nnen.<\/p>\n","protected":false},"excerpt":{"rendered":"<p>Maxspect Denitrification Catalyst (5pcs) for Nano Tech Anaerobic Block<\/p>\n","protected":false},"featured_media":84146,"template":"","meta":[],"pwb-brand":[2203],"product_cat":[1453,1386],"product_tag":[],"class_list":{"0":"post-85411","1":"product","2":"type-product","3":"status-publish","4":"has-post-thumbnail","6":"pwb-brand-maxspect","7":"product_cat-nitrat-und-phosphatentferner","8":"product_cat-steine","10":"first","11":"outofstock","12":"taxable","13":"shipping-taxable","14":"purchasable","15":"product-type-simple"},"acf":[],"brands":[{"id":2203,"name":"Maxspect","slug":"maxspect"}],"_links":{"self":[{"href":"https:\/\/www.seaflowerstore.com\/de\/wp-json\/wp\/v2\/product\/85411","targetHints":{"allow":["GET"]}}],"collection":[{"href":"https:\/\/www.seaflowerstore.com\/de\/wp-json\/wp\/v2\/product"}],"about":[{"href":"https:\/\/www.seaflowerstore.com\/de\/wp-json\/wp\/v2\/types\/product"}],"wp:featuredmedia":[{"embeddable":true,"href":"https:\/\/www.seaflowerstore.com\/de\/wp-json\/wp\/v2\/media\/84146"}],"wp:attachment":[{"href":"https:\/\/www.seaflowerstore.com\/de\/wp-json\/wp\/v2\/media?parent=85411"}],"wp:term":[{"taxonomy":"pwb-brand","embeddable":true,"href":"https:\/\/www.seaflowerstore.com\/de\/wp-json\/wp\/v2\/pwb-brand?post=85411"},{"taxonomy":"product_cat","embeddable":true,"href":"https:\/\/www.seaflowerstore.com\/de\/wp-json\/wp\/v2\/product_cat?post=85411"},{"taxonomy":"product_tag","embeddable":true,"href":"https:\/\/www.seaflowerstore.com\/de\/wp-json\/wp\/v2\/product_tag?post=85411"}],"curies":[{"name":"wp","href":"https:\/\/api.w.org\/{rel}","templated":true}]}}