{"id":85414,"date":"2022-03-08T10:31:25","date_gmt":"2022-03-08T09:31:25","guid":{"rendered":"https:\/\/www.seaflowerstore.com\/nl\/neptune-systems-sky-wire-hanging-kit\/"},"modified":"2022-03-08T10:31:25","modified_gmt":"2022-03-08T09:35:55","slug":"neptune-systems-sky-wire-hanging-kit","status":"publish","type":"product","link":"https:\/\/www.seaflowerstore.com\/de\/neptune-systems-sky-wire-hanging-kit\/","title":{"rendered":"Neptune Systems SKY Wire Hanging Kit"},"content":{"rendered":"<h2>Neptune Systems SKY Wire Hanging Kit<\/h2>\n<p>Das elegante schwarze Aufh\u00e4ngeset von Neptune Systems erg\u00e4nzt die \u00c4sthetik der SKY LED. Es verf\u00fcgt \u00fcber ein universelles Vierpunkt-Montagesystem, mit dem Sie Ihr SKY-Licht in praktisch jeder H\u00f6he \u00fcber Ihrem Aquarium aufh\u00e4ngen k\u00f6nnen. Dank dieser Flexibilit\u00e4t k\u00f6nnen Sie die perfekte Balance zwischen Lichtverteilung und -intensit\u00e4t finden.<\/p>\n<p>Durch die Verwendung eines Aufh\u00e4ngesets k\u00f6nnen Sie einen sauberen und offenen Bereich \u00fcber Ihrem Aquarium erhalten, was die Arbeit im Tank bei Bedarf erleichtert. Dar\u00fcber hinaus haben die Aufh\u00e4ngedr\u00e4hte nur minimale visuelle Auswirkungen auf Ihre Gesamteinrichtung.<\/p>\n<p><strong>L\u00e4nge des Aufh\u00e4ngekabels:<\/strong> 365 cm (12 Fu\u00df)<\/p>\n<p><strong>Was ist im Lieferumfang enthalten?<\/strong><\/p>\n<ul>\n<li>2x Aufh\u00e4ngekabel<\/li>\n<li>2x Drahthalter zur H\u00f6henverstellung<\/li>\n<\/ul>\n","protected":false},"excerpt":{"rendered":"<p>Neptune Systems SKY Wire Hanging Kit<\/p>\n","protected":false},"featured_media":84133,"template":"","meta":[],"pwb-brand":[2179],"product_cat":[1393,1384],"product_tag":[],"class_list":{"0":"post-85414","1":"product","2":"type-product","3":"status-publish","4":"has-post-thumbnail","6":"pwb-brand-neptune-systems","7":"product_cat-beleuchtungszubehoer","8":"product_cat-led-de","10":"first","11":"instock","12":"taxable","13":"shipping-taxable","14":"purchasable","15":"product-type-simple"},"acf":[],"brands":[{"id":2179,"name":"Neptune Systems","slug":"neptune-systems"}],"_links":{"self":[{"href":"https:\/\/www.seaflowerstore.com\/de\/wp-json\/wp\/v2\/product\/85414","targetHints":{"allow":["GET"]}}],"collection":[{"href":"https:\/\/www.seaflowerstore.com\/de\/wp-json\/wp\/v2\/product"}],"about":[{"href":"https:\/\/www.seaflowerstore.com\/de\/wp-json\/wp\/v2\/types\/product"}],"wp:featuredmedia":[{"embeddable":true,"href":"https:\/\/www.seaflowerstore.com\/de\/wp-json\/wp\/v2\/media\/84133"}],"wp:attachment":[{"href":"https:\/\/www.seaflowerstore.com\/de\/wp-json\/wp\/v2\/media?parent=85414"}],"wp:term":[{"taxonomy":"pwb-brand","embeddable":true,"href":"https:\/\/www.seaflowerstore.com\/de\/wp-json\/wp\/v2\/pwb-brand?post=85414"},{"taxonomy":"product_cat","embeddable":true,"href":"https:\/\/www.seaflowerstore.com\/de\/wp-json\/wp\/v2\/product_cat?post=85414"},{"taxonomy":"product_tag","embeddable":true,"href":"https:\/\/www.seaflowerstore.com\/de\/wp-json\/wp\/v2\/product_tag?post=85414"}],"curies":[{"name":"wp","href":"https:\/\/api.w.org\/{rel}","templated":true}]}}