{"id":85415,"date":"2022-03-08T10:18:38","date_gmt":"2022-03-08T09:28:08","guid":{"rendered":"https:\/\/www.seaflowerstore.com\/nl\/neptune-systems-sky-led\/"},"modified":"2022-03-08T10:18:38","modified_gmt":"2022-03-08T09:28:08","slug":"neptune-systems-sky-led","status":"publish","type":"product","link":"https:\/\/www.seaflowerstore.com\/de\/neptune-systems-sky-led\/","title":{"rendered":"Neptune Systems Sky LED"},"content":{"rendered":"<h2>Neptune Systems Sky LED<\/h2>\n<p>SKY ist eine leistungsstarke 200-W-LED-Aquarienleuchte mit patentierter Diffusortechnologie, die 104 LEDs kombiniert, um ein wunderbar gleichm\u00e4\u00dfiges Feld aus f\u00fcr die Korallengesundheit optimiertem Licht zu erzeugen. Inspiriert von der Natur ahmt das spezielle Diffusor-Array den atmosph\u00e4rischen Filtereffekt nach und gl\u00e4ttet die Ausgabe des robusten LED-Arrays. Diese Innovation behebt h\u00e4ufige Probleme wie Hot Spots und Diskokugeleffekte, die bei vielen LED-Leuchten auftreten, und f\u00fchrt zu einer der am n\u00e4chsten am nat\u00fcrlichen Licht liegenden Ausgaben. Dar\u00fcber hinaus verf\u00fcgt SKY \u00fcber eine gro\u00dfe Oberfl\u00e4che aus diffusem Licht, die den Horizont-zu-Horizont-Effekt der Atmosph\u00e4re nachahmt und so die Schattenbildung deutlich reduziert.<\/p>\n<p>Mit SKY k\u00f6nnen Sie mit weniger Leuchten eine breitere und gleichm\u00e4\u00dfigere Abdeckung erzielen und so sicherstellen, dass die Anforderungen an Gesundheit, Wachstum und leuchtende Farben selbst der anspruchsvollsten Korallen erf\u00fcllt werden. W\u00e4hrend einige Benutzer f\u00fcr ihre Riffbeleuchtung ein nat\u00fcrliches Tageslichtspektrum bevorzugen, tendieren viele zu einem blau-violetten Farbton, um ihre Korallenfarben wirklich hervorzuheben. Unabh\u00e4ngig von Ihren Vorlieben bietet der SKY die Programmieroptionen und die Flexibilit\u00e4t, die Sie brauchen, um Ihren gew\u00fcnschten Look zu erzielen, ohne Kompromisse bei der Lichtqualit\u00e4t einzugehen.<\/p>\n<p><strong>Funktionen<\/strong><\/p>\n<ul>\n<li>Kabelgebundene oder kabellose Verbindung<\/li>\n<li>Apex integriert oder eigenst\u00e4ndig<\/li>\n<li>UV-LED-verbesserter Farb-Pop<\/li>\n<li>Zwei dedizierte Mondlichter (4 LED)<\/li>\n<li>Diffuses Licht<\/li>\n<li>Einstellbarer Schimmer mit optionalem Shimz<\/li>\n<li>Erweitertes W\u00e4rmemanagementsystem<\/li>\n<li>Nahezu ger\u00e4uschloser Betrieb<\/li>\n<li>Niedriges Profil und geringes Gewicht<\/li>\n<li>Mehrere Montageoptionen<\/li>\n<li>UL- und CE-zertifiziert<\/li>\n<\/ul>\n<p><strong>Apex verbunden oder eigenst\u00e4ndiger Betrieb<\/strong><\/p>\n<p>Wenn Sie keinen Apex haben, k\u00f6nnen Sie sich drahtlos \u00fcber Bluetooth mit dem SKY verbinden und ihn mit Ihrem Mobilger\u00e4t bedienen. F\u00fcr diejenigen, die einen Apex-Controller haben, ist die Verbindung des SKY mit Ihrem Apex-\u00d6kosystem ein Kinderspiel \u2013 stecken Sie einfach das integrierte AquaBus-Kabel in einen freien Port an einem Ihrer Module oder der Basiseinheit. Dies erm\u00f6glicht eine schnelle und einfache Einrichtung. Wenn Sie mehrere SKY-Einheiten besitzen, k\u00f6nnen Sie diese mit dem mitgelieferten Y-Kabel miteinander verketten, sodass nur eine AquaBus-Verbindung an Ihrem Apex erforderlich ist.<\/p>\n<p><strong>Erweitertes W\u00e4rmemanagement<\/strong><\/p>\n<p>Der SKY verf\u00fcgt \u00fcber ein erweitertes W\u00e4rmemanagementsystem, das \u00fcber die beiden sichtbaren L\u00fcfter hinausgeht. Warum zwei L\u00fcfter? Mit dieser Konfiguration kann der SKY mit viel niedrigeren Drehzahlen betrieben werden, wodurch die LED k\u00fchler bleibt und eine l\u00e4ngere Lebensdauer Ihrer Leuchte gew\u00e4hrleistet wird. Dar\u00fcber hinaus f\u00fchrt der Betrieb der L\u00fcfter mit niedrigeren Drehzahlen zu einem leiseren Betrieb \u2013 der SKY ist tats\u00e4chlich die leiseste aktiv gek\u00fchlte LED seiner Leistungsklasse und erzeugt bei 100 % Einstellung nur 33 dB auf einem Meter. Im Vergleich dazu \u00fcberschreitet der f\u00fchrende Konkurrent bei voller Leistung 40 dB.<\/p>\n<p>Die L\u00fcfter arbeiten in Verbindung mit einem Temperatur- und Leistungs\u00fcberwachungsalgorithmus, der ihre Geschwindigkeit steuert. Sollte ein L\u00fcfter ausfallen, \u00fcbernimmt der andere und h\u00e4lt den SKY betriebsbereit und sicher gek\u00fchlt, bis Sie einen Ersatz bekommen. Wenn der SKY au\u00dferdem auf \u00fcberm\u00e4\u00dfig hohe Umgebungslufttemperaturen trifft, die seine F\u00e4higkeit zur Selbstk\u00fchlung beeintr\u00e4chtigen, drosselt er die Leistung der LEDs, um sichere Betriebstemperaturen aufrechtzuerhalten.<\/p>\n<p><strong>Mehrere Montageoptionen<\/strong><\/p>\n<p>Im Gegensatz zu vielen Lampen auf dem Markt, die Sie auf ihre spezifischen Montagel\u00f6sungen beschr\u00e4nken, hat Neptune Ihre Optionen erweitert, indem es einen weit verbreiteten Standard einer der beliebtesten verf\u00fcgbaren Marken \u00fcbernommen hat. Neben unserem eleganten schwarzen SKY-Aufh\u00e4ngeset haben Sie jetzt verschiedene M\u00f6glichkeiten, Ihren SKY \u00fcber Ihrem Aquarium zu montieren. Dies macht den SKY zu einer noch kosteng\u00fcnstigeren Option, wenn Sie eine Beleuchtungsaufr\u00fcstung in Betracht ziehen. Dar\u00fcber hinaus arbeiten wir mit Drittanbietern zusammen, um noch mehr Montagel\u00f6sungen f\u00fcr unsere SKY-Kunden zu entwickeln.<\/p>\n<p><strong>Kompatible Tankhalterungen<\/strong><\/p>\n<ul>\n<li>Neptune Systems SKY-Aufh\u00e4ngeset<\/li>\n<li>Ecotech Marine RMS XR30 G5 Tankhalterungssystem<\/li>\n<\/ul>\n<p><strong>Einstellbarer Shimmer<\/strong><\/p>\n<p>Bei Bewegung an der Wasseroberfl\u00e4che erzeugt der SKY ein sanftes Schimmern, das die meisten Aquarianer ansprechend finden. W\u00e4hrend der Entwicklung des SKY haben wir festgestellt, dass das Platzieren eines Diffusors vor der LED normalerweise fast das gesamte Schimmern verringert, was nicht ideal ist. Daher haben wir einen Hybriddiffusor mit durchsichtigen Abdeckungen namens Shimz \u00fcber vier \u00d6ffnungen im Diffusor entwickelt, durch die die wei\u00dfen LEDs ohne Streuung hindurchscheinen k\u00f6nnen. Diese wei\u00dfen LEDs stellen das durch den Diffusor verlorene Schimmern wieder her \u2013 genau im richtigen Ma\u00df. F\u00fcr diejenigen, die noch weniger Schimmer bevorzugen, bieten wir die M\u00f6glichkeit, SKY Diffused Shimz einzutauschen, das separat erh\u00e4ltlich ist.<\/p>\n<p><strong>Abdeckung<\/strong><\/p>\n<ul>\n<li><strong>Maximale Ausbreitung: 76 cm x 91 cm<\/strong> (30&#8243; x 36&#8243;)<\/li>\n<li><strong>Empfohlene Ausbreitung: 60 cm x 76 cm<\/strong> (24&#8243; x 30&#8243;)<\/li>\n<\/ul>\n<p><strong>LED-Details<\/strong><\/p>\n<ul>\n<li>104 LEDs (einschlie\u00dflich UV)<\/li>\n<li>Spezielle Mondlichter<\/li>\n<li>4 steuerbare Kan\u00e4le<\/li>\n<\/ul>\n<p><strong>Spezifikationen<\/strong><\/p>\n<ul>\n<li><strong>Abmessungen: 32,5 cm x 23,5 cm<\/strong> (12,8&#8243; x 9,25&#8243;)<\/li>\n<li><strong>Leistung Eingang:<\/strong> 100-240 VAC 1,8 A 50\/60 Hz<\/li>\n<li><strong>Variable Nutzung (MAX):<\/strong> 219 W<\/li>\n<li><strong>Montagesatz:<\/strong> Separat erh\u00e4ltlich<\/li>\n<\/ul>\n<p><strong>Was ist im Lieferumfang enthalten?<\/strong><\/p>\n<ul>\n<li>SKY LED-Licht<\/li>\n<li>219 W Meanwell-Netzteil<\/li>\n<li>Aquabus Y-Kabel<\/li>\n<li>Orangefarbenes Logo (vorinstalliert)<\/li>\n<li>Graues Logo<\/li>\n<li>4 x M5-Montageschrauben<\/li>\n<\/ul>\n","protected":false},"excerpt":{"rendered":"<p>Neptune Systems Sky LED SKY ist eine leistungsstarke 200-W-LED-Aquarienleuchte mit patentierter Diffusortechnologie, die 104 LEDs kombiniert, um ein wunderbar gleichm\u00e4\u00dfiges Feld aus f\u00fcr die Korallengesundheit optimiertem Licht zu erzeugen. Inspiriert von der Natur ahmt das spezielle Diffusor-Array den atmosph\u00e4rischen Filtereffekt nach und gl\u00e4ttet die Ausgabe des robusten LED-Arrays. Diese Innovation behebt h\u00e4ufige Probleme wie Hot [&#8230;]\n","protected":false},"featured_media":84132,"template":"","meta":[],"pwb-brand":[2179],"product_cat":[1384,1423],"product_tag":[],"class_list":{"0":"post-85415","1":"product","2":"type-product","3":"status-publish","4":"has-post-thumbnail","6":"pwb-brand-neptune-systems","7":"product_cat-led-de","8":"product_cat-neptune-systems-de","10":"first","11":"instock","12":"taxable","13":"shipping-taxable","14":"purchasable","15":"product-type-simple"},"acf":[],"brands":[{"id":2179,"name":"Neptune Systems","slug":"neptune-systems"}],"_links":{"self":[{"href":"https:\/\/www.seaflowerstore.com\/de\/wp-json\/wp\/v2\/product\/85415","targetHints":{"allow":["GET"]}}],"collection":[{"href":"https:\/\/www.seaflowerstore.com\/de\/wp-json\/wp\/v2\/product"}],"about":[{"href":"https:\/\/www.seaflowerstore.com\/de\/wp-json\/wp\/v2\/types\/product"}],"wp:featuredmedia":[{"embeddable":true,"href":"https:\/\/www.seaflowerstore.com\/de\/wp-json\/wp\/v2\/media\/84132"}],"wp:attachment":[{"href":"https:\/\/www.seaflowerstore.com\/de\/wp-json\/wp\/v2\/media?parent=85415"}],"wp:term":[{"taxonomy":"pwb-brand","embeddable":true,"href":"https:\/\/www.seaflowerstore.com\/de\/wp-json\/wp\/v2\/pwb-brand?post=85415"},{"taxonomy":"product_cat","embeddable":true,"href":"https:\/\/www.seaflowerstore.com\/de\/wp-json\/wp\/v2\/product_cat?post=85415"},{"taxonomy":"product_tag","embeddable":true,"href":"https:\/\/www.seaflowerstore.com\/de\/wp-json\/wp\/v2\/product_tag?post=85415"}],"curies":[{"name":"wp","href":"https:\/\/api.w.org\/{rel}","templated":true}]}}