{"id":85416,"date":"2022-03-06T17:28:44","date_gmt":"2022-03-06T16:29:38","guid":{"rendered":"https:\/\/www.seaflowerstore.com\/nl\/aquaforest-af-no3-lab-200ml\/"},"modified":"2022-03-06T17:28:44","modified_gmt":"2022-03-06T16:29:38","slug":"aquaforest-af-no3-lab-200ml","status":"publish","type":"product","link":"https:\/\/www.seaflowerstore.com\/de\/aquaforest-af-no3-lab-200ml\/","title":{"rendered":"Aquaforest AF NO3+ Lab \u2013 200ml"},"content":{"rendered":"<h2>Aquaforest AF NO3+ Lab \u2013 200 ml increases the level of nitrate in marine aquariums<\/h2>\n<p>In einem geschlossenen Aquarien\u00f6kosystem k\u00f6nnen Schwankungen der Parameter recht h\u00e4ufig auftreten. Ein effizientes Filtersystem oder ein \u00dcberma\u00df an n\u00e4hrstoffreduzierenden Medien k\u00f6nnen zu einem pl\u00f6tzlichen Abfall des Nitratgehalts f\u00fchren. Wenn die Nitratkonzentration zu niedrig ist, kann dies das Korallenwachstum verlangsamen oder, schlimmer noch, dauerhafte Sch\u00e4den verursachen.<\/p>\n<p>AF NO3+ ist ein Produkt zur Erh\u00f6hung des Nitratgehalts in Meerwasseraquarien. Dieses Problem niedriger NO3-Werte tritt h\u00e4ufig in Becken mit vielen Korallen und wenigen Fischen auf. AF NO3+ ist eine Quelle f\u00fcr reine Nitrate, die f\u00fcr das gesunde Wachstum von Korallen unerl\u00e4sslich sind. Es ist wichtig zu beachten, dass die Nitratkonzentration eng mit dem Phosphatgehalt im Wasser zusammenh\u00e4ngt. Daher ist es ratsam, vor der Erh\u00f6hung des NO3-Werts in Ihrem Aquarium die PO4-Konzentration zu testen. Die Aufrechterhaltung des richtigen Gleichgewichts zwischen diesen Parametern hilft, das chemische Gleichgewicht in Ihrem Tank aufrechtzuerhalten und \u00fcberm\u00e4\u00dfiges Algenwachstum zu verhindern.<\/p>\n<p>AF NO3+ ist Teil der Aquaforest Lab-Linie, die f\u00fcr Aquarianer entwickelt wurde, die die Parameter ihres Tanks vollst\u00e4ndig kontrollieren m\u00f6chten. Wir empfehlen, vor der Verwendung sowohl den NO3- als auch den PO4-Gehalt zu testen und schrittweise zu dosieren, bis der gew\u00fcnschte Nitratwert erreicht ist. Das Produkt wird in einer praktischen und sicheren Verpackung geliefert, die sich perfekt f\u00fcr den Einsatz in Meerwasseraquarien eignet.<\/p>\n<p><strong>Dosierung:<\/strong><\/p>\n<ul>\n<li>1 ml AF NO3+ zu 100 Litern Aquarienwasser erh\u00f6ht den Nitratgehalt um 0,5 mg\/l (ppm).<\/li>\n<li>Die maximal empfohlene Tagesdosis betr\u00e4gt: 1 ml\/100 Liter Wasser.<\/li>\n<li>Der optimale Nitratwert (NO3) f\u00fcr ein Riffaquarium betr\u00e4gt 1-4 mg\/l (ppm).<\/li>\n<li>\u00dcberpr\u00fcfen Sie den Nitratgehalt regelm\u00e4\u00dfig und dosieren Sie nur, wenn er zu niedrig ist.<\/li>\n<li>Stellen Sie sicher, dass der Nitratgehalt korrekt ist, und verwenden Sie ein zuverl\u00e4ssiges Testkit.<\/li>\n<\/ul>\n","protected":false},"excerpt":{"rendered":"<p>Aquaforest AF NO3+ Lab \u2013 200 ml increases the level of nitrate in marine aquariums<\/p>\n","protected":false},"featured_media":84131,"template":"","meta":[],"pwb-brand":[2199],"product_cat":[1391,1414],"product_tag":[],"class_list":{"0":"post-85416","1":"product","2":"type-product","3":"status-publish","4":"has-post-thumbnail","6":"pwb-brand-aquaforest","7":"product_cat-ergaenzungen","8":"product_cat-aquaforest-de","10":"first","11":"instock","12":"sale","13":"taxable","14":"shipping-taxable","15":"purchasable","16":"product-type-simple"},"acf":[],"brands":[{"id":2199,"name":"Aquaforest","slug":"aquaforest"}],"_links":{"self":[{"href":"https:\/\/www.seaflowerstore.com\/de\/wp-json\/wp\/v2\/product\/85416","targetHints":{"allow":["GET"]}}],"collection":[{"href":"https:\/\/www.seaflowerstore.com\/de\/wp-json\/wp\/v2\/product"}],"about":[{"href":"https:\/\/www.seaflowerstore.com\/de\/wp-json\/wp\/v2\/types\/product"}],"wp:featuredmedia":[{"embeddable":true,"href":"https:\/\/www.seaflowerstore.com\/de\/wp-json\/wp\/v2\/media\/84131"}],"wp:attachment":[{"href":"https:\/\/www.seaflowerstore.com\/de\/wp-json\/wp\/v2\/media?parent=85416"}],"wp:term":[{"taxonomy":"pwb-brand","embeddable":true,"href":"https:\/\/www.seaflowerstore.com\/de\/wp-json\/wp\/v2\/pwb-brand?post=85416"},{"taxonomy":"product_cat","embeddable":true,"href":"https:\/\/www.seaflowerstore.com\/de\/wp-json\/wp\/v2\/product_cat?post=85416"},{"taxonomy":"product_tag","embeddable":true,"href":"https:\/\/www.seaflowerstore.com\/de\/wp-json\/wp\/v2\/product_tag?post=85416"}],"curies":[{"name":"wp","href":"https:\/\/api.w.org\/{rel}","templated":true}]}}