{"id":85419,"date":"2022-02-26T15:33:39","date_gmt":"2022-02-26T14:34:14","guid":{"rendered":"https:\/\/www.seaflowerstore.com\/nl\/fauna-marin-color-elements-green-blue-complex\/"},"modified":"2022-02-26T15:33:39","modified_gmt":"2022-02-26T14:34:14","slug":"fauna-marin-color-elements-green-blue-complex","status":"publish","type":"product","link":"https:\/\/www.seaflowerstore.com\/de\/fauna-marin-color-elements-green-blue-complex\/","title":{"rendered":"Fauna Marin Color Elements Green Blue Complex"},"content":{"rendered":"<h2>Fauna Marin Color Elements Green Blue Complex mix of growth and color enhancing trace elements<\/h2>\n<p>Dies ist eine neuartige Mischung aus wachstums- und farbverst\u00e4rkenden Spurenelementen, hergestellt nach einer einzigartigen und experimentell best\u00e4tigten Rezeptur, die sich perfekt an moderne k\u00fcnstliche Meersalzmischungen anpasst. Diese hochmoderne Elementmischung passt den Mikron\u00e4hrstoffverbrauch tropischer Korallen an die Umgebungslichtbedingungen an, die durch LED-Beleuchtungssysteme erzeugt werden.<\/p>\n<p>Sie tr\u00e4gt dazu bei, stabile Bedingungen im Mikron\u00e4hrstoffhaushalt von Korallenriffaquarien aufrechtzuerhalten, wodurch das Korallenwachstum deutlich gesteigert und die Korallenf\u00e4rbung verbessert wird. Dank der speziellen Zusammensetzung dieser Elemente f\u00fchrt diese Mischung nicht zur Ansammlung \u00fcbersch\u00fcssiger giftiger Spurenmetalle und verhindert effektiv das Wachstum unerw\u00fcnschter Algen.<\/p>\n<h3>DOSIERUNG:<\/h3>\n<p>W\u00f6chentlich 2 &#8211; 3 ml pro 100 l Volumen.<\/p>\n<h4>ZUTATEN:<\/h4>\n<p>2 x Eisenkomplex, Mangan, Brom, Kalium, Nickel, Kobalt, Zink, Aluminium, basierend auf organischen und anorganischen Verbindungen.<\/p>\n<p><strong>Geeignet f\u00fcr Balling Light System oder andere Systeme basierend auf Zeolith- oder Pelletfiltration.<\/strong><\/p>\n<h4>VORTEILE:<\/h4>\n<ul>\n<li>Erg\u00e4nzt das Wachstum aktiver Elemente und erh\u00f6ht die Kalzifizierungsrate.<\/li>\n<li>Verbessert das Wachstum und die F\u00e4rbung von Korallengewebe bei SPS- und LPS-Korallen.<\/li>\n<li>Verbessert den Fluoreszenzeffekt.<\/li>\n<li>Sch\u00fctzt Korallen vor Strahlenstress.<\/li>\n<li>Wirksames Konzentrat, dadurch 50 % weniger Verbrauch.<\/li>\n<\/ul>\n","protected":false},"excerpt":{"rendered":"<p>Fauna Marin Color Elements Green Blue Complex mix of growth and color enhancing trace elements<\/p>\n","protected":false},"featured_media":84119,"template":"","meta":[],"pwb-brand":[2177],"product_cat":[1391,1437],"product_tag":[],"class_list":{"0":"post-85419","1":"product","2":"type-product","3":"status-publish","4":"has-post-thumbnail","6":"pwb-brand-fauna-marin","7":"product_cat-ergaenzungen","8":"product_cat-fauna-marin-de","9":"pa_inhoud-250-ml-de","10":"pa_inhoud-500-ml-de","12":"first","13":"instock","14":"sale","15":"taxable","16":"shipping-taxable","17":"purchasable","18":"product-type-variable"},"acf":[],"brands":[{"id":2177,"name":"Fauna Marin","slug":"fauna-marin"}],"_links":{"self":[{"href":"https:\/\/www.seaflowerstore.com\/de\/wp-json\/wp\/v2\/product\/85419","targetHints":{"allow":["GET"]}}],"collection":[{"href":"https:\/\/www.seaflowerstore.com\/de\/wp-json\/wp\/v2\/product"}],"about":[{"href":"https:\/\/www.seaflowerstore.com\/de\/wp-json\/wp\/v2\/types\/product"}],"wp:featuredmedia":[{"embeddable":true,"href":"https:\/\/www.seaflowerstore.com\/de\/wp-json\/wp\/v2\/media\/84119"}],"wp:attachment":[{"href":"https:\/\/www.seaflowerstore.com\/de\/wp-json\/wp\/v2\/media?parent=85419"}],"wp:term":[{"taxonomy":"pwb-brand","embeddable":true,"href":"https:\/\/www.seaflowerstore.com\/de\/wp-json\/wp\/v2\/pwb-brand?post=85419"},{"taxonomy":"product_cat","embeddable":true,"href":"https:\/\/www.seaflowerstore.com\/de\/wp-json\/wp\/v2\/product_cat?post=85419"},{"taxonomy":"product_tag","embeddable":true,"href":"https:\/\/www.seaflowerstore.com\/de\/wp-json\/wp\/v2\/product_tag?post=85419"}],"curies":[{"name":"wp","href":"https:\/\/api.w.org\/{rel}","templated":true}]}}