{"id":85422,"date":"2022-02-26T15:12:43","date_gmt":"2022-02-26T14:13:16","guid":{"rendered":"https:\/\/www.seaflowerstore.com\/nl\/fauna-marin-organic-all-in-one-trace-elements\/"},"modified":"2022-02-26T15:12:43","modified_gmt":"2022-02-26T14:13:16","slug":"fauna-marin-organic-all-in-one-trace-elements","status":"publish","type":"product","link":"https:\/\/www.seaflowerstore.com\/de\/fauna-marin-organic-all-in-one-trace-elements\/","title":{"rendered":"Fauna Marin Organic All in one Trace elements"},"content":{"rendered":"<h2>Fauna Marin Organic All in one Trace elements Extra-power for corals \u2013 by organics!<\/h2>\n<p>Organic ist Ihre L\u00f6sung f\u00fcr die Schaffung eines atemberaubenden Riffaquariums, indem Sie dessen Bewohner mit Bio-Lebensmitteln ern\u00e4hren. Wenn Sie es mit MinS kombinieren, erhalten Ihre Korallen alle wichtigen organischen N\u00e4hrstoffe und organisch gebundenen Spurenelemente, die sie f\u00fcr optimales Wachstum, leuchtende Farben und beeindruckende Polypenausdehnung ben\u00f6tigen.<\/p>\n<p>Dieses Produkt enth\u00e4lt sorgf\u00e4ltig ausgew\u00e4hlte Spurenelemente und lebenswichtige organische N\u00e4hrstoffe, die Ihren Korallen die Energie und Rohstoffe liefern, die f\u00fcr ein gleichm\u00e4\u00dfiges Wachstum erforderlich sind. Bei kontinuierlicher Dosierung k\u00f6nnen Sie mit verbesserter Polypenausdehnung, satterer Farbe und beschleunigtem Korallenwachstum rechnen.<\/p>\n<p><strong>Optimieren Sie Ihre Ergebnisse<\/strong><br \/>\nKombinieren Sie Organic mit Min S f\u00fcr au\u00dfergew\u00f6hnliche Ergebnisse. Zusammen liefern sie wichtige organische N\u00e4hrstoffe und organisch gebundene N\u00e4hrstoffe, um Wachstum, Farbe und Polypenausdehnung Ihrer Korallen zu maximieren.<\/p>\n<p>Organic ist f\u00fcr alle Arten von Korallen, Anemonen und Filtrierern in Ihrem Aquarium geeignet.<\/p>\n<p><strong>Dosierungsempfehlung<\/strong><\/p>\n<ul>\n<li>Als eigenst\u00e4ndiges Produkt: 1 ml pro 100 l (26 gal) pro Tag<\/li>\n<li>Mit Min S: 0,5 ml pro 100 l (26 gal) pro Tag<\/li>\n<\/ul>\n<p><strong>Inhaltsstoffe<\/strong><\/p>\n<ul>\n<li>Organische Kohlenstoffverbindungen<\/li>\n<li>Kaliumverbindungen<\/li>\n<li>Bors\u00e4ure<\/li>\n<li>Lithium<\/li>\n<li>Eisen<\/li>\n<li>Molybd\u00e4n<\/li>\n<li>Zink<\/li>\n<li>Nickel<\/li>\n<li>Chrom<\/li>\n<li>Kobalt<\/li>\n<li>Kupfer<\/li>\n<li>Vanadium<\/li>\n<\/ul>\n","protected":false},"excerpt":{"rendered":"<p>Fauna Marin Organic All in one Trace elements Extra-power for corals \u2013 by organics!<\/p>\n","protected":false},"featured_media":84115,"template":"","meta":[],"pwb-brand":[2177],"product_cat":[1391,1437],"product_tag":[],"class_list":{"0":"post-85422","1":"product","2":"type-product","3":"status-publish","4":"has-post-thumbnail","6":"pwb-brand-fauna-marin","7":"product_cat-ergaenzungen","8":"product_cat-fauna-marin-de","9":"pa_inhoud-1000-ml-de","10":"pa_inhoud-250-ml-de","11":"pa_inhoud-500-ml-de","13":"first","14":"instock","15":"sale","16":"taxable","17":"shipping-taxable","18":"purchasable","19":"product-type-variable"},"acf":[],"brands":[{"id":2177,"name":"Fauna Marin","slug":"fauna-marin"}],"_links":{"self":[{"href":"https:\/\/www.seaflowerstore.com\/de\/wp-json\/wp\/v2\/product\/85422","targetHints":{"allow":["GET"]}}],"collection":[{"href":"https:\/\/www.seaflowerstore.com\/de\/wp-json\/wp\/v2\/product"}],"about":[{"href":"https:\/\/www.seaflowerstore.com\/de\/wp-json\/wp\/v2\/types\/product"}],"wp:featuredmedia":[{"embeddable":true,"href":"https:\/\/www.seaflowerstore.com\/de\/wp-json\/wp\/v2\/media\/84115"}],"wp:attachment":[{"href":"https:\/\/www.seaflowerstore.com\/de\/wp-json\/wp\/v2\/media?parent=85422"}],"wp:term":[{"taxonomy":"pwb-brand","embeddable":true,"href":"https:\/\/www.seaflowerstore.com\/de\/wp-json\/wp\/v2\/pwb-brand?post=85422"},{"taxonomy":"product_cat","embeddable":true,"href":"https:\/\/www.seaflowerstore.com\/de\/wp-json\/wp\/v2\/product_cat?post=85422"},{"taxonomy":"product_tag","embeddable":true,"href":"https:\/\/www.seaflowerstore.com\/de\/wp-json\/wp\/v2\/product_tag?post=85422"}],"curies":[{"name":"wp","href":"https:\/\/api.w.org\/{rel}","templated":true}]}}