{"id":85426,"date":"2022-02-26T14:40:44","date_gmt":"2022-02-26T13:47:21","guid":{"rendered":"https:\/\/www.seaflowerstore.com\/nl\/microbe-lift-reefscaper\/"},"modified":"2022-02-26T14:40:44","modified_gmt":"2022-02-26T13:47:21","slug":"microbe-lift-reefscaper","status":"publish","type":"product","link":"https:\/\/www.seaflowerstore.com\/de\/microbe-lift-reefscaper\/","title":{"rendered":"Microbe-Lift Reefscaper"},"content":{"rendered":"<h2>Microbe-Lift Reefscaper is a specially developed reef &amp; coral cement<\/h2>\n<p><strong>Reefscaper<\/strong> ist ein innovativer Riff- und Korallenkleber, der speziell zum Verkleben von Riffen, Stein- und Keramikstrukturen sowie zum Befestigen von Korallen und Ablegern in jedem Salzwasseraquarium entwickelt wurde. Dieses Produkt ist frei von Schadstoffen wie Schwermetallen wie Chrom und enth\u00e4lt keine unerw\u00fcnschten Silikate.<\/p>\n<p><strong>Reefscaper<\/strong> ist benutzerfreundlich, h\u00e4rtet sehr schnell aus und bietet eine hervorragende Umgebung f\u00fcr das Gedeihen von Korallenalgen und n\u00fctzlichen Bakterien.<\/p>\n<p><strong>Tipps:<\/strong><\/p>\n<ul>\n<li>Wenn Sie Sand als F\u00fcllstoff verwenden, achten Sie darauf, dass er sauber und trocken ist. Wir empfehlen die Verwendung von Korallensand f\u00fcr Salzwasseraquarien und Fluss- oder Quarzsand f\u00fcr S\u00fc\u00dfwasseraquarien.<\/li>\n<li>Tragen Sie beim Arbeiten mit Reefscaper immer Einweghandschuhe.<\/li>\n<li>Stellen Sie bei der Anwendung auf Glas sicher, dass das Glas entfettet, trocken und sauber ist.<\/li>\n<\/ul>\n<p><strong>Anwendung:<\/strong> F\u00fcr optimale Ergebnisse verwenden Sie etwa 3 Teile Reefscaper auf 1 Teil Wasser. Dies entspricht beispielsweise 150 g Reefscaper gemischt mit 50 g Wasser. Die Abbindezeit betr\u00e4gt etwa 2 Minuten.<\/p>\n<p>Alternativ k\u00f6nnen Sie etwa 2 Teile Reefscaper, 1 Teil Sand und \u00be Teil Wasser mischen. Dies w\u00e4ren beispielsweise 100 g Reefscaper, 50 g Sand und 37,5 g Wasser.<\/p>\n<p>Denken Sie daran, dass warmes Wasser die Abbindezeit beschleunigt, w\u00e4hrend kaltes Wasser sie verlangsamen kann. Das Mischungsverh\u00e4ltnis kann leicht variieren, daher m\u00f6glichst innerhalb einer Minute anmischen und sofort verwenden. Nach ca. 24 Stunden ist es sowohl an der Luft als auch unter Wasser vollst\u00e4ndig ausgeh\u00e4rtet.<\/p>\n","protected":false},"excerpt":{"rendered":"<p>Microbe-Lift Reefscaper is a specially developed reef &amp; coral cement<\/p>\n","protected":false},"featured_media":84113,"template":"","meta":[],"pwb-brand":[2227],"product_cat":[1405],"product_tag":[],"class_list":{"0":"post-85426","1":"product","2":"type-product","3":"status-publish","4":"has-post-thumbnail","6":"pwb-brand-microbe-lift","7":"product_cat-korallenkleber-versiegelungsmittel","8":"pa_inhoud-1000-gr-de","9":"pa_inhoud-450-gr-de","10":"pa_inhoud-500-gr-de","11":"pa_inhoud-850-g-2","13":"first","14":"instock","15":"taxable","16":"shipping-taxable","17":"purchasable","18":"product-type-variable"},"acf":[],"brands":[{"id":2227,"name":"Microbe-Lift","slug":"microbe-lift"}],"_links":{"self":[{"href":"https:\/\/www.seaflowerstore.com\/de\/wp-json\/wp\/v2\/product\/85426","targetHints":{"allow":["GET"]}}],"collection":[{"href":"https:\/\/www.seaflowerstore.com\/de\/wp-json\/wp\/v2\/product"}],"about":[{"href":"https:\/\/www.seaflowerstore.com\/de\/wp-json\/wp\/v2\/types\/product"}],"wp:featuredmedia":[{"embeddable":true,"href":"https:\/\/www.seaflowerstore.com\/de\/wp-json\/wp\/v2\/media\/84113"}],"wp:attachment":[{"href":"https:\/\/www.seaflowerstore.com\/de\/wp-json\/wp\/v2\/media?parent=85426"}],"wp:term":[{"taxonomy":"pwb-brand","embeddable":true,"href":"https:\/\/www.seaflowerstore.com\/de\/wp-json\/wp\/v2\/pwb-brand?post=85426"},{"taxonomy":"product_cat","embeddable":true,"href":"https:\/\/www.seaflowerstore.com\/de\/wp-json\/wp\/v2\/product_cat?post=85426"},{"taxonomy":"product_tag","embeddable":true,"href":"https:\/\/www.seaflowerstore.com\/de\/wp-json\/wp\/v2\/product_tag?post=85426"}],"curies":[{"name":"wp","href":"https:\/\/api.w.org\/{rel}","templated":true}]}}