{"id":85429,"date":"2022-02-22T11:56:40","date_gmt":"2022-02-22T11:02:40","guid":{"rendered":"https:\/\/www.seaflowerstore.com\/nl\/ati-zeolith-plus\/"},"modified":"2022-02-22T11:56:40","modified_gmt":"2022-02-22T11:02:40","slug":"ati-zeolith-plus","status":"publish","type":"product","link":"https:\/\/www.seaflowerstore.com\/de\/ati-zeolith-plus\/","title":{"rendered":"ATI Zeolith plus"},"content":{"rendered":"<h2>ATI Zeolith plus removes ammonia and ammonium<\/h2>\n<p>ATI Zeolith <em>plus<\/em> ist ein mikropor\u00f6ses Gestein, das aus vulkanischer Aktivit\u00e4t stammt und einen hohen Anteil an Klinoptilolith aufweist. Dieses Produkt ist eine vollst\u00e4ndig nat\u00fcrliche Zeolithmischung und enth\u00e4lt keine chemischen Zus\u00e4tze oder Farbstoffe.<\/p>\n<p>Die einzigartige mikropor\u00f6se Struktur des Materials bietet hervorragende Adsorptionseigenschaften. <strong>ATI Zeolith plus<\/strong> entfernt effektiv Ammoniak und Ammonium und tr\u00e4gt so zur Reduzierung von N\u00e4hrstoffen bei, die zu Algenwachstum f\u00fchren k\u00f6nnen. Dies verst\u00e4rkt auch die leuchtenden Farben der Korallen.<\/p>\n<p>Dar\u00fcber hinaus ist <strong>ATI Zeolith plus<\/strong> perfekt f\u00fcr den Einsatz in Salzwasseraquarien geeignet, da es wasserunl\u00f6slich ist und keine giftigen Substanzen freisetzt.<\/p>\n","protected":false},"excerpt":{"rendered":"<p>ATI Zeolith\u00a0<em>plus\u00a0<\/em>is a micro porous rock of volcanic origin and removes ammonia and ammonium<\/p>\n","protected":false},"featured_media":84111,"template":"","meta":[],"pwb-brand":[2131],"product_cat":[1395,1453,1493],"product_tag":[],"class_list":{"0":"post-85429","1":"product","2":"type-product","3":"status-publish","4":"has-post-thumbnail","6":"pwb-brand-ati","7":"product_cat-ati-de","8":"product_cat-nitrat-und-phosphatentferner","9":"product_cat-vulling-de","10":"pa_inhoud-2000-ml-de","11":"pa_inhoud-5000-ml-de","13":"first","14":"outofstock","15":"taxable","16":"shipping-taxable","17":"purchasable","18":"product-type-variable"},"acf":[],"brands":[{"id":2131,"name":"ATI","slug":"ati"}],"_links":{"self":[{"href":"https:\/\/www.seaflowerstore.com\/de\/wp-json\/wp\/v2\/product\/85429","targetHints":{"allow":["GET"]}}],"collection":[{"href":"https:\/\/www.seaflowerstore.com\/de\/wp-json\/wp\/v2\/product"}],"about":[{"href":"https:\/\/www.seaflowerstore.com\/de\/wp-json\/wp\/v2\/types\/product"}],"wp:featuredmedia":[{"embeddable":true,"href":"https:\/\/www.seaflowerstore.com\/de\/wp-json\/wp\/v2\/media\/84111"}],"wp:attachment":[{"href":"https:\/\/www.seaflowerstore.com\/de\/wp-json\/wp\/v2\/media?parent=85429"}],"wp:term":[{"taxonomy":"pwb-brand","embeddable":true,"href":"https:\/\/www.seaflowerstore.com\/de\/wp-json\/wp\/v2\/pwb-brand?post=85429"},{"taxonomy":"product_cat","embeddable":true,"href":"https:\/\/www.seaflowerstore.com\/de\/wp-json\/wp\/v2\/product_cat?post=85429"},{"taxonomy":"product_tag","embeddable":true,"href":"https:\/\/www.seaflowerstore.com\/de\/wp-json\/wp\/v2\/product_tag?post=85429"}],"curies":[{"name":"wp","href":"https:\/\/api.w.org\/{rel}","templated":true}]}}