{"id":85432,"date":"2022-02-22T09:14:01","date_gmt":"2022-02-22T08:19:13","guid":{"rendered":"https:\/\/www.seaflowerstore.com\/nl\/ghl-profilux-4e-white\/"},"modified":"2022-02-22T09:14:01","modified_gmt":"2022-02-22T08:19:13","slug":"ghl-profilux-4e-white","status":"publish","type":"product","link":"https:\/\/www.seaflowerstore.com\/de\/ghl-profilux-4e-white\/","title":{"rendered":"GHL ProfiLux 4e white"},"content":{"rendered":"<h2>ProfiLux 4e white<\/h2>\n<p>Der ProfiLux 4e bietet das gleiche Ma\u00df an Qualit\u00e4t und Zuverl\u00e4ssigkeit wie das Flaggschiff ProfiLux 4. Das \u201ee\u201c in ProfiLux 4e steht f\u00fcr \u201eessentiell\u201c. Dieses Modell bietet einen attraktiveren Preis bei gleichzeitig hohem Standard.<\/p>\n<p>Im Vergleich zum ProfiLux 4 verf\u00fcgt der ProfiLux 4e \u00fcber <strong>einen<\/strong> umschaltbaren <strong>pH\/ORP-Eingang<\/strong> statt zwei und hat <strong>keinen<\/strong> Leitf\u00e4higkeitseingang. Zudem wurde die Anzahl der S-Ports (digitale Ausg\u00e4nge und Anschl\u00fcsse f\u00fcr klassische Steckdosenleisten) reduziert. Abgesehen von diesen \u00c4nderungen ist der ProfiLux 4e identisch mit dem ProfiLux 4.<\/p>\n<p>Sie k\u00f6nnen den vollen Funktionsumfang des ProfiLux 4 jederzeit problemlos aufr\u00fcsten. Dies ist durch Einstecken von Erweiterungskarten oder durch Anschlie\u00dfen einer Erweiterungsbox m\u00f6glich. Die integrierten WLAN- und USB-Anschl\u00fcsse sorgen f\u00fcr hervorragende Konnektivit\u00e4t und halten Sie \u00fcber eine Weboberfl\u00e4che, E-Mail und den myGHL-Cloud-Dienst \u00fcber den Status Ihres Aquariums auf dem Laufenden.<\/p>\n<table class=\"tg cke_show_border\">\n<tbody>\n<tr>\n<td class=\"tg-031e\">Abmessungen<\/td>\n<td class=\"tg-031e\">B x T x H: 220 x 150 x 55 mm \/ 8,66\u2033 x 5,91\u2033 x 2,17\u2033<\/td>\n<\/tr>\n<tr>\n<td class=\"tg-031e\">Lieferumfang<\/td>\n<td class=\"tg-031e\">Netzteil, Wassertemperatursensor, USB-Kabel, Nullstecker<\/td>\n<\/tr>\n<\/tbody>\n<\/table>\n","protected":false},"excerpt":{"rendered":"<p>GHL Profilux 4e Aquarium Controller for controlling light, and measurement and control of pH\/Redox and Temperature. Power Supply, Digital Temperature Sensor and USB-Cable included.<\/p>\n","protected":false},"featured_media":84109,"template":"","meta":[],"pwb-brand":[2157],"product_cat":[1408],"product_tag":[],"class_list":{"0":"post-85432","1":"product","2":"type-product","3":"status-publish","4":"has-post-thumbnail","6":"pwb-brand-ghl","7":"product_cat-computer-de","9":"first","10":"outofstock","11":"taxable","12":"shipping-taxable","13":"purchasable","14":"product-type-simple"},"acf":[],"brands":[{"id":2157,"name":"GHL","slug":"ghl"}],"_links":{"self":[{"href":"https:\/\/www.seaflowerstore.com\/de\/wp-json\/wp\/v2\/product\/85432","targetHints":{"allow":["GET"]}}],"collection":[{"href":"https:\/\/www.seaflowerstore.com\/de\/wp-json\/wp\/v2\/product"}],"about":[{"href":"https:\/\/www.seaflowerstore.com\/de\/wp-json\/wp\/v2\/types\/product"}],"wp:featuredmedia":[{"embeddable":true,"href":"https:\/\/www.seaflowerstore.com\/de\/wp-json\/wp\/v2\/media\/84109"}],"wp:attachment":[{"href":"https:\/\/www.seaflowerstore.com\/de\/wp-json\/wp\/v2\/media?parent=85432"}],"wp:term":[{"taxonomy":"pwb-brand","embeddable":true,"href":"https:\/\/www.seaflowerstore.com\/de\/wp-json\/wp\/v2\/pwb-brand?post=85432"},{"taxonomy":"product_cat","embeddable":true,"href":"https:\/\/www.seaflowerstore.com\/de\/wp-json\/wp\/v2\/product_cat?post=85432"},{"taxonomy":"product_tag","embeddable":true,"href":"https:\/\/www.seaflowerstore.com\/de\/wp-json\/wp\/v2\/product_tag?post=85432"}],"curies":[{"name":"wp","href":"https:\/\/api.w.org\/{rel}","templated":true}]}}