{"id":85433,"date":"2022-02-20T17:57:41","date_gmt":"2022-02-20T17:02:44","guid":{"rendered":"https:\/\/www.seaflowerstore.com\/nl\/sicce-xstream-sdc-8500\/"},"modified":"2022-02-20T17:57:41","modified_gmt":"2022-02-20T17:02:44","slug":"sicce-xstream-sdc-8500","status":"publish","type":"product","link":"https:\/\/www.seaflowerstore.com\/de\/sicce-xstream-sdc-8500\/","title":{"rendered":"Sicce XSTREAM SDC 8500"},"content":{"rendered":"<h2>Sicce XSTREAM SDC 8500 propeller pump 1000-8500 liter\/hour<\/h2>\n<p>Die XStream SDC-Propellerpumpe ist eine fantastische Erg\u00e4nzung zu SICCEs Cloud-basierter Familie vernetzter Wi-Fi-Aquarienger\u00e4te, zu der auch die SYNCRA SDC-Reihe geh\u00f6rt. Indem Sie die KOSTENLOSE ContrALL-App herunterladen, k\u00f6nnen Sie die Pumpe ganz einfach von Ihrem Smartphone aus steuern. Die App bietet mehrere voreingestellte Programme und Sie k\u00f6nnen sogar ein benutzerdefiniertes Programm oder einen Zeitplan erstellen, der den Anforderungen Ihres Aquariums entspricht. Sie erhalten Echtzeit-Feedback zum Status der Pumpe und ein Warnsystem benachrichtigt Sie, falls Probleme auftreten. Wenn Sie m\u00f6chten, k\u00f6nnen Sie die Wasserdurchflussrate auch direkt \u00fcber den angeschlossenen Controller anpassen. Dieser Controller stellt sicher, dass Sie die Pumpe auch dann weiter verwenden k\u00f6nnen, wenn das WLAN-Netzwerk vor\u00fcbergehend nicht verf\u00fcgbar ist.<\/p>\n<div class=\"category-features\">\n<h4>Hauptfunktionen<\/h4>\n<table border=\"0\">\n<tbody>\n<tr>\n<td><strong>XSTREAM SDC <\/strong><\/td>\n<td><strong>CONTROLLER (im Lieferumfang enthalten)<\/strong><\/td>\n<\/tr>\n<tr>\n<td>Anwendung im Wasser<\/td>\n<td>Nicht tauchf\u00e4hig<\/td>\n<\/tr>\n<tr>\n<td>Einfach zu reinigen<\/td>\n<td>Synchronisierung mehrerer Pumpen<\/td>\n<\/tr>\n<tr>\n<td>Selbstreinigendes Laufrad<\/td>\n<td>Kostenloser Download der ContrALL-App<\/td>\n<\/tr>\n<tr>\n<td>Edelstahl AISI 316 Welle + Keramiklager<\/td>\n<td>Voreingestellte PROGRAMME und MODI f\u00fcr Wellenbewegungen. Vollst\u00e4ndig BENUTZERDEFINIERTE OPTIONEN: <strong>PROGRAMME<\/strong>: Sinusf\u00f6rmig \u2013 Puls \u2013 Konstante Geschwindigkeit \u2013 Gezeiten \u2013 Benutzerdefinierte Gezeiten \u2013 Benutzerdefinierte Wellen \u2013 Programme\/Zeit mischen. <strong>MODI<\/strong>: Lagunenkr\u00e4uselung \u2013 Scharfe Brandung \u2013 Riffkamm \u2013 Langsame Str\u00f6mung \u2013 Schnelle Str\u00f6mung.<\/td>\n<\/tr>\n<tr>\n<td>Kausichere Spiralkabelabdeckung<\/td>\n<td>WARNUNGEN: 1. Blockierter Rotorschutz 2. Trockenlaufschutz 3. Signalverlust (bei Strom- oder WLAN-Trennung)<\/td>\n<\/tr>\n<tr>\n<td>Breiter und sanfter Durchfluss<\/td>\n<td>NEU Wassertemperatursensor<\/td>\n<\/tr>\n<tr>\n<td>Extrem kompakt<\/td>\n<td>Niedrige Spannung \u2013 12 V<\/td>\n<\/tr>\n<\/tbody>\n<\/table>\n<\/div>\n<table>\n<tbody>\n<tr>\n<td>Q-Max<\/td>\n<td>1000 \u2013 8500 l\/h<\/td>\n<\/tr>\n<tr>\n<td>Spannung<\/td>\n<td>12 V<\/td>\n<\/tr>\n<tr>\n<td>Watt<\/td>\n<td>12<\/td>\n<\/tr>\n<tr>\n<td>RVOX06E<\/td>\n<td>Kabel 2,2 m &#8211; EU 2P<\/td>\n<\/tr>\n<\/tbody>\n<\/table>\n<h3>Top-Eigenschaften<\/h3>\n<p><strong>Magnethalterung mit zus\u00e4tzlichem Gummi zur Vermeidung von Vibrationen. Magnethalterung f\u00fcr Glas bis 20 mm.<\/strong><\/p>\n<ul class=\"carTopTec\">\n<li>\n<div class=\"carTecImage\">\n<a class=\"fancybox\" href=\"https:\/\/www.sicce.com\/pub\/media\/catalog\/category\/Movimento_1.png\" rel=\"nofollow noopener\" target=\"_blank\"><br \/>\n<img decoding=\"async\" src=\"https:\/\/www.sicce.com\/pub\/media\/catalog\/category\/Movimento_1.png\" \/><br \/>\n<\/a>\n<\/div>\n<div class=\"carTecName\">360\u00b0-Drehung der Pumpe f\u00fcr einfache Positionierung entsprechend Ihren individuellen Anforderungen.<\/div>\n<\/li>\n<li>\n<div class=\"carTecImage\">\n<a class=\"fancybox\" href=\"https:\/\/www.sicce.com\/pub\/media\/catalog\/category\/XStream_SDC_multiple_pumps.png\" rel=\"nofollow noopener\" target=\"_blank\"><br \/>\n<img decoding=\"async\" src=\"https:\/\/www.sicce.com\/pub\/media\/catalog\/category\/XStream_SDC_multiple_pumps.png\" \/><br \/>\n<\/a>\n<\/div>\n<div class=\"carTecName\">Vollst\u00e4ndig anpassbares Setup f\u00fcr Ihren Tank, das die Steuerung mehrerer Pumpen erm\u00f6glicht (entweder XStream SDC oder Syncra SDC).<\/div>\n<\/li>\n<li>\n<div class=\"carTecImage\">\n<a class=\"fancybox\" href=\"https:\/\/www.sicce.com\/pub\/media\/catalog\/category\/controller_SDC.png\" rel=\"nofollow noopener\" target=\"_blank\"><br \/>\n<img decoding=\"async\" src=\"https:\/\/www.sicce.com\/pub\/media\/catalog\/category\/controller_SDC.png\" \/><br \/>\n<\/a>\n<\/div>\n<div class=\"carTecName\">Steuerung der Pumpe\/n entweder \u00fcber die App oder direkt mit dem Controller.<\/div>\n<\/li>\n<li>\n<div class=\"carTecImage\">\n<a class=\"fancybox\" href=\"https:\/\/www.sicce.com\/pub\/media\/catalog\/category\/ContrALL_schema_EN.jpg\" rel=\"nofollow noopener\" target=\"_blank\"><br \/>\n<img decoding=\"async\" src=\"https:\/\/www.sicce.com\/pub\/media\/catalog\/category\/ContrALL_schema_EN.jpg\" \/><br \/>\n<\/a>\n<\/div>\n<div class=\"carTecName\"><\/div>\n<\/li>\n<\/ul>\n","protected":false},"excerpt":{"rendered":"<p>Sicce XSTREAM SDC 8500 propeller pump 1000-8500 liter\/hour<\/p>\n","protected":false},"featured_media":84107,"template":"","meta":[],"pwb-brand":[2163],"product_cat":[1388,2104],"product_tag":[],"class_list":{"0":"post-85433","1":"product","2":"type-product","3":"status-publish","4":"has-post-thumbnail","6":"pwb-brand-sicce","7":"product_cat-stroemungspumpen","8":"product_cat-sicce-de","10":"first","11":"outofstock","12":"taxable","13":"shipping-taxable","14":"purchasable","15":"product-type-simple"},"acf":[],"brands":[{"id":2163,"name":"Sicce","slug":"sicce"}],"_links":{"self":[{"href":"https:\/\/www.seaflowerstore.com\/de\/wp-json\/wp\/v2\/product\/85433","targetHints":{"allow":["GET"]}}],"collection":[{"href":"https:\/\/www.seaflowerstore.com\/de\/wp-json\/wp\/v2\/product"}],"about":[{"href":"https:\/\/www.seaflowerstore.com\/de\/wp-json\/wp\/v2\/types\/product"}],"wp:featuredmedia":[{"embeddable":true,"href":"https:\/\/www.seaflowerstore.com\/de\/wp-json\/wp\/v2\/media\/84107"}],"wp:attachment":[{"href":"https:\/\/www.seaflowerstore.com\/de\/wp-json\/wp\/v2\/media?parent=85433"}],"wp:term":[{"taxonomy":"pwb-brand","embeddable":true,"href":"https:\/\/www.seaflowerstore.com\/de\/wp-json\/wp\/v2\/pwb-brand?post=85433"},{"taxonomy":"product_cat","embeddable":true,"href":"https:\/\/www.seaflowerstore.com\/de\/wp-json\/wp\/v2\/product_cat?post=85433"},{"taxonomy":"product_tag","embeddable":true,"href":"https:\/\/www.seaflowerstore.com\/de\/wp-json\/wp\/v2\/product_tag?post=85433"}],"curies":[{"name":"wp","href":"https:\/\/api.w.org\/{rel}","templated":true}]}}