{"id":85434,"date":"2022-02-19T11:11:34","date_gmt":"2022-02-19T10:12:27","guid":{"rendered":"https:\/\/www.seaflowerstore.com\/nl\/ghl-replacement-y-splitter-cable-for-kh-and-ion-director\/"},"modified":"2022-02-19T11:11:34","modified_gmt":"2022-02-19T10:12:27","slug":"ghl-replacement-y-splitter-cable-for-kh-and-ion-director","status":"publish","type":"product","link":"https:\/\/www.seaflowerstore.com\/de\/ghl-replacement-y-splitter-cable-for-kh-and-ion-director\/","title":{"rendered":"GHL Replacement Y-splitter cable for KH and ION Director"},"content":{"rendered":"<h2>GHL Replacement Y-splitter cable for KH and ION Director<\/h2>\n<p>Das Ersatz-Y-Splitterkabel wurde speziell f\u00fcr die ION- und KH-Directors entwickelt. Mit diesem praktischen Kabel k\u00f6nnen Sie eine Stromquelle aufteilen, um bis zu zwei Ger\u00e4te anzuschlie\u00dfen.<\/p>\n<p><strong>Hauptmerkmale:<\/strong><\/p>\n<ul>\n<li>Einfache Verwendung mit ION- und KH-Director-Ger\u00e4ten<\/li>\n<li>Bietet eine zuverl\u00e4ssige Stromverbindung f\u00fcr mehrere Ger\u00e4te<\/li>\n<li>Hochwertige Konstruktion f\u00fcr Langlebigkeit<\/li>\n<\/ul>\n<p>Dieses Y-Splitterkabel ist perfekt f\u00fcr alle, die ihr Setup optimieren und gleichzeitig sicherstellen m\u00f6chten, dass alle Ger\u00e4te den ben\u00f6tigten Strom erhalten. Mit dieser L\u00f6sung k\u00f6nnen Sie alles organisiert und reibungslos am Laufen halten.<\/p>\n","protected":false},"excerpt":{"rendered":"<p>GHL Replacement Y-splitter cable for KH and ION Director for splitting one power source to up to 2 devices<\/p>\n","protected":false},"featured_media":84106,"template":"","meta":[],"pwb-brand":[2157],"product_cat":[1387],"product_tag":[],"class_list":{"0":"post-85434","1":"product","2":"type-product","3":"status-publish","4":"has-post-thumbnail","6":"pwb-brand-ghl","7":"product_cat-messsysteme","9":"first","10":"outofstock","11":"taxable","12":"shipping-taxable","13":"purchasable","14":"product-type-simple"},"acf":[],"brands":[{"id":2157,"name":"GHL","slug":"ghl"}],"_links":{"self":[{"href":"https:\/\/www.seaflowerstore.com\/de\/wp-json\/wp\/v2\/product\/85434","targetHints":{"allow":["GET"]}}],"collection":[{"href":"https:\/\/www.seaflowerstore.com\/de\/wp-json\/wp\/v2\/product"}],"about":[{"href":"https:\/\/www.seaflowerstore.com\/de\/wp-json\/wp\/v2\/types\/product"}],"wp:featuredmedia":[{"embeddable":true,"href":"https:\/\/www.seaflowerstore.com\/de\/wp-json\/wp\/v2\/media\/84106"}],"wp:attachment":[{"href":"https:\/\/www.seaflowerstore.com\/de\/wp-json\/wp\/v2\/media?parent=85434"}],"wp:term":[{"taxonomy":"pwb-brand","embeddable":true,"href":"https:\/\/www.seaflowerstore.com\/de\/wp-json\/wp\/v2\/pwb-brand?post=85434"},{"taxonomy":"product_cat","embeddable":true,"href":"https:\/\/www.seaflowerstore.com\/de\/wp-json\/wp\/v2\/product_cat?post=85434"},{"taxonomy":"product_tag","embeddable":true,"href":"https:\/\/www.seaflowerstore.com\/de\/wp-json\/wp\/v2\/product_tag?post=85434"}],"curies":[{"name":"wp","href":"https:\/\/api.w.org\/{rel}","templated":true}]}}