{"id":85435,"date":"2022-02-17T18:02:02","date_gmt":"2022-02-17T17:02:02","guid":{"rendered":"https:\/\/www.seaflowerstore.com\/nl\/dd-single-channel-dosing-pump-pro-version\/"},"modified":"2022-02-17T18:02:02","modified_gmt":"2022-02-17T17:03:55","slug":"dd-single-channel-dosing-pump-pro-version","status":"publish","type":"product","link":"https:\/\/www.seaflowerstore.com\/de\/dd-single-channel-dosing-pump-pro-version\/","title":{"rendered":"DD Single Channel Dosing Pump Pro Version"},"content":{"rendered":"<h2>DD Single Channel Dosing Pump Pro Version high quality product with excellent reliability<\/h2>\n<div class=\"field-item odd\">\n<div class=\"background-default\">\n<div class=\"container\">\n<div class=\"row\">\n<div class=\"entity entity-paragraphs-item paragraphs-item-just-text col-xs-12\">\n<div class=\"content\">\n<p><big>P1 PRO Dosierpumpe<\/big><\/p>\n<p>Die D-D P1 PRO ist eine intelligente Einkanal-Dosierpumpe mit WLAN-Steuerung. Mit diesem Ger\u00e4t k\u00f6nnen Sie die Zugabe von fl\u00fcssigen Zusatzstoffen und Elementen zu Ihrem Aquarium auf genaue und kontrollierte Weise automatisieren.<\/p>\n<p>Diese Pumpen sind das Ergebnis einer Zusammenarbeit zwischen D-D und Kamoer, einem Unternehmen, das f\u00fcr die Herstellung hochwertiger Dosierger\u00e4te in medizinischer Qualit\u00e4t bekannt ist. Diese Partnerschaft stellt sicher, dass Sie ein zuverl\u00e4ssiges Produkt erhalten.<\/p>\n<p><strong>Bitte beachten:<\/strong> Diese Pumpen sind nicht f\u00fcr den Dauerbetrieb oder Wasserwechselanwendungen vorgesehen. F\u00fcr den Dauer- oder Langzeitgebrauch empfehlen wir eine Schrittmotorpumpe wie die Kamoer FXSTP oder D-D P1STP.<\/p>\n<\/div>\n<\/div>\n<\/div>\n<\/div>\n<\/div>\n<div class=\"field-item even\">\n<div class=\"background-default\">\n<div class=\"entity entity-paragraphs-item paragraphs-item-text-with-image-on-right text-with-image container\">\n<div class=\"content\">\n<div class=\"row\">\n<div class=\"col-sm-8\">\n<div class=\"field field-name-field-body field-type-text-long field-label-hidden\">\n<div class=\"field-items\">\n<div class=\"field-item even\">\n<p><span style=\"font-size: 23.04px\">Funktionen<\/span><\/p>\n<ul>\n<li>Einzeldosierkopf<\/li>\n<li>Einstellbares Dosiervolumen<\/li>\n<li>Kompatibel mit der Kamoer Remote-App f\u00fcr iOS und Android<\/li>\n<li><strong>Kompakte Abmessungen: L 95 mm x B 60 mm x H 83 mm<\/strong><\/li>\n<li>Direktantrieb, Pumpenkopf mit Getriebe f\u00fcr verbesserte Genauigkeit<\/li>\n<li>Batterie-Backup-Funktion h\u00e4lt die richtige Zeit<\/li>\n<li>Langlebiger Pharmed BPT-Pumpenschlauch<\/li>\n<li>Gewindeanschl\u00fcsse am Pumpenkopf f\u00fcr zus\u00e4tzliche Sicherheit<\/li>\n<li>Kalibrierungsfunktion enthalten<\/li>\n<li>Mehrere P1 PRO-Einheiten k\u00f6nnen in Reihe geschaltet werden<\/li>\n<li>Manuelle oder automatische Dosiermodi verf\u00fcgbar<\/li>\n<li>Bis zu 24 Dosierpunkte pro Tag<\/li>\n<li>Maximal empfohlene Dosierung: 10 l pro 24 Stunden<\/li>\n<li>Anpassbare Dosierung Zeitr\u00e4ume<\/li>\n<li>Dosierungsh\u00e4ufigkeitsoptionen: t\u00e4glich, alle \u201eX\u201c Tage oder bestimmte Tage<\/li>\n<li>Berechnet und zeigt die verbleibende Fl\u00fcssigkeitsmenge im Dosierbeh\u00e4lter an<\/li>\n<li>Erfordert eine <strong>2,4G-WLAN-Verbindung<\/strong><\/li>\n<li>Die D-D P1 Pro-Firmware kann \u00fcber die App aktualisiert werden<\/li>\n<\/ul>\n<\/div>\n<\/div>\n<\/div>\n<\/div>\n<\/div>\n<\/div>\n<\/div>\n<\/div>\n<\/div>\n<\/div>\n<\/div>\n<\/div>\n","protected":false},"excerpt":{"rendered":"<p>DD Single Channel Dosing Pump Pro Version \u00a0high quality product with excellent reliability<\/p>\n","protected":false},"featured_media":84105,"template":"","meta":[],"pwb-brand":[2137],"product_cat":[1406],"product_tag":[],"class_list":{"0":"post-85435","1":"product","2":"type-product","3":"status-publish","4":"has-post-thumbnail","6":"pwb-brand-d-d-the-aquarium-solution","7":"product_cat-dosierpumpen","9":"first","10":"outofstock","11":"sale","12":"taxable","13":"shipping-taxable","14":"purchasable","15":"product-type-simple"},"acf":[],"brands":[{"id":2137,"name":"D-D the aquarium solution","slug":"d-d-the-aquarium-solution"}],"_links":{"self":[{"href":"https:\/\/www.seaflowerstore.com\/de\/wp-json\/wp\/v2\/product\/85435","targetHints":{"allow":["GET"]}}],"collection":[{"href":"https:\/\/www.seaflowerstore.com\/de\/wp-json\/wp\/v2\/product"}],"about":[{"href":"https:\/\/www.seaflowerstore.com\/de\/wp-json\/wp\/v2\/types\/product"}],"wp:featuredmedia":[{"embeddable":true,"href":"https:\/\/www.seaflowerstore.com\/de\/wp-json\/wp\/v2\/media\/84105"}],"wp:attachment":[{"href":"https:\/\/www.seaflowerstore.com\/de\/wp-json\/wp\/v2\/media?parent=85435"}],"wp:term":[{"taxonomy":"pwb-brand","embeddable":true,"href":"https:\/\/www.seaflowerstore.com\/de\/wp-json\/wp\/v2\/pwb-brand?post=85435"},{"taxonomy":"product_cat","embeddable":true,"href":"https:\/\/www.seaflowerstore.com\/de\/wp-json\/wp\/v2\/product_cat?post=85435"},{"taxonomy":"product_tag","embeddable":true,"href":"https:\/\/www.seaflowerstore.com\/de\/wp-json\/wp\/v2\/product_tag?post=85435"}],"curies":[{"name":"wp","href":"https:\/\/api.w.org\/{rel}","templated":true}]}}