{"id":85439,"date":"2022-02-17T13:25:00","date_gmt":"2022-02-17T12:29:49","guid":{"rendered":"https:\/\/www.seaflowerstore.com\/nl\/chemi-pure-green-nano-pack-5-in-1\/"},"modified":"2022-02-17T13:25:00","modified_gmt":"2022-02-17T12:29:49","slug":"chemi-pure-green-nano-pack-5-in-1","status":"publish","type":"product","link":"https:\/\/www.seaflowerstore.com\/de\/chemi-pure-green-nano-pack-5-in-1\/","title":{"rendered":"Chemi Pure Green Nano &#8211; (pack 5 in 1)"},"content":{"rendered":"<h2>Chemi Pure Green Nano &#8211; (pack 5 in 1)<\/h2>\n<p><strong>Chemi-pure Green<\/strong> ist das erstklassige All-in-One-Filtermedium, das speziell <strong>f\u00fcr S\u00fc\u00dfwasseraquarien<\/strong> entwickelt wurde. Es ist praktisch <strong>verpackt in einer einfach zu handhabenden Nylontasche<\/strong> und somit eine problemlose Wahl f\u00fcr Aquarienliebhaber. Dieses Produkt ist so formuliert, dass es eine au\u00dfergew\u00f6hnliche Filterung bietet und gleichzeitig sicherstellt, dass wichtige N\u00e4hrstoffe erhalten bleiben.<\/p>\n<p><strong>Chemi-pure Green<\/strong> bietet eine einzigartige Mischung, die <strong>h\u00f6chste Qualit\u00e4t von staubarmer, pelletierter Aktivkohle zusammen mit erstklassigen Ionenaustauscherharzen<\/strong> enth\u00e4lt. Diese Kombination ergibt eine ausgewogene Formel, die f\u00fcr die Gesundheit und das Wohlbefinden Ihrer Wasserpflanzen optimiert ist und gleichzeitig kristallklares Wasser liefert.<\/p>\n","protected":false},"excerpt":{"rendered":"<p>Chemi Pure Green Nano &#8211; (pack 5 in 1) is de ultieme alles-in-\u00e9\u00e9n filtermedia voor zoetwateraquaria<\/p>\n","protected":false},"featured_media":84103,"template":"","meta":[],"pwb-brand":[2211],"product_cat":[1486],"product_tag":[],"class_list":{"0":"post-85439","1":"product","2":"type-product","3":"status-publish","4":"has-post-thumbnail","6":"pwb-brand-boyd-enterprises","7":"product_cat-zusatzstoffe","9":"first","10":"instock","11":"taxable","12":"shipping-taxable","13":"purchasable","14":"product-type-simple"},"acf":[],"brands":[{"id":2211,"name":"Boyd Enterprises","slug":"boyd-enterprises"}],"_links":{"self":[{"href":"https:\/\/www.seaflowerstore.com\/de\/wp-json\/wp\/v2\/product\/85439","targetHints":{"allow":["GET"]}}],"collection":[{"href":"https:\/\/www.seaflowerstore.com\/de\/wp-json\/wp\/v2\/product"}],"about":[{"href":"https:\/\/www.seaflowerstore.com\/de\/wp-json\/wp\/v2\/types\/product"}],"wp:featuredmedia":[{"embeddable":true,"href":"https:\/\/www.seaflowerstore.com\/de\/wp-json\/wp\/v2\/media\/84103"}],"wp:attachment":[{"href":"https:\/\/www.seaflowerstore.com\/de\/wp-json\/wp\/v2\/media?parent=85439"}],"wp:term":[{"taxonomy":"pwb-brand","embeddable":true,"href":"https:\/\/www.seaflowerstore.com\/de\/wp-json\/wp\/v2\/pwb-brand?post=85439"},{"taxonomy":"product_cat","embeddable":true,"href":"https:\/\/www.seaflowerstore.com\/de\/wp-json\/wp\/v2\/product_cat?post=85439"},{"taxonomy":"product_tag","embeddable":true,"href":"https:\/\/www.seaflowerstore.com\/de\/wp-json\/wp\/v2\/product_tag?post=85439"}],"curies":[{"name":"wp","href":"https:\/\/api.w.org\/{rel}","templated":true}]}}