{"id":85443,"date":"2022-02-15T15:14:50","date_gmt":"2022-02-15T14:16:01","guid":{"rendered":"https:\/\/www.seaflowerstore.com\/nl\/grotech-corafix-quick-black-115g\/"},"modified":"2022-02-15T15:14:50","modified_gmt":"2022-02-15T14:16:01","slug":"grotech-corafix-quick-black-115g","status":"publish","type":"product","link":"https:\/\/www.seaflowerstore.com\/de\/grotech-corafix-quick-black-115g\/","title":{"rendered":"Grotech CoraFix Quick &#8211; black 115g"},"content":{"rendered":"<h2>Grotech CoraFix Quick &#8211; black 115g Coralglue<\/h2>\n<p><strong>Grotech CoraFix Quick<\/strong> ist der perfekte Korallenkleber, der speziell zum Befestigen von Steinkorallen sowie Leder- und Weichkorallen auf einem festen Untergrund in Ihrem Aquarium entwickelt wurde.<\/p>\n<ul>\n<li>Dieser Kleber h\u00e4rtet unter Wasser aus und eignet sich daher gut f\u00fcr Anwendungen im Wasser.<\/li>\n<li>Er wird bald von roten Kalkalgen oder Korallengewebe bedeckt sein und sich nahtlos in Ihre Umgebung einf\u00fcgen.<\/li>\n<\/ul>\n<p><strong>Hier sind einige Gebrauchsanweisungen, um optimale Ergebnisse zu erzielen:<\/strong><\/p>\n<ol>\n<li>Reinigen Sie zun\u00e4chst die Oberfl\u00e4chen von Algenwachstum und rauhen Sie sie nach M\u00f6glichkeit auf. Raue Oberfl\u00e4chen sorgen f\u00fcr eine bessere Haftung.<\/li>\n<li>Schneiden Sie die ben\u00f6tigte Menge ab und kneten Sie diese, bis Sie eine gleichm\u00e4\u00dfige Farbe erhalten und die Masse warm wird.<\/li>\n<li>Dr\u00fccken Sie die Teile, die Sie verbinden m\u00f6chten, in die geknetete Masse und formen Sie sie nach Bedarf.<\/li>\n<li>Die Eintopfzeit f\u00fcr den Korallenkleber betr\u00e4gt ca. 5 Minuten, die Aush\u00e4rtungszeit ca. 3 Stunden.<\/li>\n<li>Keine Angst, der Kleber besch\u00e4digt das Korallengewebe bei Kontakt nicht.<\/li>\n<\/ol>\n","protected":false},"excerpt":{"rendered":"<p>Grotech CoraFix Quick &#8211; black 115g Coralglue<\/p>\n","protected":false},"featured_media":84100,"template":"","meta":[],"pwb-brand":[2135],"product_cat":[1405],"product_tag":[],"class_list":{"0":"post-85443","1":"product","2":"type-product","3":"status-publish","4":"has-post-thumbnail","6":"pwb-brand-grotech","7":"product_cat-korallenkleber-versiegelungsmittel","9":"first","10":"instock","11":"taxable","12":"shipping-taxable","13":"purchasable","14":"product-type-simple"},"acf":[],"brands":[{"id":2135,"name":"Grotech","slug":"grotech"}],"_links":{"self":[{"href":"https:\/\/www.seaflowerstore.com\/de\/wp-json\/wp\/v2\/product\/85443","targetHints":{"allow":["GET"]}}],"collection":[{"href":"https:\/\/www.seaflowerstore.com\/de\/wp-json\/wp\/v2\/product"}],"about":[{"href":"https:\/\/www.seaflowerstore.com\/de\/wp-json\/wp\/v2\/types\/product"}],"wp:featuredmedia":[{"embeddable":true,"href":"https:\/\/www.seaflowerstore.com\/de\/wp-json\/wp\/v2\/media\/84100"}],"wp:attachment":[{"href":"https:\/\/www.seaflowerstore.com\/de\/wp-json\/wp\/v2\/media?parent=85443"}],"wp:term":[{"taxonomy":"pwb-brand","embeddable":true,"href":"https:\/\/www.seaflowerstore.com\/de\/wp-json\/wp\/v2\/pwb-brand?post=85443"},{"taxonomy":"product_cat","embeddable":true,"href":"https:\/\/www.seaflowerstore.com\/de\/wp-json\/wp\/v2\/product_cat?post=85443"},{"taxonomy":"product_tag","embeddable":true,"href":"https:\/\/www.seaflowerstore.com\/de\/wp-json\/wp\/v2\/product_tag?post=85443"}],"curies":[{"name":"wp","href":"https:\/\/api.w.org\/{rel}","templated":true}]}}