{"id":85444,"date":"2022-02-15T14:40:31","date_gmt":"2022-02-15T13:42:58","guid":{"rendered":"https:\/\/www.seaflowerstore.com\/nl\/ghl-ion-director-multi-reference-1000-ml\/"},"modified":"2022-02-15T14:40:31","modified_gmt":"2022-02-15T13:42:58","slug":"ghl-ion-director-multi-reference-1000-ml","status":"publish","type":"product","link":"https:\/\/www.seaflowerstore.com\/de\/ghl-ion-director-multi-reference-1000-ml\/","title":{"rendered":"GHL ION Director Multi Reference &#8211; 1000 ml"},"content":{"rendered":"<h2>GHL ION Director Multi Reference &#8211; 1000 ml<\/h2>\n<p>Dies ist eine hochpr\u00e4zise und stabilisierte Referenzl\u00f6sung, die f\u00fcr die Kalibrierung und Gegenpr\u00fcfung des ION Directors entwickelt wurde. Es bietet eine maximale Toleranz von +\/- 1 %.<\/p>\n<table border=\"0\" width=\"214\" cellspacing=\"1\" cellpadding=\"1\" align=\"left\">\n<tbody>\n<tr>\n<td>Ca:<\/td>\n<td>420<\/td>\n<td>mg\/l<\/td>\n<\/tr>\n<tr>\n<td>Mg:<\/td>\n<td>1300<\/td>\n<td>mg\/l<\/td>\n<\/tr>\n<tr>\n<td>K:<\/td>\n<td>390<\/td>\n<td>mg\/l<\/td>\n<\/tr>\n<tr>\n<td>Na:<\/td>\n<td>10700<\/td>\n<td>mg\/l<\/td>\n<\/tr>\n<tr>\n<td>NO<sub>3<\/sub><\/td>\n<td>11<\/td>\n<td>mg\/l<\/td>\n<\/tr>\n<\/tbody>\n<\/table>\n","protected":false},"excerpt":{"rendered":"<p>GHL ION Director Multi Reference is a Highly precise and stabilized reference solution<\/p>\n","protected":false},"featured_media":84099,"template":"","meta":[],"pwb-brand":[2157],"product_cat":[1387,1399,1500],"product_tag":[],"class_list":{"0":"post-85444","1":"product","2":"type-product","3":"status-publish","4":"has-post-thumbnail","6":"pwb-brand-ghl","7":"product_cat-messsysteme","8":"product_cat-referenz-fluessigkeiten","9":"product_cat-referenzfluessigkeiten","11":"first","12":"instock","13":"taxable","14":"shipping-taxable","15":"purchasable","16":"product-type-simple"},"acf":[],"brands":[{"id":2157,"name":"GHL","slug":"ghl"}],"_links":{"self":[{"href":"https:\/\/www.seaflowerstore.com\/de\/wp-json\/wp\/v2\/product\/85444","targetHints":{"allow":["GET"]}}],"collection":[{"href":"https:\/\/www.seaflowerstore.com\/de\/wp-json\/wp\/v2\/product"}],"about":[{"href":"https:\/\/www.seaflowerstore.com\/de\/wp-json\/wp\/v2\/types\/product"}],"wp:featuredmedia":[{"embeddable":true,"href":"https:\/\/www.seaflowerstore.com\/de\/wp-json\/wp\/v2\/media\/84099"}],"wp:attachment":[{"href":"https:\/\/www.seaflowerstore.com\/de\/wp-json\/wp\/v2\/media?parent=85444"}],"wp:term":[{"taxonomy":"pwb-brand","embeddable":true,"href":"https:\/\/www.seaflowerstore.com\/de\/wp-json\/wp\/v2\/pwb-brand?post=85444"},{"taxonomy":"product_cat","embeddable":true,"href":"https:\/\/www.seaflowerstore.com\/de\/wp-json\/wp\/v2\/product_cat?post=85444"},{"taxonomy":"product_tag","embeddable":true,"href":"https:\/\/www.seaflowerstore.com\/de\/wp-json\/wp\/v2\/product_tag?post=85444"}],"curies":[{"name":"wp","href":"https:\/\/api.w.org\/{rel}","templated":true}]}}