{"id":85445,"date":"2022-02-15T14:27:13","date_gmt":"2022-02-15T13:28:08","guid":{"rendered":"https:\/\/www.seaflowerstore.com\/nl\/ghl-ion-director-reference-b\/"},"modified":"2022-02-15T14:27:13","modified_gmt":"2022-02-15T13:28:08","slug":"ghl-ion-director-reference-b","status":"publish","type":"product","link":"https:\/\/www.seaflowerstore.com\/de\/ghl-ion-director-reference-b\/","title":{"rendered":"GHL ION Director Reference B"},"content":{"rendered":"<h2>GHL ION Director Reference B<\/h2>\n<p><strong>Hochpr\u00e4zise und stabilisierte Referenzl\u00f6sung f\u00fcr ION Director.<\/strong><\/p>\n","protected":false},"excerpt":{"rendered":"<p>GHL ION Director Reference B Highly precise and stabilized reference solution for ION Director<\/p>\n","protected":false},"featured_media":84098,"template":"","meta":[],"pwb-brand":[2157],"product_cat":[1387],"product_tag":[],"class_list":{"0":"post-85445","1":"product","2":"type-product","3":"status-publish","4":"has-post-thumbnail","6":"pwb-brand-ghl","7":"product_cat-messsysteme","8":"pa_inhoud-1000-ml-de","9":"pa_inhoud-500-ml-de","11":"first","12":"instock","13":"taxable","14":"shipping-taxable","15":"purchasable","16":"product-type-variable"},"acf":[],"brands":[{"id":2157,"name":"GHL","slug":"ghl"}],"_links":{"self":[{"href":"https:\/\/www.seaflowerstore.com\/de\/wp-json\/wp\/v2\/product\/85445","targetHints":{"allow":["GET"]}}],"collection":[{"href":"https:\/\/www.seaflowerstore.com\/de\/wp-json\/wp\/v2\/product"}],"about":[{"href":"https:\/\/www.seaflowerstore.com\/de\/wp-json\/wp\/v2\/types\/product"}],"wp:featuredmedia":[{"embeddable":true,"href":"https:\/\/www.seaflowerstore.com\/de\/wp-json\/wp\/v2\/media\/84098"}],"wp:attachment":[{"href":"https:\/\/www.seaflowerstore.com\/de\/wp-json\/wp\/v2\/media?parent=85445"}],"wp:term":[{"taxonomy":"pwb-brand","embeddable":true,"href":"https:\/\/www.seaflowerstore.com\/de\/wp-json\/wp\/v2\/pwb-brand?post=85445"},{"taxonomy":"product_cat","embeddable":true,"href":"https:\/\/www.seaflowerstore.com\/de\/wp-json\/wp\/v2\/product_cat?post=85445"},{"taxonomy":"product_tag","embeddable":true,"href":"https:\/\/www.seaflowerstore.com\/de\/wp-json\/wp\/v2\/product_tag?post=85445"}],"curies":[{"name":"wp","href":"https:\/\/api.w.org\/{rel}","templated":true}]}}