{"id":85455,"date":"2022-02-13T11:51:20","date_gmt":"2022-02-13T10:53:40","guid":{"rendered":"https:\/\/www.seaflowerstore.com\/nl\/aqua-medic-heat-controller-duo-ii\/"},"modified":"2022-02-13T11:51:20","modified_gmt":"2022-02-13T10:53:40","slug":"aqua-medic-heat-controller-duo-ii","status":"publish","type":"product","link":"https:\/\/www.seaflowerstore.com\/de\/aqua-medic-heat-controller-duo-ii\/","title":{"rendered":"Aqua Medic Heat Controller Duo II"},"content":{"rendered":"<h2>Aqua Medic Heat Controller Duo II for controlling and monitoring of under gravel heater and other heating systems<\/h2>\n<p>Der <strong>Heat Controller Duo II<\/strong> ist f\u00fcr die gleichzeitige Steuerung von Heizger\u00e4ten und Kiesheizungen konzipiert und sorgt f\u00fcr eine pr\u00e4zise Temperaturregelung. Er bietet eine Mess- und Schaltgenauigkeit von 0,1 \u00b0C und einen Regelbereich von 0 bis 50 \u00b0C. Sie k\u00f6nnen die gew\u00fcnschte Temperatur in 0,1 \u00b0C-Schritten einstellen und die Genauigkeit bleibt auf 1 \u00b0C genau.<\/p>\n<p>Dieses Ger\u00e4t kann eine maximale Belastung von 1.200 Watt f\u00fcr Heizsysteme und Kiesheizungen bew\u00e4ltigen. Dank der eingebauten Doppelsteckdose k\u00f6nnen Sie sowohl ein Heizger\u00e4t als auch eine Kiesheizung gleichzeitig anschlie\u00dfen.<\/p>\n<p>Der <strong>Heat Controller Duo II<\/strong> wird mit einem Temperaturf\u00fchler zur einfachen \u00dcberwachung geliefert. Das LCD-Display bietet Echtzeit-Updates zur aktuellen Temperatur, Uhrzeit und zum Status der angeschlossenen Ger\u00e4te.<\/p>\n<p>Das Heizkabel wird mit einem Timer betrieben, sodass Sie den Ein-\/Ausschaltplan programmieren k\u00f6nnen. Wird die gew\u00fcnschte Temperatur nicht erreicht, schaltet sich die Bodenheizung automatisch ein. Um eine \u00dcberhitzung zu vermeiden, schalten sich beide Steckdosen ab, sobald die eingestellte Temperatur erreicht ist.<\/p>\n","protected":false},"excerpt":{"rendered":"<p>Aqua Medic Heat Controller Duo II for controlling and monitoring of under gravel heater and other heating systems<\/p>\n","protected":false},"featured_media":84084,"template":"","meta":[],"pwb-brand":[2149],"product_cat":[1467,1421],"product_tag":[],"class_list":{"0":"post-85455","1":"product","2":"type-product","3":"status-publish","4":"has-post-thumbnail","6":"pwb-brand-aqua-medic","7":"product_cat-temperatur","8":"product_cat-aqua-medic-de","10":"first","11":"outofstock","12":"taxable","13":"shipping-taxable","14":"purchasable","15":"product-type-simple"},"acf":[],"brands":[{"id":2149,"name":"Aqua Medic","slug":"aqua-medic"}],"_links":{"self":[{"href":"https:\/\/www.seaflowerstore.com\/de\/wp-json\/wp\/v2\/product\/85455","targetHints":{"allow":["GET"]}}],"collection":[{"href":"https:\/\/www.seaflowerstore.com\/de\/wp-json\/wp\/v2\/product"}],"about":[{"href":"https:\/\/www.seaflowerstore.com\/de\/wp-json\/wp\/v2\/types\/product"}],"wp:featuredmedia":[{"embeddable":true,"href":"https:\/\/www.seaflowerstore.com\/de\/wp-json\/wp\/v2\/media\/84084"}],"wp:attachment":[{"href":"https:\/\/www.seaflowerstore.com\/de\/wp-json\/wp\/v2\/media?parent=85455"}],"wp:term":[{"taxonomy":"pwb-brand","embeddable":true,"href":"https:\/\/www.seaflowerstore.com\/de\/wp-json\/wp\/v2\/pwb-brand?post=85455"},{"taxonomy":"product_cat","embeddable":true,"href":"https:\/\/www.seaflowerstore.com\/de\/wp-json\/wp\/v2\/product_cat?post=85455"},{"taxonomy":"product_tag","embeddable":true,"href":"https:\/\/www.seaflowerstore.com\/de\/wp-json\/wp\/v2\/product_tag?post=85455"}],"curies":[{"name":"wp","href":"https:\/\/api.w.org\/{rel}","templated":true}]}}