{"id":85456,"date":"2022-02-12T18:09:55","date_gmt":"2022-02-12T17:09:55","guid":{"rendered":"https:\/\/www.seaflowerstore.com\/nl\/fauna-marin-coral-kit-black\/"},"modified":"2022-02-12T18:09:55","modified_gmt":"2022-02-12T17:10:23","slug":"fauna-marin-coral-kit-black","status":"publish","type":"product","link":"https:\/\/www.seaflowerstore.com\/de\/fauna-marin-coral-kit-black\/","title":{"rendered":"Fauna Marin Coral kit black"},"content":{"rendered":"<h2>Fauna Marin Coral kit black<\/h2>\n<h4>Schwarzer 2-Komponenten-Epoxid-Korallenkleber f\u00fcr Ableger und Dekorationen in Salz- und S\u00fc\u00dfwasseraquarien oder Teichen<\/h4>\n<p>Das Fauna Marin Coral Kit ist ein schwarzer, epoxidbasierter Korallenkleber, der auch unter Wasser aush\u00e4rtet. Er erm\u00f6glicht das sichere Verkleben von Korallenablegern direkt im Aquarium sowie die dauerhafte Befestigung von Dekorationen wie Riffkeramik und Lebendgestein. Dieser Kleber haftet auch auf Glas.<\/p>\n<h4><strong>GEBRAUCHSANWEISUNG F\u00dcR DAS CORAL KIT:<\/strong><\/h4>\n<ul>\n<li>Schneiden Sie ein kleines St\u00fcck vom Coral Kit ab.<\/li>\n<li>Kneten Sie den Kleber mit Ihren H\u00e4nden, bis er warm und weich wird. Das sollte etwa 2 Minuten dauern.<\/li>\n<li>Dr\u00fccken Sie die Steine, Korallen oder anderen Gegenst\u00e4nde, die Sie mit dem Coral Kit zusammenkleben m\u00f6chten, zusammen.<\/li>\n<li>Halten Sie sie 2-3 Minuten an Ort und Stelle, bis sie sicher verbunden sind.<\/li>\n<\/ul>\n<p>Der Coral Kit-Kleber h\u00e4rtet innerhalb von 3-5 Minuten aus.<\/p>\n<h5><strong>INHALT:<\/strong><\/h5>\n<p>114 Gramm<\/p>\n","protected":false},"excerpt":{"rendered":"<p>Fauna Marin Coral kit black Black 2 component Epoxy Coral Glue for frags and decorations in salt- and freshwater-aquaria or ponds<\/p>\n","protected":false},"featured_media":84082,"template":"","meta":[],"pwb-brand":[2177],"product_cat":[1405,1437],"product_tag":[],"class_list":{"0":"post-85456","1":"product","2":"type-product","3":"status-publish","4":"has-post-thumbnail","6":"pwb-brand-fauna-marin","7":"product_cat-korallenkleber-versiegelungsmittel","8":"product_cat-fauna-marin-de","10":"first","11":"outofstock","12":"taxable","13":"shipping-taxable","14":"purchasable","15":"product-type-simple"},"acf":[],"brands":[{"id":2177,"name":"Fauna Marin","slug":"fauna-marin"}],"_links":{"self":[{"href":"https:\/\/www.seaflowerstore.com\/de\/wp-json\/wp\/v2\/product\/85456","targetHints":{"allow":["GET"]}}],"collection":[{"href":"https:\/\/www.seaflowerstore.com\/de\/wp-json\/wp\/v2\/product"}],"about":[{"href":"https:\/\/www.seaflowerstore.com\/de\/wp-json\/wp\/v2\/types\/product"}],"wp:featuredmedia":[{"embeddable":true,"href":"https:\/\/www.seaflowerstore.com\/de\/wp-json\/wp\/v2\/media\/84082"}],"wp:attachment":[{"href":"https:\/\/www.seaflowerstore.com\/de\/wp-json\/wp\/v2\/media?parent=85456"}],"wp:term":[{"taxonomy":"pwb-brand","embeddable":true,"href":"https:\/\/www.seaflowerstore.com\/de\/wp-json\/wp\/v2\/pwb-brand?post=85456"},{"taxonomy":"product_cat","embeddable":true,"href":"https:\/\/www.seaflowerstore.com\/de\/wp-json\/wp\/v2\/product_cat?post=85456"},{"taxonomy":"product_tag","embeddable":true,"href":"https:\/\/www.seaflowerstore.com\/de\/wp-json\/wp\/v2\/product_tag?post=85456"}],"curies":[{"name":"wp","href":"https:\/\/api.w.org\/{rel}","templated":true}]}}