{"id":85457,"date":"2022-02-12T17:22:32","date_gmt":"2022-02-12T16:23:41","guid":{"rendered":"https:\/\/www.seaflowerstore.com\/nl\/ghl-kh-reference-1000-ml\/"},"modified":"2022-02-12T17:22:32","modified_gmt":"2022-02-12T16:23:41","slug":"ghl-kh-reference-1000-ml","status":"publish","type":"product","link":"https:\/\/www.seaflowerstore.com\/de\/ghl-kh-reference-1000-ml\/","title":{"rendered":"GHL KH Reference 1000 ml"},"content":{"rendered":"<h2>GHL KH Reference 1000 ml<\/h2>\n<p>Die GHL KH Reference 1000 ml ist eine 7,5\u00b0dkH-Referenzfl\u00fcssigkeit zum \u00dcberpr\u00fcfen und Kalibrieren von KH-Werten. Sie ist mit dem KH Director und anderen KH-Messger\u00e4ten, einschlie\u00dflich Testkits, kompatibel. Dieses Produkt bietet eine maximale Toleranz von +\/- 0,2 dKh und gew\u00e4hrleistet genaue und zuverl\u00e4ssige Messungen f\u00fcr Ihre Anforderungen.<\/p>\n","protected":false},"excerpt":{"rendered":"<h2>GHL KH Reference 1000 ml 7.5\u00b0dkH<\/h2>\n","protected":false},"featured_media":84081,"template":"","meta":[],"pwb-brand":[2157],"product_cat":[1399],"product_tag":[],"class_list":{"0":"post-85457","1":"product","2":"type-product","3":"status-publish","4":"has-post-thumbnail","6":"pwb-brand-ghl","7":"product_cat-referenz-fluessigkeiten","9":"first","10":"instock","11":"taxable","12":"shipping-taxable","13":"purchasable","14":"product-type-simple"},"acf":[],"brands":[{"id":2157,"name":"GHL","slug":"ghl"}],"_links":{"self":[{"href":"https:\/\/www.seaflowerstore.com\/de\/wp-json\/wp\/v2\/product\/85457","targetHints":{"allow":["GET"]}}],"collection":[{"href":"https:\/\/www.seaflowerstore.com\/de\/wp-json\/wp\/v2\/product"}],"about":[{"href":"https:\/\/www.seaflowerstore.com\/de\/wp-json\/wp\/v2\/types\/product"}],"wp:featuredmedia":[{"embeddable":true,"href":"https:\/\/www.seaflowerstore.com\/de\/wp-json\/wp\/v2\/media\/84081"}],"wp:attachment":[{"href":"https:\/\/www.seaflowerstore.com\/de\/wp-json\/wp\/v2\/media?parent=85457"}],"wp:term":[{"taxonomy":"pwb-brand","embeddable":true,"href":"https:\/\/www.seaflowerstore.com\/de\/wp-json\/wp\/v2\/pwb-brand?post=85457"},{"taxonomy":"product_cat","embeddable":true,"href":"https:\/\/www.seaflowerstore.com\/de\/wp-json\/wp\/v2\/product_cat?post=85457"},{"taxonomy":"product_tag","embeddable":true,"href":"https:\/\/www.seaflowerstore.com\/de\/wp-json\/wp\/v2\/product_tag?post=85457"}],"curies":[{"name":"wp","href":"https:\/\/api.w.org\/{rel}","templated":true}]}}