{"id":85458,"date":"2022-02-12T16:31:45","date_gmt":"2022-02-12T15:33:41","guid":{"rendered":"https:\/\/www.seaflowerstore.com\/nl\/fauna-marin-bacto-energy\/"},"modified":"2025-04-12T13:41:26","modified_gmt":"2025-04-12T11:41:26","slug":"fauna-marin-bacto-energy","status":"publish","type":"product","link":"https:\/\/www.seaflowerstore.com\/de\/fauna-marin-bacto-energy\/","title":{"rendered":"Fauna Marin Bacto Energy"},"content":{"rendered":"<h2>Fauna Marin Bacto Energy is a special carbon source designed to feed nutrient reducing bacteria in marine aquariums<\/h2>\n<p>BACTO ENERGY ist eine einzigartige Kohlenstoffquelle, die zur Ern\u00e4hrung n\u00e4hrstoffreduzierender Bakterien in Meerwasseraquarien entwickelt wurde.<\/p>\n<ul>\n<li>Reduziert sicher Nitrit, Nitrat und Phosphat<\/li>\n<li>Bietet eine zuverl\u00e4ssige Methode zur Entfernung von Stickstoffverbindungen<\/li>\n<li>Unterst\u00fctzt direkt denitrifizierende Bakterien (die n\u00fctzliche Art)<\/li>\n<li>Hochkonzentriert f\u00fcr kosteng\u00fcnstige Dosierung<\/li>\n<li>Einfach zu dosieren und 100 % riffsicher<\/li>\n<\/ul>\n<p><strong>Dosierung:<\/strong> Verwenden Sie t\u00e4glich 2 bis 5 ml pro 1000 Liter, abh\u00e4ngig vom N\u00e4hrstoffgehalt und der Anzahl der Tiere in Ihrem Becken. Bei \u00e4lteren Becken mit erh\u00f6htem N\u00e4hrstoffgehalt ist es ratsam, zuerst den Phosphatgehalt mit ULTRA PHOS zu senken und dann die Dosierung auf 75 % zu verringern. Sie k\u00f6nnen die Dosierung alle zwei Wochen schrittweise um ca. 10% erh\u00f6hen, dabei sollten Sie stets die aktuellen Wasserwerte im Auge behalten.<\/p>\n<p>Wenn sich schleimige Ablagerungen auf den Aquarienscheiben oder Steinen bilden, deutet dies auf eine zu hohe Dosierung hin. Bitte nehmen Sie alle Ver\u00e4nderungen am Aquarium sorgf\u00e4ltig vor!<\/p>\n<p><strong>Inhaltsstoffe:<\/strong> Wasser, Calciumchlorid, Magnesiumsulfat, Kaliumchlorid, Ethylenacetat, Natriumacetat, Ethanol, Pepton, Trypton, L-Histidinhydrochlorid, D-Phenylalanin, L-Threonin, DL-Tryptophan, DL-Valin, Thiaminchlorid, Nicotinamid, Riboflavin, Pyridoxinhydrochlorid, Cyanocobalamin, Natriummethyl-4-hydroxybenzoat sowie viele weitere organische S\u00e4uren und Spurenelemente.<\/p>\n","protected":false},"excerpt":{"rendered":"<p>Fauna Marin Bacto Energy is a special carbon source designed to feed nutrient reducing bacteria in marine aquariums<\/p>\n","protected":false},"featured_media":84080,"template":"","meta":[],"pwb-brand":[2177],"product_cat":[1391,1437],"product_tag":[],"class_list":{"0":"post-85458","1":"product","2":"type-product","3":"status-publish","4":"has-post-thumbnail","6":"pwb-brand-fauna-marin","7":"product_cat-ergaenzungen","8":"product_cat-fauna-marin-de","9":"pa_inhoud-100-ml-de","10":"pa_inhoud-1000-ml-de","11":"pa_inhoud-250-ml-de","12":"pa_inhoud-500-ml-de","14":"first","15":"instock","16":"sale","17":"taxable","18":"shipping-taxable","19":"purchasable","20":"product-type-variable"},"acf":[],"brands":[{"id":2177,"name":"Fauna Marin","slug":"fauna-marin"}],"_links":{"self":[{"href":"https:\/\/www.seaflowerstore.com\/de\/wp-json\/wp\/v2\/product\/85458","targetHints":{"allow":["GET"]}}],"collection":[{"href":"https:\/\/www.seaflowerstore.com\/de\/wp-json\/wp\/v2\/product"}],"about":[{"href":"https:\/\/www.seaflowerstore.com\/de\/wp-json\/wp\/v2\/types\/product"}],"wp:featuredmedia":[{"embeddable":true,"href":"https:\/\/www.seaflowerstore.com\/de\/wp-json\/wp\/v2\/media\/84080"}],"wp:attachment":[{"href":"https:\/\/www.seaflowerstore.com\/de\/wp-json\/wp\/v2\/media?parent=85458"}],"wp:term":[{"taxonomy":"pwb-brand","embeddable":true,"href":"https:\/\/www.seaflowerstore.com\/de\/wp-json\/wp\/v2\/pwb-brand?post=85458"},{"taxonomy":"product_cat","embeddable":true,"href":"https:\/\/www.seaflowerstore.com\/de\/wp-json\/wp\/v2\/product_cat?post=85458"},{"taxonomy":"product_tag","embeddable":true,"href":"https:\/\/www.seaflowerstore.com\/de\/wp-json\/wp\/v2\/product_tag?post=85458"}],"curies":[{"name":"wp","href":"https:\/\/api.w.org\/{rel}","templated":true}]}}