{"id":85463,"date":"2022-02-12T15:59:05","date_gmt":"2022-02-12T15:02:40","guid":{"rendered":"https:\/\/www.seaflowerstore.com\/nl\/vitalis-cichlid-carnivore-pellets-4-mm\/"},"modified":"2022-02-12T15:59:05","modified_gmt":"2022-02-12T15:02:40","slug":"vitalis-cichlid-carnivore-pellets-4-mm","status":"publish","type":"product","link":"https:\/\/www.seaflowerstore.com\/de\/vitalis-cichlid-carnivore-pellets-4-mm\/","title":{"rendered":"Vitalis Cichlid Carnivore Pellets 4 mm"},"content":{"rendered":"<h2>Vitalis Cichlid Carnivore Pellets 4 mm deliver a palatable and highly digestible balanced feed<\/h2>\n<p>Cichlid Carnivore Pellets bieten Ihren Fischen eine schmackhafte und leicht verdauliche Vollnahrung.<\/p>\n<p>Diese Pellets sind so konzipiert, dass sie den hohen Proteinbedarf sowohl kleiner als auch gro\u00dfer fleischfressender Buntbarscharten in Afrika und Mittel-\/S\u00fcdamerika decken. Die weichen, sinkenden Pellets enthalten eine einzigartige Proteinmischung, darunter Vollfischmehl sowie eine spezielle Mischung aus Weichtieren und Krustentieren. Dar\u00fcber hinaus unterst\u00fctzen die nat\u00fcrlichen Pigmente in unseren Zutaten die leuchtende F\u00e4rbung Ihrer Fische.<\/p>\n<p>Jedes Pellet ist weich und somit leicht verdaulich und sinkt langsam im Wasser, wodurch Ihren Wasserfreunden ein nat\u00fcrliches F\u00fctterungserlebnis geboten wird.<\/p>\n<p>Diese Formel wurde speziell f\u00fcr fleischfressende Buntbarscharten aus den afrikanischen Riftseen und Mittel-\/S\u00fcdamerika entwickelt, darunter:<\/p>\n<ul>\n<li>Haplochromis<\/li>\n<li>Aulonocara<\/li>\n<li>Protomelas<\/li>\n<li>Julidochromis<\/li>\n<li>Nimbochromis<\/li>\n<li>Neolamprologus<\/li>\n<li>Apistogrammas<\/li>\n<li>Microgeophagus<\/li>\n<li>Nanacaras<\/li>\n<li>Laetacaras<\/li>\n<\/ul>\n","protected":false},"excerpt":{"rendered":"<p>Vitalis Cichlid Carnivore Pellets 4 mm deliver a palatable and highly digestible balanced feed<\/p>\n","protected":false},"featured_media":84078,"template":"","meta":[],"pwb-brand":[2239],"product_cat":[1447],"product_tag":[],"class_list":{"0":"post-85463","1":"product","2":"type-product","3":"status-publish","4":"has-post-thumbnail","6":"pwb-brand-vitalis","7":"product_cat-futter-de","8":"pa_inhoud-300-gr-de","10":"first","11":"outofstock","12":"taxable","13":"shipping-taxable","14":"purchasable","15":"product-type-variable"},"acf":[],"brands":[{"id":2239,"name":"Vitalis","slug":"vitalis"}],"_links":{"self":[{"href":"https:\/\/www.seaflowerstore.com\/de\/wp-json\/wp\/v2\/product\/85463","targetHints":{"allow":["GET"]}}],"collection":[{"href":"https:\/\/www.seaflowerstore.com\/de\/wp-json\/wp\/v2\/product"}],"about":[{"href":"https:\/\/www.seaflowerstore.com\/de\/wp-json\/wp\/v2\/types\/product"}],"wp:featuredmedia":[{"embeddable":true,"href":"https:\/\/www.seaflowerstore.com\/de\/wp-json\/wp\/v2\/media\/84078"}],"wp:attachment":[{"href":"https:\/\/www.seaflowerstore.com\/de\/wp-json\/wp\/v2\/media?parent=85463"}],"wp:term":[{"taxonomy":"pwb-brand","embeddable":true,"href":"https:\/\/www.seaflowerstore.com\/de\/wp-json\/wp\/v2\/pwb-brand?post=85463"},{"taxonomy":"product_cat","embeddable":true,"href":"https:\/\/www.seaflowerstore.com\/de\/wp-json\/wp\/v2\/product_cat?post=85463"},{"taxonomy":"product_tag","embeddable":true,"href":"https:\/\/www.seaflowerstore.com\/de\/wp-json\/wp\/v2\/product_tag?post=85463"}],"curies":[{"name":"wp","href":"https:\/\/api.w.org\/{rel}","templated":true}]}}