{"id":85469,"date":"2022-02-01T16:02:31","date_gmt":"2022-02-01T15:05:44","guid":{"rendered":"https:\/\/www.seaflowerstore.com\/nl\/rubber-bushing-mastertronic-alkatronic\/"},"modified":"2023-07-24T12:08:26","modified_gmt":"2023-07-24T10:08:26","slug":"rubber-bushing-mastertronic-alkatronic","status":"publish","type":"product","link":"https:\/\/www.seaflowerstore.com\/de\/rubber-bushing-mastertronic-alkatronic\/","title":{"rendered":"Rubber Bushing Mastertronic\/Alkatronic"},"content":{"rendered":"<h2>Rubber Bushing Mastertronic\/Alkatronic<\/h2>\n<p>Wir bieten Ersatzgummibuchsen mit Gewindeschraube an, die speziell f\u00fcr den Einsatz in den Modellen Focustronic Alkatronic und Focustronic Mastertronic an den gr\u00f6\u00dferen Pumpen entwickelt wurden.<\/p>\n","protected":false},"excerpt":{"rendered":"<p>Rubber Bushing Mastertronic\/Alkatronic<\/p>\n","protected":false},"featured_media":84068,"template":"","meta":[],"pwb-brand":[2261],"product_cat":[1387,1407],"product_tag":[],"class_list":{"0":"post-85469","1":"product","2":"type-product","3":"status-publish","4":"has-post-thumbnail","6":"pwb-brand-focustronic","7":"product_cat-messsysteme","8":"product_cat-focustronic-de","10":"first","11":"instock","12":"taxable","13":"shipping-taxable","14":"purchasable","15":"product-type-simple"},"acf":[],"brands":[{"id":2261,"name":"Focustronic","slug":"focustronic"}],"_links":{"self":[{"href":"https:\/\/www.seaflowerstore.com\/de\/wp-json\/wp\/v2\/product\/85469","targetHints":{"allow":["GET"]}}],"collection":[{"href":"https:\/\/www.seaflowerstore.com\/de\/wp-json\/wp\/v2\/product"}],"about":[{"href":"https:\/\/www.seaflowerstore.com\/de\/wp-json\/wp\/v2\/types\/product"}],"wp:featuredmedia":[{"embeddable":true,"href":"https:\/\/www.seaflowerstore.com\/de\/wp-json\/wp\/v2\/media\/84068"}],"wp:attachment":[{"href":"https:\/\/www.seaflowerstore.com\/de\/wp-json\/wp\/v2\/media?parent=85469"}],"wp:term":[{"taxonomy":"pwb-brand","embeddable":true,"href":"https:\/\/www.seaflowerstore.com\/de\/wp-json\/wp\/v2\/pwb-brand?post=85469"},{"taxonomy":"product_cat","embeddable":true,"href":"https:\/\/www.seaflowerstore.com\/de\/wp-json\/wp\/v2\/product_cat?post=85469"},{"taxonomy":"product_tag","embeddable":true,"href":"https:\/\/www.seaflowerstore.com\/de\/wp-json\/wp\/v2\/product_tag?post=85469"}],"curies":[{"name":"wp","href":"https:\/\/api.w.org\/{rel}","templated":true}]}}