{"id":85470,"date":"2022-02-01T15:42:29","date_gmt":"2022-02-01T14:44:00","guid":{"rendered":"https:\/\/www.seaflowerstore.com\/nl\/sicce-pump-clean-900gr\/"},"modified":"2022-02-01T15:42:29","modified_gmt":"2022-02-01T14:44:00","slug":"sicce-pump-clean-900gr","status":"publish","type":"product","link":"https:\/\/www.seaflowerstore.com\/de\/sicce-pump-clean-900gr\/","title":{"rendered":"Sicce Pump Clean 900gr"},"content":{"rendered":"<h2>Sicce Pump Clean 900gr easily removing limestone residue on pumps<\/h2>\n<p>Wir stellen ein vielseitiges Produkt vor, das f\u00fcr die wirksame Entfernung von Kalkr\u00fcckst\u00e4nden von Pumpen und anderen Oberfl\u00e4chen entwickelt wurde. Sicce Pump Clean ist vollkommen nat\u00fcrlich und damit die perfekte Wahl zur Beseitigung von Kalkablagerungen in Pumpen, Filtern und allen Arten von Aquarien-, Teich- und Hydrokulturger\u00e4ten, die h\u00e4ufig mit Wasser in Ber\u00fchrung kommen oder vollst\u00e4ndig untergetaucht sind.<\/p>\n<ul>\n<li>Entfernt selbst hartn\u00e4ckigste Kalkr\u00fcckst\u00e4nde von Pumpen, Filtern und allen anderen Aquarien-, Teich- und Hydrokulturprodukten.<\/li>\n<li>Reduziert den Wartungs- und Reinigungsaufwand um 50 %.<\/li>\n<li>Regelm\u00e4\u00dfige Anwendung hilft, Ihre Ger\u00e4te zu schonen und verlangsamt deren Verschlei\u00df.<\/li>\n<li>Eine fortschrittliche Allround-Formel f\u00fcr mehrere Zwecke.<\/li>\n<li>Eine vollkommen nat\u00fcrliche, aquariumsichere Formel, der Sie vertrauen k\u00f6nnen.<\/li>\n<li>Umweltfreundlich und 100 % biologisch abbaubar f\u00fcr ein beruhigendes Gef\u00fchl.<\/li>\n<li>Kann auch f\u00fcr allgemeine Haushaltsarbeiten verwendet werden, wie z. B. Entkalken von Waschmaschinen, Aufhellen von Fliesenfugen, Entfernen von Rostflecken, Kochgeschirr reinigen und vieles mehr!<\/li>\n<\/ul>\n","protected":false},"excerpt":{"rendered":"<p>Sicce Pump Clean 900gr easily removing limestone residue on pumps<\/p>\n","protected":false},"featured_media":84067,"template":"","meta":[],"pwb-brand":[2163],"product_cat":[1430,2104],"product_tag":[],"class_list":{"0":"post-85470","1":"product","2":"type-product","3":"status-publish","4":"has-post-thumbnail","6":"pwb-brand-sicce","7":"product_cat-reinigungsmittel","8":"product_cat-sicce-de","10":"first","11":"instock","12":"taxable","13":"shipping-taxable","14":"purchasable","15":"product-type-simple"},"acf":[],"brands":[{"id":2163,"name":"Sicce","slug":"sicce"}],"_links":{"self":[{"href":"https:\/\/www.seaflowerstore.com\/de\/wp-json\/wp\/v2\/product\/85470","targetHints":{"allow":["GET"]}}],"collection":[{"href":"https:\/\/www.seaflowerstore.com\/de\/wp-json\/wp\/v2\/product"}],"about":[{"href":"https:\/\/www.seaflowerstore.com\/de\/wp-json\/wp\/v2\/types\/product"}],"wp:featuredmedia":[{"embeddable":true,"href":"https:\/\/www.seaflowerstore.com\/de\/wp-json\/wp\/v2\/media\/84067"}],"wp:attachment":[{"href":"https:\/\/www.seaflowerstore.com\/de\/wp-json\/wp\/v2\/media?parent=85470"}],"wp:term":[{"taxonomy":"pwb-brand","embeddable":true,"href":"https:\/\/www.seaflowerstore.com\/de\/wp-json\/wp\/v2\/pwb-brand?post=85470"},{"taxonomy":"product_cat","embeddable":true,"href":"https:\/\/www.seaflowerstore.com\/de\/wp-json\/wp\/v2\/product_cat?post=85470"},{"taxonomy":"product_tag","embeddable":true,"href":"https:\/\/www.seaflowerstore.com\/de\/wp-json\/wp\/v2\/product_tag?post=85470"}],"curies":[{"name":"wp","href":"https:\/\/api.w.org\/{rel}","templated":true}]}}