{"id":85475,"date":"2022-02-01T14:11:46","date_gmt":"2022-02-01T13:12:42","guid":{"rendered":"https:\/\/www.seaflowerstore.com\/nl\/hanna-hi780-25-seawater-ph-reagents\/"},"modified":"2022-02-01T14:11:46","modified_gmt":"2022-02-01T13:12:42","slug":"hanna-hi780-25-seawater-ph-reagents","status":"publish","type":"product","link":"https:\/\/www.seaflowerstore.com\/de\/hanna-hi780-25-seawater-ph-reagents\/","title":{"rendered":"Hanna HI780-25 Seawater pH Reagents"},"content":{"rendered":"<h2>Hanna HI780-25 Seawater pH Reagents<\/h2>\n<p>Holen Sie sich Ersatzreagenzien f\u00fcr Ihren HI780 Marine pH Checker\u00ae HC. Diese hochwertigen Reagenzien werden in unserer hochmodernen Anlage hergestellt und sind auf jeder Packung mit deutlichen Markierungen der Chargennummer und des Verfallsdatums versehen, um eine einfache R\u00fcckverfolgbarkeit zu gew\u00e4hrleisten.<\/p>\n<ul>\n<li><strong>Vorgefertigte Reagenzien<\/strong> f\u00fcr eine bequeme Handhabung, die ungef\u00e4hr 100 Tests erm\u00f6glichen<\/li>\n<li>Hergestellt mit <strong>hochreinen Chemikalien<\/strong><\/li>\n<li>Deutlich mit Verfallsdatum und Chargennummer gekennzeichnet, um eine R\u00fcckverfolgbarkeit zu gew\u00e4hrleisten<\/li>\n<\/ul>\n<p>Die HI780-25-Reagenzien sind auf Effizienz ausgelegt und erm\u00f6glichen Benutzern schnelle und genaue Messungen mit ihrem Marine pH Checker<sup>\u00ae<\/sup> HC. Diese Reagenzien verwenden die Phenolrot-Methode, die eine Farb\u00e4nderung erzeugt, die vom pH-Wert abh\u00e4ngig ist. Durch einfaches Hinzuf\u00fcgen von f\u00fcnf Tropfen aus der Reagenzflasche zur Probe verursacht die Wechselwirkung zwischen der Probe und dem Reagenz eine Farb\u00e4nderung von Gelb nach Rot. Die Farbintensit\u00e4t wird mit einem kompatiblen Photometer gemessen und die Konzentration in pH-Einheiten mit einer Aufl\u00f6sung von 0,1 pH angezeigt.<\/p>\n","protected":false},"excerpt":{"rendered":"<p>Hanna HI780-25 Seawater pH Reagents<\/p>\n","protected":false},"featured_media":84064,"template":"","meta":[],"pwb-brand":[2229],"product_cat":[1400],"product_tag":[],"class_list":{"0":"post-85475","1":"product","2":"type-product","3":"status-publish","4":"has-post-thumbnail","6":"pwb-brand-hanna-instruments","7":"product_cat-tester","9":"first","10":"instock","11":"taxable","12":"shipping-taxable","13":"purchasable","14":"product-type-simple"},"acf":[],"brands":[{"id":2229,"name":"Hanna Instruments","slug":"hanna-instruments"}],"_links":{"self":[{"href":"https:\/\/www.seaflowerstore.com\/de\/wp-json\/wp\/v2\/product\/85475","targetHints":{"allow":["GET"]}}],"collection":[{"href":"https:\/\/www.seaflowerstore.com\/de\/wp-json\/wp\/v2\/product"}],"about":[{"href":"https:\/\/www.seaflowerstore.com\/de\/wp-json\/wp\/v2\/types\/product"}],"wp:featuredmedia":[{"embeddable":true,"href":"https:\/\/www.seaflowerstore.com\/de\/wp-json\/wp\/v2\/media\/84064"}],"wp:attachment":[{"href":"https:\/\/www.seaflowerstore.com\/de\/wp-json\/wp\/v2\/media?parent=85475"}],"wp:term":[{"taxonomy":"pwb-brand","embeddable":true,"href":"https:\/\/www.seaflowerstore.com\/de\/wp-json\/wp\/v2\/pwb-brand?post=85475"},{"taxonomy":"product_cat","embeddable":true,"href":"https:\/\/www.seaflowerstore.com\/de\/wp-json\/wp\/v2\/product_cat?post=85475"},{"taxonomy":"product_tag","embeddable":true,"href":"https:\/\/www.seaflowerstore.com\/de\/wp-json\/wp\/v2\/product_tag?post=85475"}],"curies":[{"name":"wp","href":"https:\/\/api.w.org\/{rel}","templated":true}]}}