{"id":85477,"date":"2022-02-01T11:32:47","date_gmt":"2022-02-01T10:32:47","guid":{"rendered":"https:\/\/www.seaflowerstore.com\/nl\/fauna-marin-reef-icp-total\/"},"modified":"2026-01-20T11:29:45","modified_gmt":"2026-01-20T10:29:45","slug":"fauna-marin-reef-icp-total","status":"publish","type":"product","link":"https:\/\/www.seaflowerstore.com\/de\/fauna-marin-reef-icp-total\/","title":{"rendered":"Fauna Marin Reef ICP Total"},"content":{"rendered":"<h2>Fauna Marin Reef ICP Total Test gives a quick accurate and easy overview of over 90 water values in reef-aquariums<\/h2>\n<p>Der Fauna Marin Reef ICP TOTAL Test bietet einen schnellen, genauen und einfachen \u00dcberblick \u00fcber mehr als 90 Wasserwerte in Riffaquarien. Von Makroelementen \u00fcber Spurenelemente bis hin zu Schadstoffen erhalten Sie einen vollst\u00e4ndigen \u00dcberblick sowie entsprechende Dosierungs- und Handlungsempfehlungen.<\/p>\n<h4>Der Fauna Marin Reef ICP Test TOTAL ist ein vollst\u00e4ndiger und detaillierter Labortest:<\/h4>\n<ul>\n<li>Umfassende Laboranalyse f\u00fcr Meerwasser und RO-Wasser<\/li>\n<li>Schnell, kosteng\u00fcnstig und hochpr\u00e4zise<\/li>\n<li>Einfache Probenentnahme und Versand <strong>(Versand ins Fauna Marin Labor in Deutschland ist nicht inbegriffen)<\/strong><\/li>\n<li>Extrem schnelle Laboranalyse mit Hochleistungs-Emissionsspektrometern (ICP-OES) und anderen professionellen Laborger\u00e4ten<\/li>\n<li>Individuelle Dosierungs- und Handlungsempfehlungen<\/li>\n<li>Entwickelt f\u00fcr alle, die einen vollst\u00e4ndigen \u00dcberblick \u00fcber ihre Wasserwerte ben\u00f6tigen<\/li>\n<li>\u00dcber 90 Parameter im Meerwasser<\/li>\n<\/ul>\n<h4><strong>NACHGEWIESENE ELEMENTE:<\/strong><\/h4>\n<p>Der Test erkennt eine Vielzahl von Elementen, darunter Natrium, Magnesium, Kalzium, Kalium, Strontium, Bor, Jod, Schwefel, Phosphat, Phosphor, Silizium, Mangan, Lithium, Molybd\u00e4n, Eisen, Brom, Chrom, Kobalt, Beryllium, Vanadium, Zink, Antimon, Kupfer, Barium, Selen, Cadmium, Zinn, Aluminium, Titan, Nickel, Blei, Zirkonium, Silber, Wolfram, Lanthan, Arsen und Quecksilber. Dar\u00fcber hinaus werden auch Salzgehalt, Relationswerte, Nitrat, Nitrit, Phosphate, Fluor, Alkalinit\u00e4t und viele weitere Parameter erkannt. Ein RO-Wassertest ist im Fauna Marin Reef ICP Total-Testset enthalten.<\/p>\n<p><strong>Anleitung:<\/strong><\/p>\n<p>Nach Ihrer Bestellung erhalten Sie Ihr Analysekit f\u00fcr die Wasserproben. Bitte registrieren Sie Ihren Fauna Marin Reef ICP Total Test in unserer Laborsoftware und senden Sie die Proben an Fauna Marin in Deutschland (Versandkosten sind nicht inbegriffen). Sobald Ihre Proben im Fauna Marin-Labor eintreffen, wird Ihr Wasser innerhalb von 24-48 Stunden getestet und Sie erhalten Ihre Ergebnisse zusammen mit zus\u00e4tzlichen Informationen zu den Elementen und Empfehlungen f\u00fcr Ihr Aquarium \u00fcber unser Wissenszentrum. Der Preis des Analysepakets umfasst die vollst\u00e4ndige Wasseranalyse und deren Diagnose durch einen Aquarienanalysespezialisten in Deutschland sowie das Probenset. Der Zugang zur Fauna Marin Laborsoftware, den Analysedaten und der st\u00e4ndig wachsenden Wissensdatenbank ist kostenfrei!<\/p>\n<h4>Ihre Vorteile:<\/h4>\n<ul>\n<li>Qualit\u00e4tsanalysen speziell f\u00fcr Meerwasser und marine Aquakultur<\/li>\n<li>Durchgef\u00fchrt von erfahrenen Aquarianern und Wissenschaftlern<\/li>\n<li>Qualit\u00e4tskontrolle durch eigene Korallenzucht und Ringversuche mit Institutionen und Gro\u00dfaquarien<\/li>\n<li>Neue LIMS-Software mit einzigartiger Wissensdatenbank<\/li>\n<li>Detaillierte individuelle Handlungsempfehlungen basierend auf realer Meerwasseraquaristikerfahrung<\/li>\n<li>Systemgest\u00fctzte Dosierungs- und Handlungsempfehlungen, die sowohl eigene als auch fremde Labormesswerte ber\u00fccksichtigen<\/li>\n<li>ICP-LABOR-APP zur einfachen Dosierung der ben\u00f6tigten Elemente<\/li>\n<li>Extrem schnelle Analyse durch gro\u00dfen Maschinenpark und modernste Analysemethoden<\/li>\n<li>Betreuung durch Aquarienspezialisten mit jahrzehntelanger Erfahrung<\/li>\n<li>Erschwinglicher und schneller Service<\/li>\n<\/ul>\n","protected":false},"excerpt":{"rendered":"<p>Fauna Marin Reef ICP Total\u00a0Test gives a quick accurate and easy overview of over 90\u00a0 water values in reef-aquariums<\/p>\n","protected":false},"featured_media":84058,"template":"","meta":[],"pwb-brand":[2177],"product_cat":[1452,1437],"product_tag":[],"class_list":{"0":"post-85477","1":"product","2":"type-product","3":"status-publish","4":"has-post-thumbnail","6":"pwb-brand-fauna-marin","7":"product_cat-labortest","8":"product_cat-fauna-marin-de","10":"first","11":"outofstock","12":"sale","13":"taxable","14":"shipping-taxable","15":"purchasable","16":"product-type-simple"},"acf":[],"brands":[{"id":2177,"name":"Fauna Marin","slug":"fauna-marin"}],"_links":{"self":[{"href":"https:\/\/www.seaflowerstore.com\/de\/wp-json\/wp\/v2\/product\/85477","targetHints":{"allow":["GET"]}}],"collection":[{"href":"https:\/\/www.seaflowerstore.com\/de\/wp-json\/wp\/v2\/product"}],"about":[{"href":"https:\/\/www.seaflowerstore.com\/de\/wp-json\/wp\/v2\/types\/product"}],"wp:featuredmedia":[{"embeddable":true,"href":"https:\/\/www.seaflowerstore.com\/de\/wp-json\/wp\/v2\/media\/84058"}],"wp:attachment":[{"href":"https:\/\/www.seaflowerstore.com\/de\/wp-json\/wp\/v2\/media?parent=85477"}],"wp:term":[{"taxonomy":"pwb-brand","embeddable":true,"href":"https:\/\/www.seaflowerstore.com\/de\/wp-json\/wp\/v2\/pwb-brand?post=85477"},{"taxonomy":"product_cat","embeddable":true,"href":"https:\/\/www.seaflowerstore.com\/de\/wp-json\/wp\/v2\/product_cat?post=85477"},{"taxonomy":"product_tag","embeddable":true,"href":"https:\/\/www.seaflowerstore.com\/de\/wp-json\/wp\/v2\/product_tag?post=85477"}],"curies":[{"name":"wp","href":"https:\/\/api.w.org\/{rel}","templated":true}]}}