{"id":85479,"date":"2022-01-25T15:58:49","date_gmt":"2022-01-25T14:58:49","guid":{"rendered":"https:\/\/www.seaflowerstore.com\/nl\/jebao-mdp2500-boosterpump-wifi-controller-24v\/"},"modified":"2022-01-25T15:58:49","modified_gmt":"2022-01-25T15:04:00","slug":"jebao-mdp2500-boosterpump-wifi-controller-24v","status":"publish","type":"product","link":"https:\/\/www.seaflowerstore.com\/de\/jebao-mdp2500-boosterpump-wifi-controller-24v\/","title":{"rendered":"Jebao MDP2500 boosterpump + WiFi Controller 24V"},"content":{"rendered":"<h2>Jebao MDP2500 boosterpump + WiFi Controller 24V<\/h2>\n<p>Entdecken Sie die Vorteile der Jecod\/Jebao MDC Wi-Fi-Druckerh\u00f6hungspumpen:<\/p>\n<ul>\n<li><strong>Die Sinuswellen-Steuerungstechnologie<\/strong> erm\u00f6glicht einen superleisen Betrieb.<\/li>\n<li>Ausgestattet mit einem neuen <strong>digitalen LCD-Wi-Fi-Controller<\/strong> mit Geschwindigkeitsregelungseinstellungen von 30 % bis 100 % in 1-Watt-Schritten.<\/li>\n<li>Die digitale Anzeige zeigt den Stromverbrauch deutlich an.<\/li>\n<li>Entwickelt f\u00fcr sowohl <strong>externe als auch interne Steuerung<\/strong>.<\/li>\n<li>Inklusive Dichtungen f\u00fcr Eingangs- und Ausgangsanschl\u00fcsse.<\/li>\n<li>Bietet im Vergleich zu DCP-Modellen eine verbesserte Druckleistung.<\/li>\n<li>Verf\u00fcgt \u00fcber ein neues geschlossenes Laufraddesign f\u00fcr einen leiseren Betrieb.<\/li>\n<li>Sorgt f\u00fcr Energieeinsparungen von bis zu <strong>65 %<\/strong>.<\/li>\n<li>Die elektronische IC-Erkennung bietet automatischen Abschaltschutz, wenn kein Wasser vorhanden ist erkannt.<\/li>\n<li>Mit verschlei\u00dffestem Keramikschaft.<\/li>\n<\/ul>\n<p><strong>Technische Daten:<\/strong><\/p>\n<ul>\n<li>Spannungseingang: 110-240 V, 50\/60 Hz Wechselstrom.<\/li>\n<li>Spannungsausgang: 24 V Gleichstrom.<\/li>\n<li>Stromverbrauch: 23 Watt.<\/li>\n<li>Maximale Durchflussrate (Q max): 2500 l\/h (beachten Sie, dass ein h\u00f6herer Abfluss in der H\u00f6he zu einem geringeren Durchfluss f\u00fchrt).<\/li>\n<li>Maximale F\u00f6rderh\u00f6he (H max): 2,5 m.<\/li>\n<li>Ein-\/Ausgangsadaptergr\u00f6\u00dfen: 25 mm PVC-Rohr (1x), 25 mm Rohr (1x) und 20 mm Rohr (1x).<\/li>\n<\/ul>\n","protected":false},"excerpt":{"rendered":"<h2>Jebao MDP2500 boosterpump + WiFi Controller 24V with max 2500l\/h<\/h2>\n","protected":false},"featured_media":84037,"template":"","meta":[],"pwb-brand":[2187],"product_cat":[1417],"product_tag":[],"class_list":{"0":"post-85479","1":"product","2":"type-product","3":"status-publish","4":"has-post-thumbnail","6":"pwb-brand-jebao-jecod","7":"product_cat-druckerhohungspumpen","9":"first","10":"instock","11":"taxable","12":"shipping-taxable","13":"purchasable","14":"product-type-simple"},"acf":[],"brands":[{"id":2187,"name":"Jebao \/ Jecod","slug":"jebao-jecod"}],"_links":{"self":[{"href":"https:\/\/www.seaflowerstore.com\/de\/wp-json\/wp\/v2\/product\/85479","targetHints":{"allow":["GET"]}}],"collection":[{"href":"https:\/\/www.seaflowerstore.com\/de\/wp-json\/wp\/v2\/product"}],"about":[{"href":"https:\/\/www.seaflowerstore.com\/de\/wp-json\/wp\/v2\/types\/product"}],"wp:featuredmedia":[{"embeddable":true,"href":"https:\/\/www.seaflowerstore.com\/de\/wp-json\/wp\/v2\/media\/84037"}],"wp:attachment":[{"href":"https:\/\/www.seaflowerstore.com\/de\/wp-json\/wp\/v2\/media?parent=85479"}],"wp:term":[{"taxonomy":"pwb-brand","embeddable":true,"href":"https:\/\/www.seaflowerstore.com\/de\/wp-json\/wp\/v2\/pwb-brand?post=85479"},{"taxonomy":"product_cat","embeddable":true,"href":"https:\/\/www.seaflowerstore.com\/de\/wp-json\/wp\/v2\/product_cat?post=85479"},{"taxonomy":"product_tag","embeddable":true,"href":"https:\/\/www.seaflowerstore.com\/de\/wp-json\/wp\/v2\/product_tag?post=85479"}],"curies":[{"name":"wp","href":"https:\/\/api.w.org\/{rel}","templated":true}]}}