{"id":85481,"date":"2022-01-18T14:07:25","date_gmt":"2022-01-18T12:12:59","guid":{"rendered":"https:\/\/www.seaflowerstore.com\/nl\/aquaforest-plug-rocks-purple-24-pcs\/"},"modified":"2024-03-19T15:51:33","modified_gmt":"2024-03-19T14:51:33","slug":"aquaforest-plug-rocks-purple-24-pcs","status":"publish","type":"product","link":"https:\/\/www.seaflowerstore.com\/de\/aquaforest-plug-rocks-purple-24-pcs\/","title":{"rendered":"AquaForest Plug Rocks Purple &#8211; 24 pcs"},"content":{"rendered":"<h2>AquaForest Plug Rocks Purple &#8211; 24 pcs High quality and biologically neutral plugs created for easy fragging<\/h2>\n<p><strong>Hochwertige und biologisch neutrale Plugs<\/strong> wurden f\u00fcr einfaches Fragmentieren entwickelt. Unsere k\u00fcnstlichen Steine \u200b\u200b\u00e4hneln nat\u00fcrlichem lebendem Gestein und passen nahtlos in eine Standardkiste.<\/p>\n<p>AF Plug Rocks sind perfekt f\u00fcr das Fragmentieren von SPS, LPS und Weichkorallen. Diese Plugs verhindern, dass die Fragmente umkippen, und bieten hervorragende Stabilit\u00e4t. Dar\u00fcber hinaus f\u00fcgen sich die Plugs nat\u00fcrlich in Ihre Meerwasserlandschaft ein.<\/p>\n","protected":false},"excerpt":{"rendered":"<p>AquaForest Plug Rocks Purple &#8211; 24 pcs High quality and biologically neutral plugs created for easy fragging<\/p>\n","protected":false},"featured_media":84036,"template":"","meta":[],"pwb-brand":[2199],"product_cat":[1461,1414],"product_tag":[],"class_list":{"0":"post-85481","1":"product","2":"type-product","3":"status-publish","4":"has-post-thumbnail","6":"pwb-brand-aquaforest","7":"product_cat-schneidzubehoer","8":"product_cat-aquaforest-de","10":"first","11":"instock","12":"sale","13":"taxable","14":"shipping-taxable","15":"purchasable","16":"product-type-simple"},"acf":[],"brands":[{"id":2199,"name":"Aquaforest","slug":"aquaforest"}],"_links":{"self":[{"href":"https:\/\/www.seaflowerstore.com\/de\/wp-json\/wp\/v2\/product\/85481","targetHints":{"allow":["GET"]}}],"collection":[{"href":"https:\/\/www.seaflowerstore.com\/de\/wp-json\/wp\/v2\/product"}],"about":[{"href":"https:\/\/www.seaflowerstore.com\/de\/wp-json\/wp\/v2\/types\/product"}],"wp:featuredmedia":[{"embeddable":true,"href":"https:\/\/www.seaflowerstore.com\/de\/wp-json\/wp\/v2\/media\/84036"}],"wp:attachment":[{"href":"https:\/\/www.seaflowerstore.com\/de\/wp-json\/wp\/v2\/media?parent=85481"}],"wp:term":[{"taxonomy":"pwb-brand","embeddable":true,"href":"https:\/\/www.seaflowerstore.com\/de\/wp-json\/wp\/v2\/pwb-brand?post=85481"},{"taxonomy":"product_cat","embeddable":true,"href":"https:\/\/www.seaflowerstore.com\/de\/wp-json\/wp\/v2\/product_cat?post=85481"},{"taxonomy":"product_tag","embeddable":true,"href":"https:\/\/www.seaflowerstore.com\/de\/wp-json\/wp\/v2\/product_tag?post=85481"}],"curies":[{"name":"wp","href":"https:\/\/api.w.org\/{rel}","templated":true}]}}