{"id":85484,"date":"2022-01-17T21:21:07","date_gmt":"2022-01-17T20:21:07","guid":{"rendered":"https:\/\/www.seaflowerstore.com\/nl\/vca-40mm-rfg-nozzle-40-mm-slip-fit-fitting\/"},"modified":"2024-03-19T15:51:22","modified_gmt":"2024-03-19T14:51:22","slug":"vca-40mm-rfg-nozzle-40-mm-slip-fit-fitting","status":"publish","type":"product","link":"https:\/\/www.seaflowerstore.com\/de\/vca-40mm-rfg-nozzle-40-mm-slip-fit-fitting\/","title":{"rendered":"VCA 40mm RFG Nozzle &#8211; 40 mm Slip-Fit Fitting"},"content":{"rendered":"<h2>VCA 40mm RFG Nozzle &#8211; 40 mm Slip-Fit Fitting<\/h2>\n<ul>\n<li><strong>Steckanschluss mit Innengewinde f\u00fcr Standard-PVC-Rohre mit 40 mm und einem Nenn-Au\u00dfendurchmesser von 40 mm<\/strong><\/li>\n<li>Erzeugt ein zuf\u00e4lliges Str\u00f6mungsmuster ohne bewegliche Teile!<\/li>\n<li>Passt auf 40 mm PVC-Rohre<\/li>\n<li>Gedruckt in riffsicherem PETG-Kunststoff.<\/li>\n<li><strong>ZUM PATENT ANGEMELDETES DESIGN<\/strong><\/li>\n<\/ul>\n<p><strong>Str\u00f6mungsempfehlungen:<\/strong> Die RFG-D\u00fcse kann deutlich mehr Str\u00f6mung bew\u00e4ltigen als die \u201eoptimalen\u201c GPH-Empfehlungen. Daher ermutigen wir Sie, zu experimentieren und die Grenzen der RFG-D\u00fcsen zu entdecken.<\/p>\n<table id=\"tablepress-7\" class=\"tablepress tablepress-id-7 flow_numbers dataTable no-footer\" role=\"grid\" aria-describedby=\"tablepress-7-description\">\n<thead>\n<tr class=\"row-1 odd\" role=\"row\">\n<th class=\"column-1 sorting_disabled\">Modell<\/th>\n<th class=\"column-2 sorting_disabled\">Minimale LPH<\/th>\n<th class=\"column-3 sorting_disabled\">Optimale LPH<\/th>\n<\/tr>\n<\/thead>\n<tbody class=\"row-hover\">\n<tr class=\"row-2 even\">\n<td class=\"column-1\">40 mm RFG<\/td>\n<td class=\"column-2\">1.890 &#8211; 2.270<\/td>\n<td class=\"column-3\">3.785 &#8211; 5.675+<\/td>\n<\/tr>\n<\/tbody>\n<\/table>\n<p><strong>Die Random Flow Generator\u2122-D\u00fcse:<\/strong> Die innere Struktur der RFG-D\u00fcse besteht aus einer 5-Fl\u00fcgel-Helix, die sich spiralf\u00f6rmig fast \u00fcber die gesamte L\u00e4nge der D\u00fcse windet. Jeder Fl\u00fcgel der Helix ist mit einem Eduktor an der Basis verbunden, wodurch eine Reihe innerer Kan\u00e4le entsteht. Diese Kan\u00e4le arbeiten zusammen, um den Fluss beim Verlassen der D\u00fcse zuf\u00e4llig zu lenken. Der RFGS40MM ist so konzipiert, dass er genau auf das Ende eines standardm\u00e4\u00dfigen 40-mm-PVC-Rohrs passt. Es ist kein Kleber oder Neuverlegung erforderlich \u2013 einfach aufschieben.<\/p>\n","protected":false},"excerpt":{"rendered":"<p>VCA 40mm RFG Nozzle &#8211; 40 mm Slip-Fit Fitting is a random flow generator for your aquarium<\/p>\n","protected":false},"featured_media":84025,"template":"","meta":[],"pwb-brand":[2269],"product_cat":[1451],"product_tag":[],"class_list":{"0":"post-85484","1":"product","2":"type-product","3":"status-publish","4":"has-post-thumbnail","6":"pwb-brand-vca","7":"product_cat-zubehoer","9":"first","10":"outofstock","11":"taxable","12":"shipping-taxable","13":"purchasable","14":"product-type-simple"},"acf":[],"brands":[{"id":2269,"name":"VCA","slug":"vca"}],"_links":{"self":[{"href":"https:\/\/www.seaflowerstore.com\/de\/wp-json\/wp\/v2\/product\/85484","targetHints":{"allow":["GET"]}}],"collection":[{"href":"https:\/\/www.seaflowerstore.com\/de\/wp-json\/wp\/v2\/product"}],"about":[{"href":"https:\/\/www.seaflowerstore.com\/de\/wp-json\/wp\/v2\/types\/product"}],"wp:featuredmedia":[{"embeddable":true,"href":"https:\/\/www.seaflowerstore.com\/de\/wp-json\/wp\/v2\/media\/84025"}],"wp:attachment":[{"href":"https:\/\/www.seaflowerstore.com\/de\/wp-json\/wp\/v2\/media?parent=85484"}],"wp:term":[{"taxonomy":"pwb-brand","embeddable":true,"href":"https:\/\/www.seaflowerstore.com\/de\/wp-json\/wp\/v2\/pwb-brand?post=85484"},{"taxonomy":"product_cat","embeddable":true,"href":"https:\/\/www.seaflowerstore.com\/de\/wp-json\/wp\/v2\/product_cat?post=85484"},{"taxonomy":"product_tag","embeddable":true,"href":"https:\/\/www.seaflowerstore.com\/de\/wp-json\/wp\/v2\/product_tag?post=85484"}],"curies":[{"name":"wp","href":"https:\/\/api.w.org\/{rel}","templated":true}]}}