{"id":85485,"date":"2022-01-17T21:35:55","date_gmt":"2022-01-17T20:35:55","guid":{"rendered":"https:\/\/www.seaflowerstore.com\/nl\/vca-2in-rfg-nozzle-w-2in-slip-fit-fitting\/"},"modified":"2024-03-19T15:51:26","modified_gmt":"2024-03-19T14:51:26","slug":"vca-2in-rfg-nozzle-w-2in-slip-fit-fitting","status":"publish","type":"product","link":"https:\/\/www.seaflowerstore.com\/de\/vca-2in-rfg-nozzle-w-2in-slip-fit-fitting\/","title":{"rendered":"VCA 2in RFG Nozzle w\/ 2in Slip-Fit Fitting"},"content":{"rendered":"<h2>VCA 2in RFG Nozzle with 2&#8243; Slip-Fit Fitting<\/h2>\n<p><strong>Erzeugt ein zuf\u00e4lliges Str\u00f6mungsmuster in Ihrem gro\u00dfen Rifftank oder Teich ohne bewegliche Teile!<\/strong><\/p>\n<ul>\n<li>Steckanschluss f\u00fcr Standard-PVC-Rohre mit 2 Zoll Durchmesser und einem Au\u00dfendurchmesser von <strong>70 mm<\/strong><\/li>\n<li>Einfach zu installieren \u2013 erfordert kein Klebeband oder Klebstoff<\/li>\n<li>Gedruckt in riffsicherem PETG-Kunststoff.<\/li>\n<li>Erfahren Sie mehr \u00fcber die RFG-Serie<\/li>\n<\/ul>\n<p>Die innere Struktur der RFG-D\u00fcse verf\u00fcgt \u00fcber eine 5-Fl\u00fcgel-Helix, die sich spiralf\u00f6rmig fast \u00fcber die gesamte L\u00e4nge der D\u00fcse windet. Jeder Fl\u00fcgel der Helix ist mit einem Ejektor an der Basis verbunden und bildet eine Reihe von inneren Kan\u00e4len. Diese Kan\u00e4le leiten das Wasser beim Austritt aus der D\u00fcse zuf\u00e4llig in verschiedene Richtungen.<\/p>\n<p><strong>Str\u00f6mungsempfehlungen:<\/strong> Die RFG-D\u00fcse kann deutlich mehr Str\u00f6mung bew\u00e4ltigen als die \u201eoptimalen\u201c LPH-Empfehlungen, daher empfehlen wir Ihnen, zu experimentieren und die Grenzen der RFG-D\u00fcsen.<\/p>\n<div id=\"tablepress-5-no-2_wrapper\" class=\"dataTables_wrapper no-footer\">\n<table id=\"tablepress-5-no-2\" class=\"tablepress tablepress-id-5 flow_numbers dataTable no-footer\" role=\"grid\">\n<thead>\n<tr class=\"row-1 odd\" role=\"row\">\n<th class=\"column-1 sorting_disabled\" colspan=\"1\" rowspan=\"1\">Modell<\/th>\n<th class=\"column-2 sorting_disabled\" colspan=\"1\" rowspan=\"1\">Minimale LPH<\/th>\n<th class=\"column-3 sorting_disabled\" colspan=\"1\" rowspan=\"1\">Gesch\u00e4tzte optimale LPH<\/th>\n<\/tr>\n<\/thead>\n<tbody class=\"row-hover\">\n<tr class=\"row-2 even\">\n<td class=\"column-1\">2 Zoll RFG<\/td>\n<td class=\"column-2\">3400-3750<\/td>\n<td class=\"column-3\">6800-9450<\/td>\n<\/tr>\n<\/tbody>\n<\/table>\n<\/div>\n","protected":false},"excerpt":{"rendered":"<p>VCA 2in RFG Nozzle with 2&#8243; Slip-Fit Fitting is a random flow generator for your aquarium<\/p>\n","protected":false},"featured_media":84030,"template":"","meta":[],"pwb-brand":[2269],"product_cat":[1451],"product_tag":[],"class_list":{"0":"post-85485","1":"product","2":"type-product","3":"status-publish","4":"has-post-thumbnail","6":"pwb-brand-vca","7":"product_cat-zubehoer","9":"first","10":"instock","11":"taxable","12":"shipping-taxable","13":"purchasable","14":"product-type-simple"},"acf":[],"brands":[{"id":2269,"name":"VCA","slug":"vca"}],"_links":{"self":[{"href":"https:\/\/www.seaflowerstore.com\/de\/wp-json\/wp\/v2\/product\/85485","targetHints":{"allow":["GET"]}}],"collection":[{"href":"https:\/\/www.seaflowerstore.com\/de\/wp-json\/wp\/v2\/product"}],"about":[{"href":"https:\/\/www.seaflowerstore.com\/de\/wp-json\/wp\/v2\/types\/product"}],"wp:featuredmedia":[{"embeddable":true,"href":"https:\/\/www.seaflowerstore.com\/de\/wp-json\/wp\/v2\/media\/84030"}],"wp:attachment":[{"href":"https:\/\/www.seaflowerstore.com\/de\/wp-json\/wp\/v2\/media?parent=85485"}],"wp:term":[{"taxonomy":"pwb-brand","embeddable":true,"href":"https:\/\/www.seaflowerstore.com\/de\/wp-json\/wp\/v2\/pwb-brand?post=85485"},{"taxonomy":"product_cat","embeddable":true,"href":"https:\/\/www.seaflowerstore.com\/de\/wp-json\/wp\/v2\/product_cat?post=85485"},{"taxonomy":"product_tag","embeddable":true,"href":"https:\/\/www.seaflowerstore.com\/de\/wp-json\/wp\/v2\/product_tag?post=85485"}],"curies":[{"name":"wp","href":"https:\/\/api.w.org\/{rel}","templated":true}]}}