{"id":85486,"date":"2022-01-17T21:31:42","date_gmt":"2022-01-17T20:31:42","guid":{"rendered":"https:\/\/www.seaflowerstore.com\/nl\/vca-1-5in-rfg-nozzle-w-1-5in-slip-fit-fitting\/"},"modified":"2024-03-19T15:51:25","modified_gmt":"2024-03-19T14:51:25","slug":"vca-1-5in-rfg-nozzle-w-1-5in-slip-fit-fitting","status":"publish","type":"product","link":"https:\/\/www.seaflowerstore.com\/de\/vca-1-5in-rfg-nozzle-w-1-5in-slip-fit-fitting\/","title":{"rendered":"VCA 1.5in RFG Nozzle w\/ 1.5in Slip-Fit Fitting"},"content":{"rendered":"<h2>VCA 1.5in RFG Nozzle with 1.5&#8243; Slip-Fit Fitting<\/h2>\n<p>Wir stellen eine fantastische L\u00f6sung f\u00fcr Ihr gro\u00dfes Riffaquarium oder Ihren Teich vor \u2013 die VCA 1,5-Zoll-RFG-D\u00fcse! Dieses innovative Produkt erzeugt ein zuf\u00e4lliges Str\u00f6mungsmuster ohne bewegliche Teile.<\/p>\n<ul>\n<li><strong>Steckanschluss mit Innengewinde:<\/strong> Passt auf standardm\u00e4\u00dfige 1,5&#8243; PVC-Rohre nach Schedule 40 mit einem Au\u00dfendurchmesser von <strong>48 mm<\/strong>.<\/li>\n<li><strong>Einfache Installation:<\/strong> Erfordert kein Klebeband oder Klebstoff, sodass die Verwendung ein Kinderspiel ist.<\/li>\n<li><strong>Material:<\/strong> Hergestellt aus riffsicherem PETG-Kunststoff, der die Sicherheit Ihrer Wasserumgebung gew\u00e4hrleistet.<\/li>\n<\/ul>\n<p>Die RFG-D\u00fcse verf\u00fcgt \u00fcber eine interne Struktur, die aus einer 5-Fl\u00fcgel-Helix besteht, die sich fast \u00fcber die gesamte L\u00e4nge der D\u00fcse windet. Jeder Fl\u00fcgel ist mit einem Ejektor an der Basis verbunden, wodurch ein System interner Kan\u00e4le entsteht. Diese Kan\u00e4le arbeiten zusammen, um das Wasser beim Austritt aus der D\u00fcse zuf\u00e4llig in verschiedene Richtungen zu leiten.<\/p>\n<p><strong>1,5 Zoll PVC-Steckanschluss:<\/strong> Der RFGS150 ist so konzipiert, dass er genau passt am Ende eines standardm\u00e4\u00dfigen 1,5 Zoll PVC-Rohrs gem\u00e4\u00df Schedule 40 mit einem Au\u00dfendurchmesser von 1,90 Zoll (48,27 mm). Es ist kein Kleber oder neue Leitungen erforderlich; einfach aufstecken und die Vorteile genie\u00dfen!<\/p>\n","protected":false},"excerpt":{"rendered":"<p>VCA 1.5in RFG Nozzle with 1.5&#8243; Slip-Fit Fitting is a random flow generator for your aquarium<\/p>\n","protected":false},"featured_media":84028,"template":"","meta":[],"pwb-brand":[2269],"product_cat":[1451],"product_tag":[],"class_list":{"0":"post-85486","1":"product","2":"type-product","3":"status-publish","4":"has-post-thumbnail","6":"pwb-brand-vca","7":"product_cat-zubehoer","9":"first","10":"instock","11":"taxable","12":"shipping-taxable","13":"purchasable","14":"product-type-simple"},"acf":[],"brands":[{"id":2269,"name":"VCA","slug":"vca"}],"_links":{"self":[{"href":"https:\/\/www.seaflowerstore.com\/de\/wp-json\/wp\/v2\/product\/85486","targetHints":{"allow":["GET"]}}],"collection":[{"href":"https:\/\/www.seaflowerstore.com\/de\/wp-json\/wp\/v2\/product"}],"about":[{"href":"https:\/\/www.seaflowerstore.com\/de\/wp-json\/wp\/v2\/types\/product"}],"wp:featuredmedia":[{"embeddable":true,"href":"https:\/\/www.seaflowerstore.com\/de\/wp-json\/wp\/v2\/media\/84028"}],"wp:attachment":[{"href":"https:\/\/www.seaflowerstore.com\/de\/wp-json\/wp\/v2\/media?parent=85486"}],"wp:term":[{"taxonomy":"pwb-brand","embeddable":true,"href":"https:\/\/www.seaflowerstore.com\/de\/wp-json\/wp\/v2\/pwb-brand?post=85486"},{"taxonomy":"product_cat","embeddable":true,"href":"https:\/\/www.seaflowerstore.com\/de\/wp-json\/wp\/v2\/product_cat?post=85486"},{"taxonomy":"product_tag","embeddable":true,"href":"https:\/\/www.seaflowerstore.com\/de\/wp-json\/wp\/v2\/product_tag?post=85486"}],"curies":[{"name":"wp","href":"https:\/\/api.w.org\/{rel}","templated":true}]}}