{"id":85487,"date":"2022-01-15T15:25:34","date_gmt":"2022-01-15T13:28:53","guid":{"rendered":"https:\/\/www.seaflowerstore.com\/nl\/itc-reef-delete-v1-02-uv-c-pest-control-light\/"},"modified":"2024-03-19T15:51:17","modified_gmt":"2024-03-19T14:51:17","slug":"itc-reef-delete-v1-02-uv-c-pest-control-light","status":"publish","type":"product","link":"https:\/\/www.seaflowerstore.com\/de\/itc-reef-delete-v1-02-uv-c-pest-control-light\/","title":{"rendered":"ITC Reef Delete v1.02 &#8211; UV-C Pest Control Light"},"content":{"rendered":"<h2>ITC Reef Delete v1.02 &#8211; UV-C Pest Control Light is the ultimate reefing tool for pest and aquarium maintenance<\/h2>\n<p><strong>ITC Reef Delete v1.02<\/strong> bietet eine 1,7-fache Leistungssteigerung und liefert deutlich mehr UVC. Diese Verbesserung f\u00fchrt zu schnelleren, effektiveren Ergebnissen f\u00fcr die Benutzer. Die Bedienung bleibt unkompliziert; denken Sie daran, je mehr UVC, desto besser.<\/p>\n<p>Ganz gleich, ob Sie es mit Aiptasia, Algen oder Plattw\u00fcrmern zu tun haben, <strong>Reef Delete<\/strong> hat mit seinem leistungsstarken UV-C-Strahl alles f\u00fcr Sie.<\/p>\n<p>Die einzigartige, propriet\u00e4re Wellenl\u00e4nge zielt auf die DNA in den Zellen dieser Organismen ab, stoppt ihre Funktion und f\u00fchrt zu einem nat\u00fcrlichen Verfall ohne Chance auf Umkehr. Es ist nur eine einzige lange Belichtung oder mehrere kurze Belichtungen pro Tag erforderlich, um den Zielsch\u00e4dlingen ernsthaften Schaden zuzuf\u00fcgen.<\/p>\n<p>Das Tolle ist, dass dieser Prozess keine Chemikalien beinhaltet und anderen Bewohnern in Ihrem Aquarium keinen Schaden zuf\u00fcgt. Im Gegensatz zu chemischen Behandlungen k\u00f6nnen Sie <strong>Reef Delete<\/strong> einem Zielexemplar nicht \u00fcberdosieren. Je l\u00e4nger Sie es aussetzen, desto schneller zerf\u00e4llt der Organismus. Sie k\u00f6nnen es f\u00fcr so viele Sch\u00e4dlinge verwenden, wie Sie m\u00f6chten, ohne sich Sorgen machen zu m\u00fcssen, dass die Chemie Ihres Wassers gest\u00f6rt wird. Lassen Sie sich ruhig darauf ein!<\/p>\n<p>Au\u00dferdem funktioniert <strong>Reef Delete<\/strong>, obwohl es einige Vergleiche mit Lasern geben mag, ganz anders. Es ist von Natur aus sicherer, da keine Reflexionsgefahr besteht und es f\u00fcr den Einsatz im Aquarium konzipiert ist. Das UV-C-Licht sorgt daf\u00fcr, dass Sch\u00e4dlinge aufgrund von DNA-Sch\u00e4den zerst\u00f6rt werden, was katastrophale innere Zellsch\u00e4den verursacht, anstatt sie nur zu verbrennen oder abzuschneiden, was leicht repariert werden kann. Diese DNA-Sch\u00e4den sind irreversibel. Weitere Informationen zur Maximierung der Effizienz finden Sie weiter unten.<\/p>\n<p>Ein weiterer erheblicher Vorteil ist die M\u00f6glichkeit, es im Aquarium zu verwenden, wodurch bessere Angriffswinkel im Vergleich zu den begrenzten \u201esicheren\u201c Winkeln erm\u00f6glicht werden, die mit Lasern verbunden sind.<\/p>\n<p>Das <strong>Reef Delete<\/strong> verf\u00fcgt \u00fcber hochwertige, ma\u00dfgeschneiderte Optiken mit ultra-schmalem Strahl und eine \u00e4u\u00dfere Linse aus Quarzsand \u2013 beide in UV-C-Qualit\u00e4t f\u00fcr optimale \u00dcbertragung. Das Ganze ist in einem tauchsicheren CNC-Aluminiumgeh\u00e4use mit Schutzklasse IP68 untergebracht. Die spezielle Optik erm\u00f6glicht es <strong>Reef Delete<\/strong>, tief in die Zielorganismen einzudringen.<\/p>\n<p>Zur Gew\u00e4hrleistung der Sicherheit gibt es eine integrierte Funktion, die eine versehentliche Aktivierung au\u00dferhalb des Aquariums verhindert und sowohl Benutzer als auch neugierige kleine H\u00e4nde sch\u00fctzt. <strong>Reef Delete<\/strong> kann au\u00dferhalb des Wassers nicht aktiviert werden und schaltet sich automatisch ab, wenn es entfernt wird, w\u00e4hrend der Netzschalter gedr\u00fcckt ist.<\/p>\n<p><strong>Reef Delete<\/strong> ist wirksam gegen alle Arten von Sch\u00e4dlingen, einschlie\u00dflich Aiptasia, Mojano, invasive Xenia, Zoanthiden, Cyanobakterien, Algen, Plattw\u00fcrmer und viele weitere Weichk\u00f6rperorganismen, die in einem Riffaquarium l\u00e4stig werden k\u00f6nnen. Es kann auch Oberfl\u00e4chen im Aquarium sterilisieren.<\/p>\n<p>Betrachten Sie <strong>Reef Delete<\/strong> als Ihr ultimatives Ausbesserungswerkzeug zur Beseitigung von Sch\u00e4dlingen, zur Behandlung von Korallenkrankheiten oder zur Reinigung von Bereichen mit l\u00e4stigen Algen oder Bakterien. Es ist perfekt f\u00fcr die Vorbereitung neuer Frag Plugs und die Reinigung von Korallenbasen. Dies ist wirklich ein Werkzeug f\u00fcrs Leben.<\/p>\n<h2>Wie funktioniert Reef Delete?<\/h2>\n<p><strong>Reef Delete<\/strong> verwendet patentierte Technologie in Kombination mit einer ma\u00dfgeschneiderten ultrafokussierten UV-C-Lichtquelle der Klasse 3, um die DNA in Aquariensch\u00e4dlingen effektiv zu zerst\u00f6ren. Dieser Prozess f\u00fchrt zu ihrer Abschaltung und ihrem nat\u00fcrlichen Zerfall ohne die M\u00f6glichkeit einer R\u00fcckkehr. Alles, was erforderlich ist, ist eine einzige lange oder kurze t\u00e4gliche Exposition, um den Zellen der Zielorganismen schweren Schaden zuzuf\u00fcgen, und das alles ohne den Einsatz von Chemikalien oder die Sch\u00e4digung anderer Aquarienbewohner.<\/p>\n<p>Im Gegensatz zu chemischen Behandlungen k\u00f6nnen Sie <strong>Reef Delete<\/strong> einem Zielexemplar nicht \u00fcberdosieren. Je l\u00e4nger die Exposition ist, desto schneller zerf\u00e4llt der Organismus und Sie k\u00f6nnen so viele behandeln, wie Sie m\u00f6chten, ohne sich Sorgen \u00fcber eine St\u00f6rung der Wasserchemie machen zu m\u00fcssen!<\/p>\n<figure>\n<img decoding=\"async\" src=\"https:\/\/www.reefdelete.com\/media\/wysiwyg\/4_1_.jpg\" alt=\"Reef Delete Image 1\" \/><br \/>\n<\/figure>\n<figure>\n<img decoding=\"async\" src=\"https:\/\/www.reefdelete.com\/media\/wysiwyg\/5_1_.jpg\" alt=\"Reef Delete Image 2\" \/><br \/>\n<\/figure>\n<p>Um sicherzustellen, dass <strong>Reef Delete<\/strong> sicher und effektiv ist, enth\u00e4lt es mehrere integrierte Sicherheitsfunktionen, die eine versehentliche Aktivierung au\u00dferhalb des Aquariums verhindern und so die Benutzer vor unbeabsichtigter UV-C-Exposition sch\u00fctzen. <strong>Reef Delete<\/strong> kann bestimmungsgem\u00e4\u00df nur unter Wasser verwendet werden. Das Ger\u00e4t ist mit verschiedenen Sicherheitsmechanismen ausgestattet, die ein unbeabsichtigtes Einschalten verhindern und eine Deaktivierung gew\u00e4hrleisten, wenn das Ger\u00e4t bei gedr\u00fccktem Einschaltknopf aus dem Wasser genommen wird.<\/p>\n","protected":false},"excerpt":{"rendered":"<p>Reef Delete v1.02 is 1.7x stronger then the pervious version and is the ultimate touch up pen, to get rid of a pest, coral disease or to cleanse an area of nuisance algae or bacteria<\/p>\n","protected":false},"featured_media":84020,"template":"","meta":[],"pwb-brand":[2305],"product_cat":[1488,1439],"product_tag":[],"class_list":{"0":"post-85487","1":"product","2":"type-product","3":"status-publish","4":"has-post-thumbnail","6":"pwb-brand-itc-reefculture","7":"product_cat-pflege","8":"product_cat-uvc-lampe-de","10":"first","11":"instock","12":"sale","13":"taxable","14":"shipping-taxable","15":"purchasable","16":"product-type-simple"},"acf":[],"brands":[{"id":2305,"name":"ITC Reefculture","slug":"itc-reefculture"}],"_links":{"self":[{"href":"https:\/\/www.seaflowerstore.com\/de\/wp-json\/wp\/v2\/product\/85487","targetHints":{"allow":["GET"]}}],"collection":[{"href":"https:\/\/www.seaflowerstore.com\/de\/wp-json\/wp\/v2\/product"}],"about":[{"href":"https:\/\/www.seaflowerstore.com\/de\/wp-json\/wp\/v2\/types\/product"}],"wp:featuredmedia":[{"embeddable":true,"href":"https:\/\/www.seaflowerstore.com\/de\/wp-json\/wp\/v2\/media\/84020"}],"wp:attachment":[{"href":"https:\/\/www.seaflowerstore.com\/de\/wp-json\/wp\/v2\/media?parent=85487"}],"wp:term":[{"taxonomy":"pwb-brand","embeddable":true,"href":"https:\/\/www.seaflowerstore.com\/de\/wp-json\/wp\/v2\/pwb-brand?post=85487"},{"taxonomy":"product_cat","embeddable":true,"href":"https:\/\/www.seaflowerstore.com\/de\/wp-json\/wp\/v2\/product_cat?post=85487"},{"taxonomy":"product_tag","embeddable":true,"href":"https:\/\/www.seaflowerstore.com\/de\/wp-json\/wp\/v2\/product_tag?post=85487"}],"curies":[{"name":"wp","href":"https:\/\/api.w.org\/{rel}","templated":true}]}}