{"id":85488,"date":"2022-01-06T14:56:55","date_gmt":"2022-01-06T13:06:17","guid":{"rendered":"https:\/\/www.seaflowerstore.com\/nl\/maxspect-nano-tech-clear-cube-8-pcs\/"},"modified":"2024-03-19T15:51:11","modified_gmt":"2024-03-19T14:51:11","slug":"maxspect-nano-tech-clear-cube-8-pcs","status":"publish","type":"product","link":"https:\/\/www.seaflowerstore.com\/de\/maxspect-nano-tech-clear-cube-8-pcs\/","title":{"rendered":"Maxspect Nano Tech Clear Cube 8 pcs."},"content":{"rendered":"<h2>Maxspect Nano Tech Clear Cube 8 pcs Breaks down dissolved organic matter (DOM), removing the yellow color in an aquarium<\/h2>\n<h3 id=\"clearcubecompare\">Kl\u00e4rt Aquarienwasser ohne Schmutz<\/h3>\n<p>Der Maxspect Nano-Tech Clear Cube ist ein einzigartiger Stein auf Turmalinbasis, der dazu entwickelt wurde, gel\u00f6ste organische Stoffe (DOM) im Aquarienwasser abzubauen. Dies wird durch die Aufl\u00f6sung und Dissoziation von Wasser erreicht, wodurch Ihr Aquarienwasser im Vergleich zu herk\u00f6mmlicher k\u00f6rniger Aktivkohle l\u00e4nger klar bleibt.<\/p>\n<h3>Funktionen<\/h3>\n<ul>\n<li><strong>Zerlegt gel\u00f6ste organische Stoffe (DOM)<\/strong> und entfernt effektiv die gelbe Farbe in Ihrem Aquarium.<\/li>\n<li><strong>Lang anhaltende Wirkung<\/strong>, die sicherstellt, dass Ihr Wasser \u00fcber einen l\u00e4ngeren Zeitraum kristallklar bleibt.<\/li>\n<li>Hilft bei der Bek\u00e4mpfung von <strong>Cyanobakterien<\/strong> und anderen l\u00e4stigen Bakterien und Pilzen in Ihrem Aquarium.<\/li>\n<\/ul>\n<p id=\"nanotechcubewords1\" class=\"pr-subtitle mar-top\">8 St\u00fcck f\u00fcr S\u00fc\u00df- und Meerwasseraquarien. Behandelt bis zu 400 l \/ 100 Gal.<\/p>\n<div id=\"clearcubeimg21out\">\n<p>Der Nano-Tech Clear Cube ist eine turmalinbasierte L\u00f6sung, die au\u00dfergew\u00f6hnliche Wasserkl\u00e4rungsf\u00e4higkeiten bietet. Durch Aufl\u00f6sen und Dissoziieren von Wasser baut er DOM ab und h\u00e4lt Ihr Aquarienwasser f\u00fcr eine betr\u00e4chtliche Dauer klar.<\/p>\n<\/div>\n<div id=\"clearcubeimg22out\">\n<img decoding=\"async\" id=\"clearcubeimg22\" src=\"https:\/\/www.maxspect.com\/images\/Maxspectnew\/clearcube\/ccpic3.png\" \/><\/p>\n<p>Der Clear Cube fungiert nicht als Absorptionsmittel wie k\u00f6rnige Aktivkohle; Stattdessen kl\u00e4rt es das Wasser, indem es gel\u00f6ste organische Stoffe (DOM) abbaut und den gelblichen Farbton aus der Wassers\u00e4ule entfernt.<\/p>\n<p>Da der Clear Cube kein Absorptionsmittel ist, das schnell s\u00e4ttigt, bietet er eine lang anhaltende Wirkung und tr\u00e4gt dazu bei, das Aquarienwasser l\u00e4nger kristallklar zu halten.<\/p>\n<\/div>\n<div id=\"clearcubeimg21out\">\n<h3 id=\"clearcubecomparetitle\"><i>Produktinformationen<\/i><\/h3>\n<p>1. Erh\u00f6ht die F\u00e4higkeit, Wasser aufzul\u00f6sen. Der Turmalin erzeugt elektrische Ladungen, die die Gesamtreaktion verst\u00e4rken:<\/p>\n<p>6(H<sub class=\"cubexiabiao\">2<\/sub>O) + O<sub class=\"cubexiabiao\">2<\/sub> + DOM \u2192 8(H<sup class=\"cubeshangbiao\">+<\/sup>) + 4(OH<sup class=\"cubeshangbiao\">&#8211;<\/sup>) + 4(O<sup class=\"cubeshangbiao\">2-<\/sup>) + DOM \u2192 4(H<sub class=\"cubexiabiao\">2<\/sub>O) + 4(OH<sup class=\"cubeshangbiao\">&#8211;<\/sup>) + DOM<\/p>\n<p>Der erste Pfeil veranschaulicht die nat\u00fcrliche Dissoziation von Wasser, w\u00e4hrend der zweite die Wirkung \u00fcbersch\u00fcssiger elektrischer Ladungen zeigt, die vom Turmalin erzeugt werden und die dem DOM helfen, sich an das OH<sup class=\"cubeshangbiao\">&#8211;<\/sup> zu binden. Ionen, wodurch das Gleichgewicht nach rechts verschoben wird.<\/p>\n<p>2. Einfache Dissoziation von Wasser. Die vom Turmalin erzeugten elektrischen Ladungen tragen zu dieser Reaktion bei:<\/p>\n<p>3(H<sub class=\"cubexiabiao\">2<\/sub>O) + DOM \u2192 2(H<sub class=\"cubexiabiao\">2<\/sub>O) + (H<sup class=\"cubeshangbiao\">+<\/sup>) + (OH<sup class=\"cubeshangbiao\">&#8211;<\/sup>) + DOM \u2192 (H<sub class=\"cubexiabiao\">3<\/sub>O<sup class=\"cubeshangbiao\">+<\/sup>) + DOM + (H<sub class=\"cubexiabiao\">3<\/sub>O<sub class=\"cubexiabiao\">2<\/sub><sup class=\"cubeshangbiao\">&#8211;<\/sup>) \u2192 (H<sub class=\"cubexiabiao\">3<\/sub>O<sup class=\"cubeshangbiao\">+<\/sup> + DOM) + (H<sub class=\"cubexiabiao\">3<\/sub>O<sub class=\"cubexiabiao\">2<\/sub><sup class=\"cubeshangbiao\">&#8211;<\/sup> +DOM)<\/p>\n<p><img decoding=\"async\" src=\"https:\/\/www.maxspect.com\/images\/Maxspectnew\/clearcube\/ccpic4.png\" \/>\n<\/div>\n<div id=\"clearcubeimg22out\">\n<p>Der erste Pfeil zeigt die nat\u00fcrliche Dissoziation von Wasser an, w\u00e4hrend der zweite die Wirkung \u00fcbersch\u00fcssiger elektrischer Ladungen zeigt, die vom Turmalin erzeugt werden und die Ionen H<sub class=\"cubexiabiao\">3<\/sub>O<sup class=\"cubeshangbiao\">+<\/sup> und H<sub class=\"cubexiabiao\">3<\/sub>O<sub class=\"cubexiabiao\">2<\/sub><sup class=\"cubeshangbiao\">&#8211;<\/sup> in Richtung Bindung mit DOM dr\u00e4ngen, wodurch das Gleichgewicht st\u00e4ndig verschoben wird.<\/p>\n<p>3. Direkte elektrostatische Wirkung. DOM wird je nach seiner Beschaffenheit durch elektrostatische Kr\u00e4fte beeinflusst. Die elektrischen Ladungen des Turmalins \u00fcbersteigen diese Kr\u00e4fte wahrscheinlich, wodurch das DOM seine strukturelle Integrit\u00e4t verliert und zerf\u00e4llt.<\/p>\n<p>4. Sehr energiearme Aktivit\u00e4ten. Die schwache Energie, die vom Turmalin (4+14 \u03bcm) abgegeben wird, kann Wassercluster zersetzen. Normales Wasser besteht aus Clustern von 36-38 Molek\u00fclen, w\u00e4hrend durch Turmalin aufbereitetes Wasser nur 3-6 Molek\u00fcle enth\u00e4lt. Dieser Prozess erm\u00f6glicht die Freisetzung von in Clustern eingeschlossenen Gasen und Schwermetallen, wodurch das Wasser erheblich gereinigt wird.<\/p>\n<p>5. Antimykotische und antibakterielle Eigenschaften. Der Turmalingehalt bietet in Kombination mit der Wasserionisierung antimykotische und antibakterielle Vorteile.<\/p>\n<\/div>\n","protected":false},"excerpt":{"rendered":"<p>Maxspect Nano Tech Clear Cube 8 pcs Breaks down dissolved organic matter (DOM), removing the yellow color in an aquarium<\/p>\n","protected":false},"featured_media":84011,"template":"","meta":[],"pwb-brand":[2203],"product_cat":[1453],"product_tag":[],"class_list":{"0":"post-85488","1":"product","2":"type-product","3":"status-publish","4":"has-post-thumbnail","6":"pwb-brand-maxspect","7":"product_cat-nitrat-und-phosphatentferner","9":"first","10":"instock","11":"sale","12":"taxable","13":"shipping-taxable","14":"purchasable","15":"product-type-simple"},"acf":[],"brands":[{"id":2203,"name":"Maxspect","slug":"maxspect"}],"_links":{"self":[{"href":"https:\/\/www.seaflowerstore.com\/de\/wp-json\/wp\/v2\/product\/85488","targetHints":{"allow":["GET"]}}],"collection":[{"href":"https:\/\/www.seaflowerstore.com\/de\/wp-json\/wp\/v2\/product"}],"about":[{"href":"https:\/\/www.seaflowerstore.com\/de\/wp-json\/wp\/v2\/types\/product"}],"wp:featuredmedia":[{"embeddable":true,"href":"https:\/\/www.seaflowerstore.com\/de\/wp-json\/wp\/v2\/media\/84011"}],"wp:attachment":[{"href":"https:\/\/www.seaflowerstore.com\/de\/wp-json\/wp\/v2\/media?parent=85488"}],"wp:term":[{"taxonomy":"pwb-brand","embeddable":true,"href":"https:\/\/www.seaflowerstore.com\/de\/wp-json\/wp\/v2\/pwb-brand?post=85488"},{"taxonomy":"product_cat","embeddable":true,"href":"https:\/\/www.seaflowerstore.com\/de\/wp-json\/wp\/v2\/product_cat?post=85488"},{"taxonomy":"product_tag","embeddable":true,"href":"https:\/\/www.seaflowerstore.com\/de\/wp-json\/wp\/v2\/product_tag?post=85488"}],"curies":[{"name":"wp","href":"https:\/\/api.w.org\/{rel}","templated":true}]}}