{"id":85489,"date":"2022-01-06T14:00:20","date_gmt":"2022-01-06T12:10:25","guid":{"rendered":"https:\/\/www.seaflowerstore.com\/nl\/maxspect-nano-tech-anaerobic-block\/"},"modified":"2024-03-19T15:51:05","modified_gmt":"2024-03-19T14:51:05","slug":"maxspect-nano-tech-anaerobic-block","status":"publish","type":"product","link":"https:\/\/www.seaflowerstore.com\/de\/maxspect-nano-tech-anaerobic-block\/","title":{"rendered":"Maxspect Nano Tech Anaerobic Block"},"content":{"rendered":"<h2>Maxspect Nano Tech Anaerobic Block Efficiently removes nitrate from your aquarium<\/h2>\n<ul>\n<li><strong>Entfernt effizient Nitrat<\/strong> aus Ihrem Aquarium.<\/li>\n<li>Propriet\u00e4re Technologie, die speziell daf\u00fcr entwickelt wurde, das Wachstum anaerober Bakterien zu stimulieren.<\/li>\n<li>Anaerobe Bakterien schlie\u00dfen den Nitrifikationszyklus ab, zerlegen Nitrat in Stickstoffgas und entfernen N\u00e4hrstoffe aus dem Aquarium.<\/li>\n<\/ul>\n<p id=\"nanotechcubewords1\" class=\"pr-subtitle mar-top\">Dieses Produkt ist sowohl f\u00fcr S\u00fc\u00dfwasser- als auch f\u00fcr Meerwasseraquarien geeignet. Zwei Bl\u00f6cke k\u00f6nnen bis zu 1.000 l \/ 264 Gal behandeln.<\/p>\n<p id=\"Anaerobicpic2words\">Sie k\u00f6nnen die Bl\u00f6cke direkt in Ihrem Sumpf verwenden. Es wird empfohlen, zwei anaerobe Bl\u00f6cke horizontal zu stapeln und einen Denitrifikationskatalysator dazwischen zu platzieren. Wie oben dargestellt, wird der Denitrifikationskatalysator langsam aufgebraucht und sollte alle zwei Monate ausgetauscht werden.<\/p>\n<p id=\"Anaerobicpic2words\">Die Nanokeramikperlen in den Anaerobic Blocks werden speziell mit einer propriet\u00e4ren Technologie behandelt, um anaerobe heterotrophe Bakterien zu etablieren, die in anoxischen Umgebungen gedeihen.<\/p>\n<div id=\"noscale\">\n<p>Die Denitrifikation wird immer beliebter, um Stickstoff aus Abwasser, kommunalem, industriellem und landwirtschaftlichem Abwasser zu entfernen und so die Umweltverschmutzung zu bek\u00e4mpfen. Verschiedene Denitrifikationsreaktoren und -methoden entfernen heute effektiv Nitrat aus landwirtschaftlichen Abw\u00e4ssern und D\u00fcngemitteln. Die Anaerobic Blocks integrieren diese Technologie in ein kompaktes Paket, das perfekt in Ihren Sumpf passt. Der Anaerobic Block <strong>sollte alle sechs Monate gereinigt oder ausgetauscht werden<\/strong>, um <strong>optimale Ergebnisse<\/strong> zu erzielen. Wenn Sie jedoch alte Anaerobic Blocks reinigen oder austauschen, ersetzen Sie sie bitte nicht alle gleichzeitig. Am besten reinigen oder ersetzen Sie die H\u00e4lfte der anaeroben Bl\u00f6cke, um sicherzustellen, dass gen\u00fcgend Bakterienkolonien \u00fcbrig bleiben, um sich in den neu gereinigten oder ersetzten Bl\u00f6cken wieder anzusiedeln.<\/p>\n<\/div>\n<div id=\"noscale\" class=\"gallery-item\">\n<div class=\"grid-item-holder\">\n<table>\n<tbody>\n<tr>\n<td id=\"anaerobicformfont\" valign=\"middle\">Abmessungen<\/td>\n<td id=\"anaerobicformfont\" colspan=\"2\" valign=\"middle\">Oberfl\u00e4che pro Block<\/td>\n<\/tr>\n<tr>\n<td id=\"anaerobicformfont\" valign=\"middle\">97\u00d797\u00d725mm (3\u00be&#8220;\u00d73\u00be&#8220;\u00d71&#8243;)<\/td>\n<td id=\"anaerobicformfont\" valign=\"middle\">1025 m\u00b2<\/td>\n<td id=\"anaerobicformfont\" valign=\"middle\">11033 ft\u00b2<\/td>\n<\/tr>\n<\/tbody>\n<\/table>\n<\/div>\n<\/div>\n","protected":false},"excerpt":{"rendered":"<p>Maxspect Nano Tech Anaerobic Block Efficiently removes nitrate from your aquarium<\/p>\n","protected":false},"featured_media":84008,"template":"","meta":[],"pwb-brand":[2203],"product_cat":[1453,1386],"product_tag":[],"class_list":{"0":"post-85489","1":"product","2":"type-product","3":"status-publish","4":"has-post-thumbnail","6":"pwb-brand-maxspect","7":"product_cat-nitrat-und-phosphatentferner","8":"product_cat-steine","10":"first","11":"outofstock","12":"taxable","13":"shipping-taxable","14":"purchasable","15":"product-type-simple"},"acf":[],"brands":[{"id":2203,"name":"Maxspect","slug":"maxspect"}],"_links":{"self":[{"href":"https:\/\/www.seaflowerstore.com\/de\/wp-json\/wp\/v2\/product\/85489","targetHints":{"allow":["GET"]}}],"collection":[{"href":"https:\/\/www.seaflowerstore.com\/de\/wp-json\/wp\/v2\/product"}],"about":[{"href":"https:\/\/www.seaflowerstore.com\/de\/wp-json\/wp\/v2\/types\/product"}],"wp:featuredmedia":[{"embeddable":true,"href":"https:\/\/www.seaflowerstore.com\/de\/wp-json\/wp\/v2\/media\/84008"}],"wp:attachment":[{"href":"https:\/\/www.seaflowerstore.com\/de\/wp-json\/wp\/v2\/media?parent=85489"}],"wp:term":[{"taxonomy":"pwb-brand","embeddable":true,"href":"https:\/\/www.seaflowerstore.com\/de\/wp-json\/wp\/v2\/pwb-brand?post=85489"},{"taxonomy":"product_cat","embeddable":true,"href":"https:\/\/www.seaflowerstore.com\/de\/wp-json\/wp\/v2\/product_cat?post=85489"},{"taxonomy":"product_tag","embeddable":true,"href":"https:\/\/www.seaflowerstore.com\/de\/wp-json\/wp\/v2\/product_tag?post=85489"}],"curies":[{"name":"wp","href":"https:\/\/api.w.org\/{rel}","templated":true}]}}