{"id":85490,"date":"2022-01-06T12:37:11","date_gmt":"2022-01-06T11:37:11","guid":{"rendered":"https:\/\/www.seaflowerstore.com\/nl\/fauna-marin-ready2reef\/"},"modified":"2024-03-19T15:50:57","modified_gmt":"2024-03-19T14:50:57","slug":"fauna-marin-ready2reef","status":"publish","type":"product","link":"https:\/\/www.seaflowerstore.com\/de\/fauna-marin-ready2reef\/","title":{"rendered":"Fauna Marin Ready2Reef"},"content":{"rendered":"<h2>Fauna Marin Ready2Reef is a complete system for the successful start and basic maintenance of marine aquariums<\/h2>\n<p>READY2REEF versorgt Ihr Riffaquarium mit lebenswichtigen Elementen wie Kalzium, Magnesium, Karbonath\u00e4rte und allen wichtigen Mikro- und Spurenelementen. Diese hochkonzentrierte L\u00f6sung ist speziell f\u00fcr den optimalen Start und die laufende Pflege gemischt besetzter Riffaquarien konzipiert. Sie k\u00f6nnen es manuell dosieren oder der Einfachheit halber eine Dosierpumpe verwenden.<\/p>\n<h4>Dosierung:<\/h4>\n<ul>\n<li>5 ml Ready2Reef pro 100 Liter Aquarienwasser t\u00e4glich.<\/li>\n<\/ul>\n<h4>Zus\u00e4tzliche Dosierung:<\/h4>\n<ul>\n<li>Erh\u00f6hen Sie die Dosierung einmal w\u00f6chentlich um 2,5 ml\/100 Liter pro Tag.<\/li>\n<li>Passen Sie die Dosierung weiter an, bis Sie eine Karbonath\u00e4rte von 7,0 &#8211; 8,0 \u00b0dKH erreichen.<\/li>\n<\/ul>\n<h4>Dosierungsanleitung:<\/h4>\n<ul>\n<li>Maximale Dosierung: 25 ml pro 100 Liter pro Tag.<\/li>\n<\/ul>\n<h4>Zutaten:<\/h4>\n<ul>\n<li>Organische Calcium- und Magnesiumsalze<\/li>\n<li>Spurenelement Mischung<\/li>\n<li>Organische S\u00e4uren<\/li>\n<\/ul>\n","protected":false},"excerpt":{"rendered":"<p>Fauna Marin Ready2Reef is a complete system for the successful start and basic maintenance of marine aquariums<\/p>\n","protected":false},"featured_media":84004,"template":"","meta":[],"pwb-brand":[2177],"product_cat":[1391,1437,515,741],"product_tag":[],"class_list":{"0":"post-85490","1":"product","2":"type-product","3":"status-publish","4":"has-post-thumbnail","6":"pwb-brand-fauna-marin","7":"product_cat-ergaenzungen","8":"product_cat-fauna-marin-de","9":"product_cat-additives","10":"product_cat-brands","11":"pa_inhoud-1000-ml-de","12":"pa_inhoud-250-ml-de","13":"pa_inhoud-500-ml-de","15":"first","16":"instock","17":"taxable","18":"shipping-taxable","19":"product-type-variable"},"acf":[],"brands":[{"id":2177,"name":"Fauna Marin","slug":"fauna-marin"}],"_links":{"self":[{"href":"https:\/\/www.seaflowerstore.com\/de\/wp-json\/wp\/v2\/product\/85490","targetHints":{"allow":["GET"]}}],"collection":[{"href":"https:\/\/www.seaflowerstore.com\/de\/wp-json\/wp\/v2\/product"}],"about":[{"href":"https:\/\/www.seaflowerstore.com\/de\/wp-json\/wp\/v2\/types\/product"}],"wp:featuredmedia":[{"embeddable":true,"href":"https:\/\/www.seaflowerstore.com\/de\/wp-json\/wp\/v2\/media\/84004"}],"wp:attachment":[{"href":"https:\/\/www.seaflowerstore.com\/de\/wp-json\/wp\/v2\/media?parent=85490"}],"wp:term":[{"taxonomy":"pwb-brand","embeddable":true,"href":"https:\/\/www.seaflowerstore.com\/de\/wp-json\/wp\/v2\/pwb-brand?post=85490"},{"taxonomy":"product_cat","embeddable":true,"href":"https:\/\/www.seaflowerstore.com\/de\/wp-json\/wp\/v2\/product_cat?post=85490"},{"taxonomy":"product_tag","embeddable":true,"href":"https:\/\/www.seaflowerstore.com\/de\/wp-json\/wp\/v2\/product_tag?post=85490"}],"curies":[{"name":"wp","href":"https:\/\/api.w.org\/{rel}","templated":true}]}}