{"id":85496,"date":"2021-12-28T13:08:24","date_gmt":"2021-12-28T12:08:24","guid":{"rendered":"https:\/\/www.seaflowerstore.com\/nl\/aquamedic-reefdoser-evo-3\/"},"modified":"2024-03-19T15:50:48","modified_gmt":"2024-03-19T14:50:48","slug":"aquamedic-reefdoser-evo-3","status":"publish","type":"product","link":"https:\/\/www.seaflowerstore.com\/de\/aquamedic-reefdoser-evo-3\/","title":{"rendered":"Aquamedic Reefdoser EVO 3"},"content":{"rendered":"<h2>Aquamedic Reefdoser EVO 3<\/h2>\n<div class=\"view360\"><\/div>\n<p>Wir stellen die Aqua Medic <strong>reefdoser EVO Serie 1, 3 und 5<\/strong> vor. Jede integrierte Dosierpumpe kann einzeln gesteuert werden, was sowohl manuelles als auch automatisches Dosieren erm\u00f6glicht. Sie k\u00f6nnen jeden Kanal problemlos separat kalibrieren. Die \u00fcber die App erreichbare Intervallsteuerung bietet vielf\u00e4ltige Einstellungsm\u00f6glichkeiten von sek\u00fcndlich bis t\u00e4glich.<\/p>\n<p><img loading=\"lazy\" decoding=\"async\" src=\"https:\/\/www.aqua-medic.de\/downloads\/onlinepicture\/App_picture_REEFDOSERevo.png\" alt=\"\" width=\"587\" height=\"306\" \/><\/p>\n<p>Um Ihr Erlebnis zu verbessern, k\u00f6nnen Sie die App von folgenden Plattformen herunterladen:<\/p>\n<p><a href=\"https:\/\/apps.apple.com\/de\/app\/aqua-medic\/id1540718954\" target=\"_blank\" rel=\"noopener nofollow\"><br \/>\n<img loading=\"lazy\" decoding=\"async\" src=\"https:\/\/www.aqua-medic.de\/downloads\/onlinepicture\/Downloadbutton_grau_100px.png\" alt=\"\" width=\"100\" height=\"28\" \/><br \/>\n<\/a><br \/>\n<a href=\"https:\/\/play.google.com\/store\/apps\/details?id=com.jebao.AquaMedic\" target=\"_blank\" rel=\"noopener nofollow\"><br \/>\n<img loading=\"lazy\" decoding=\"async\" src=\"https:\/\/www.aqua-medic.de\/downloads\/onlinepicture\/Downloadbutton_grau_100px.png\" alt=\"\" width=\"100\" height=\"28\" \/><br \/>\n<\/a><\/p>\n<p>Hier sind einige wichtige Funktionen der reefdoser EVO-Serie:<\/p>\n<ul>\n<li><strong>App-Steuerung<\/strong> erm\u00f6glicht eine Vielzahl von Dosierszenarien<\/li>\n<li>Flexible Installationsoptionen mit Wandhalterung oder St\u00e4nder<\/li>\n<li>Aktive Signal-LED zeigt an, wenn die Pumpe in Betrieb ist<\/li>\n<li>Bedienfeld mit Ber\u00fchrungssensoren ausgestattet<\/li>\n<li>M\u00f6glichkeit, zus\u00e4tzliche reefdoser EVO 1, 3 oder 5 Einheiten \u00fcber die App zu integrieren<\/li>\n<\/ul>\n<p>Einige praktische Anwendungen Beispiele hierf\u00fcr sind:<\/p>\n<ul>\n<li>Regelm\u00e4\u00dfige Dosierung von Fl\u00fcssigkeiten wie Spurenelementen und D\u00fcngemitteln<\/li>\n<li>Zugabe von Calcium und Hydrogencarbonat in Korallenriffaquarien<\/li>\n<li>Einarbeitung von Kalkwasser<\/li>\n<li>Automatisierte F\u00fctterung mit lebendem Plankton<\/li>\n<\/ul>\n<p>Von den Abmessungen her misst der <strong>reefdoser EVO 3<\/strong> ca. 197 x 105 x 127 mm (L\u00e4nge x Breite x H\u00f6he).<\/p>\n<p><strong>Technische Daten zur Stromversorgung:<\/strong><\/p>\n<p>Eingang: 100 &#8211; 240 V AC \/ 50 &#8211; 60 Hz<\/p>\n<p>Ausgang: 12 V DC<\/p>\n","protected":false},"excerpt":{"rendered":"<p>Aquamedic Reefdoser EVO 3 channel dosingpump<\/p>\n","protected":false},"featured_media":83995,"template":"","meta":[],"pwb-brand":[2149],"product_cat":[1406,1421],"product_tag":[],"class_list":{"0":"post-85496","1":"product","2":"type-product","3":"status-publish","4":"has-post-thumbnail","6":"pwb-brand-aqua-medic","7":"product_cat-dosierpumpen","8":"product_cat-aqua-medic-de","10":"first","11":"instock","12":"taxable","13":"shipping-taxable","14":"purchasable","15":"product-type-simple"},"acf":[],"brands":[{"id":2149,"name":"Aqua Medic","slug":"aqua-medic"}],"_links":{"self":[{"href":"https:\/\/www.seaflowerstore.com\/de\/wp-json\/wp\/v2\/product\/85496","targetHints":{"allow":["GET"]}}],"collection":[{"href":"https:\/\/www.seaflowerstore.com\/de\/wp-json\/wp\/v2\/product"}],"about":[{"href":"https:\/\/www.seaflowerstore.com\/de\/wp-json\/wp\/v2\/types\/product"}],"wp:featuredmedia":[{"embeddable":true,"href":"https:\/\/www.seaflowerstore.com\/de\/wp-json\/wp\/v2\/media\/83995"}],"wp:attachment":[{"href":"https:\/\/www.seaflowerstore.com\/de\/wp-json\/wp\/v2\/media?parent=85496"}],"wp:term":[{"taxonomy":"pwb-brand","embeddable":true,"href":"https:\/\/www.seaflowerstore.com\/de\/wp-json\/wp\/v2\/pwb-brand?post=85496"},{"taxonomy":"product_cat","embeddable":true,"href":"https:\/\/www.seaflowerstore.com\/de\/wp-json\/wp\/v2\/product_cat?post=85496"},{"taxonomy":"product_tag","embeddable":true,"href":"https:\/\/www.seaflowerstore.com\/de\/wp-json\/wp\/v2\/product_tag?post=85496"}],"curies":[{"name":"wp","href":"https:\/\/api.w.org\/{rel}","templated":true}]}}